{"id":4600,"date":"2022-02-07T12:49:14","date_gmt":"2022-02-07T12:49:14","guid":{"rendered":"https:\/\/www.stimezo-zwolle.nl\/bedankt-anamnese\/"},"modified":"2022-05-18T12:08:23","modified_gmt":"2022-05-18T12:08:23","slug":"tesekkur-ederim-anamnez","status":"publish","type":"page","link":"https:\/\/www.stimezo-zwolle.nl\/tr\/tesekkur-ederim-anamnez\/","title":{"rendered":"Te\u015fekk\u00fcr ederim Anamnez"},"content":{"rendered":"<!--themify_builder_content-->\n<div id=\"themify_builder_content-4600\" data-postid=\"4600\" class=\"themify_builder_content themify_builder_content-4600 themify_builder tf_clear\">\n                    <div  data-css_id=\"zwqq499\" data-lazy=\"1\" class=\"module_row themify_builder_row fullheight fullwidth_row_container tb_zwqq499 tb_first tf_w\">\n                        <div class=\"row_inner col_align_top tb_col_count_1 tf_box tf_rel\">\n                        <div  data-lazy=\"1\" class=\"module_column tb-column col-full tb_r4zk500 first\">\n                    <!-- module text -->\n<div  class=\"module module-text tb_5ib3500   \" data-lazy=\"1\">\n        <div  class=\"tb_text_wrap\">\n        <h1>Anamnez formunu doldurdu\u011funuz i\u00e7in te\u015fekk\u00fcr ederiz<\/h1>\n<p>&nbsp;<\/p>\n<p>&nbsp;<\/p>\n    <\/div>\n<\/div>\n<!-- \/module text --><!-- module buttons -->\n<div  class=\"module module-buttons tb_56s7500 buttons-horizontal solid \" data-lazy=\"1\">\n        <div class=\"module-buttons-item tf_in_flx\">\n                        <a href=\"https:\/\/www.stimezo-zwolle.nl\/tr\/\" class=\"ui builder_button tf_in_flx blue\" >\n                                                Ana                                        <\/a>\n                <\/div>\n            <\/div>\n<!-- \/module buttons -->\n        <\/div>\n                        <\/div>\n        <\/div>\n                        <div  data-css_id=\"3b4t499\" data-lazy=\"1\" class=\"module_row themify_builder_row fullwidth_row_container tb_3b4t499 tf_w\">\n                        <div class=\"row_inner col_align_top tb_col_count_1 tf_box tf_rel\">\n                        <div  data-lazy=\"1\" class=\"module_column tb-column col-full tb_i555501 first\">\n                            <\/div>\n                        <\/div>\n        <\/div>\n        <\/div>\n<!--\/themify_builder_content-->","protected":false},"excerpt":{"rendered":"<p>Anamnez formunu doldurdu\u011funuz i\u00e7in te\u015fekk\u00fcr ederiz &nbsp; &nbsp; Ana<\/p>\n","protected":false},"author":1,"featured_media":0,"parent":0,"menu_order":0,"comment_status":"closed","ping_status":"closed","template":"","meta":{"inline_featured_image":false,"footnotes":""},"class_list":["post-4600","page","type-page","status-publish","hentry","has-post-title","has-post-date","has-post-category","has-post-tag","has-post-comment","has-post-author",""],"yoast_head":"<!-- This site is optimized with the Yoast SEO plugin v27.5 - https:\/\/yoast.com\/product\/yoast-seo-wordpress\/ -->\n<title>Te\u015fekk\u00fcr ederim Anamnez - Abortuskliniek Stimezo Zwolle<\/title>\n<meta name=\"robots\" content=\"index, follow, max-snippet:-1, max-image-preview:large, max-video-preview:-1\" \/>\n<link rel=\"canonical\" href=\"https:\/\/www.stimezo-zwolle.nl\/tr\/tesekkur-ederim-anamnez\/\" \/>\n<meta property=\"og:locale\" content=\"tr_TR\" \/>\n<meta property=\"og:type\" content=\"article\" \/>\n<meta property=\"og:title\" content=\"Te\u015fekk\u00fcr ederim Anamnez - Abortuskliniek Stimezo Zwolle\" \/>\n<meta property=\"og:description\" content=\"Anamnez formunu doldurdu\u011funuz i\u00e7in te\u015fekk\u00fcr ederiz &nbsp; &nbsp; Ana\" \/>\n<meta property=\"og:url\" content=\"https:\/\/www.stimezo-zwolle.nl\/tr\/tesekkur-ederim-anamnez\/\" \/>\n<meta property=\"og:site_name\" content=\"Abortuskliniek Stimezo Zwolle\" \/>\n<meta property=\"article:modified_time\" content=\"2022-05-18T12:08:23+00:00\" \/>\n<meta name=\"twitter:card\" content=\"summary_large_image\" \/>\n<script type=\"application\/ld+json\" class=\"yoast-schema-graph\">{\"@context\":\"https:\\\/\\\/schema.org\",\"@graph\":[{\"@type\":\"WebPage\",\"@id\":\"https:\\\/\\\/www.stimezo-zwolle.nl\\\/tr\\\/tesekkur-ederim-anamnez\\\/\",\"url\":\"https:\\\/\\\/www.stimezo-zwolle.nl\\\/tr\\\/tesekkur-ederim-anamnez\\\/\",\"name\":\"Te\u015fekk\u00fcr ederim Anamnez - Abortuskliniek Stimezo Zwolle\",\"isPartOf\":{\"@id\":\"https:\\\/\\\/www.stimezo-zwolle.nl\\\/tr\\\/#website\"},\"datePublished\":\"2022-02-07T12:49:14+00:00\",\"dateModified\":\"2022-05-18T12:08:23+00:00\",\"breadcrumb\":{\"@id\":\"https:\\\/\\\/www.stimezo-zwolle.nl\\\/tr\\\/tesekkur-ederim-anamnez\\\/#breadcrumb\"},\"inLanguage\":\"tr\",\"potentialAction\":[{\"@type\":\"ReadAction\",\"target\":[\"https:\\\/\\\/www.stimezo-zwolle.nl\\\/tr\\\/tesekkur-ederim-anamnez\\\/\"]}]},{\"@type\":\"BreadcrumbList\",\"@id\":\"https:\\\/\\\/www.stimezo-zwolle.nl\\\/tr\\\/tesekkur-ederim-anamnez\\\/#breadcrumb\",\"itemListElement\":[{\"@type\":\"ListItem\",\"position\":1,\"name\":\"Home\",\"item\":\"https:\\\/\\\/www.stimezo-zwolle.nl\\\/tr\\\/\"},{\"@type\":\"ListItem\",\"position\":2,\"name\":\"Te\u015fekk\u00fcr ederim Anamnez\"}]},{\"@type\":\"WebSite\",\"@id\":\"https:\\\/\\\/www.stimezo-zwolle.nl\\\/tr\\\/#website\",\"url\":\"https:\\\/\\\/www.stimezo-zwolle.nl\\\/tr\\\/\",\"name\":\"Abortuskliniek Stimezo Zwolle\",\"description\":\"Zorgt voor vrouwen\",\"publisher\":{\"@id\":\"https:\\\/\\\/www.stimezo-zwolle.nl\\\/tr\\\/#organization\"},\"potentialAction\":[{\"@type\":\"SearchAction\",\"target\":{\"@type\":\"EntryPoint\",\"urlTemplate\":\"https:\\\/\\\/www.stimezo-zwolle.nl\\\/tr\\\/?s={search_term_string}\"},\"query-input\":{\"@type\":\"PropertyValueSpecification\",\"valueRequired\":true,\"valueName\":\"search_term_string\"}}],\"inLanguage\":\"tr\"},{\"@type\":\"Organization\",\"@id\":\"https:\\\/\\\/www.stimezo-zwolle.nl\\\/tr\\\/#organization\",\"name\":\"Stimezo Zwolle\",\"url\":\"https:\\\/\\\/www.stimezo-zwolle.nl\\\/tr\\\/\",\"logo\":{\"@type\":\"ImageObject\",\"inLanguage\":\"tr\",\"@id\":\"https:\\\/\\\/www.stimezo-zwolle.nl\\\/tr\\\/#\\\/schema\\\/logo\\\/image\\\/\",\"url\":\"https:\\\/\\\/www.stimezo-zwolle.nl\\\/wp-content\\\/uploads\\\/2021\\\/06\\\/Stimezo-logo_metslogan_RGB_transparant.png\",\"contentUrl\":\"https:\\\/\\\/www.stimezo-zwolle.nl\\\/wp-content\\\/uploads\\\/2021\\\/06\\\/Stimezo-logo_metslogan_RGB_transparant.png\",\"width\":200,\"height\":100,\"caption\":\"Stimezo Zwolle\"},\"image\":{\"@id\":\"https:\\\/\\\/www.stimezo-zwolle.nl\\\/tr\\\/#\\\/schema\\\/logo\\\/image\\\/\"}}]}<\/script>\n<!-- \/ Yoast SEO plugin. -->","yoast_head_json":{"title":"Te\u015fekk\u00fcr ederim Anamnez - Abortuskliniek Stimezo Zwolle","robots":{"index":"index","follow":"follow","max-snippet":"max-snippet:-1","max-image-preview":"max-image-preview:large","max-video-preview":"max-video-preview:-1"},"canonical":"https:\/\/www.stimezo-zwolle.nl\/tr\/tesekkur-ederim-anamnez\/","og_locale":"tr_TR","og_type":"article","og_title":"Te\u015fekk\u00fcr ederim Anamnez - Abortuskliniek Stimezo Zwolle","og_description":"Anamnez formunu doldurdu\u011funuz i\u00e7in te\u015fekk\u00fcr ederiz &nbsp; &nbsp; Ana","og_url":"https:\/\/www.stimezo-zwolle.nl\/tr\/tesekkur-ederim-anamnez\/","og_site_name":"Abortuskliniek Stimezo Zwolle","article_modified_time":"2022-05-18T12:08:23+00:00","twitter_card":"summary_large_image","schema":{"@context":"https:\/\/schema.org","@graph":[{"@type":"WebPage","@id":"https:\/\/www.stimezo-zwolle.nl\/tr\/tesekkur-ederim-anamnez\/","url":"https:\/\/www.stimezo-zwolle.nl\/tr\/tesekkur-ederim-anamnez\/","name":"Te\u015fekk\u00fcr ederim Anamnez - Abortuskliniek Stimezo Zwolle","isPartOf":{"@id":"https:\/\/www.stimezo-zwolle.nl\/tr\/#website"},"datePublished":"2022-02-07T12:49:14+00:00","dateModified":"2022-05-18T12:08:23+00:00","breadcrumb":{"@id":"https:\/\/www.stimezo-zwolle.nl\/tr\/tesekkur-ederim-anamnez\/#breadcrumb"},"inLanguage":"tr","potentialAction":[{"@type":"ReadAction","target":["https:\/\/www.stimezo-zwolle.nl\/tr\/tesekkur-ederim-anamnez\/"]}]},{"@type":"BreadcrumbList","@id":"https:\/\/www.stimezo-zwolle.nl\/tr\/tesekkur-ederim-anamnez\/#breadcrumb","itemListElement":[{"@type":"ListItem","position":1,"name":"Home","item":"https:\/\/www.stimezo-zwolle.nl\/tr\/"},{"@type":"ListItem","position":2,"name":"Te\u015fekk\u00fcr ederim Anamnez"}]},{"@type":"WebSite","@id":"https:\/\/www.stimezo-zwolle.nl\/tr\/#website","url":"https:\/\/www.stimezo-zwolle.nl\/tr\/","name":"Abortuskliniek Stimezo Zwolle","description":"Zorgt voor vrouwen","publisher":{"@id":"https:\/\/www.stimezo-zwolle.nl\/tr\/#organization"},"potentialAction":[{"@type":"SearchAction","target":{"@type":"EntryPoint","urlTemplate":"https:\/\/www.stimezo-zwolle.nl\/tr\/?s={search_term_string}"},"query-input":{"@type":"PropertyValueSpecification","valueRequired":true,"valueName":"search_term_string"}}],"inLanguage":"tr"},{"@type":"Organization","@id":"https:\/\/www.stimezo-zwolle.nl\/tr\/#organization","name":"Stimezo Zwolle","url":"https:\/\/www.stimezo-zwolle.nl\/tr\/","logo":{"@type":"ImageObject","inLanguage":"tr","@id":"https:\/\/www.stimezo-zwolle.nl\/tr\/#\/schema\/logo\/image\/","url":"https:\/\/www.stimezo-zwolle.nl\/wp-content\/uploads\/2021\/06\/Stimezo-logo_metslogan_RGB_transparant.png","contentUrl":"https:\/\/www.stimezo-zwolle.nl\/wp-content\/uploads\/2021\/06\/Stimezo-logo_metslogan_RGB_transparant.png","width":200,"height":100,"caption":"Stimezo Zwolle"},"image":{"@id":"https:\/\/www.stimezo-zwolle.nl\/tr\/#\/schema\/logo\/image\/"}}]}},"_links":{"self":[{"href":"https:\/\/www.stimezo-zwolle.nl\/tr\/wp-json\/wp\/v2\/pages\/4600","targetHints":{"allow":["GET"]}}],"collection":[{"href":"https:\/\/www.stimezo-zwolle.nl\/tr\/wp-json\/wp\/v2\/pages"}],"about":[{"href":"https:\/\/www.stimezo-zwolle.nl\/tr\/wp-json\/wp\/v2\/types\/page"}],"author":[{"embeddable":true,"href":"https:\/\/www.stimezo-zwolle.nl\/tr\/wp-json\/wp\/v2\/users\/1"}],"replies":[{"embeddable":true,"href":"https:\/\/www.stimezo-zwolle.nl\/tr\/wp-json\/wp\/v2\/comments?post=4600"}],"version-history":[{"count":3,"href":"https:\/\/www.stimezo-zwolle.nl\/tr\/wp-json\/wp\/v2\/pages\/4600\/revisions"}],"predecessor-version":[{"id":4603,"href":"https:\/\/www.stimezo-zwolle.nl\/tr\/wp-json\/wp\/v2\/pages\/4600\/revisions\/4603"}],"wp:attachment":[{"href":"https:\/\/www.stimezo-zwolle.nl\/tr\/wp-json\/wp\/v2\/media?parent=4600"}],"curies":[{"name":"wp","href":"https:\/\/api.w.org\/{rel}","templated":true}]}}