{"id":3469,"date":"2021-06-28T11:44:43","date_gmt":"2021-06-28T11:44:43","guid":{"rendered":"https:\/\/www.stimezo-zwolle.nl\/kosten-eines-schwangerschaftsabbruchs\/"},"modified":"2026-02-19T19:23:48","modified_gmt":"2026-02-19T19:23:48","slug":"kurtaj-masraflari","status":"publish","type":"page","link":"https:\/\/www.stimezo-zwolle.nl\/tr\/kurtaj-masraflari\/","title":{"rendered":"K\u00fcrtaj masraflar\u0131"},"content":{"rendered":"<!--themify_builder_content-->\n<div id=\"themify_builder_content-3469\" data-postid=\"3469\" class=\"themify_builder_content themify_builder_content-3469 themify_builder tf_clear\">\n                    <div  data-css_id=\"jtgp830\" data-lazy=\"1\" class=\"module_row themify_builder_row fullheight fullwidth_row_container tb_jtgp830 tb_first tf_w\">\n                        <div class=\"row_inner col_align_top tb_col_count_2 tf_box tf_rel\">\n                        <div  data-lazy=\"1\" class=\"module_column tb-column col4-2 tb_vb5y810 first\">\n                    <!-- module text -->\n<div  class=\"module module-text tb_i80c811   \" data-lazy=\"1\">\n        <div  class=\"tb_text_wrap\">\n        <h1>K\u00fcrtaj klini\u011finde tedavi olman\u0131n masraflar\u0131<\/h1>    <\/div>\n<\/div>\n<!-- \/module text -->        <\/div>\n                    <div  data-lazy=\"1\" class=\"module_column tb-column col4-2 tb_0n9y833 last\">\n                            <\/div>\n                        <\/div>\n        <\/div>\n                        <div  data-lazy=\"1\" class=\"module_row themify_builder_row tb_nmxp830 tf_w\">\n                        <div class=\"row_inner col_align_top tb_col_count_2 tf_box tf_rel\">\n                        <div  data-lazy=\"1\" class=\"module_column tb-column col3-1 tb_exzo833 first\">\n                    <!-- module template_part -->\n<div  class=\"module module-layout-part tb_v33g834 \">\n    <div class=\"tb_layout_part_wrap tf_w\"><!--themify_builder_content-->\n    <div  class=\"themify_builder_content themify_builder_content-3433 themify_builder not_editable_builder in_the_loop\" data-postid=\"3433\">\n                        <div  data-lazy=\"1\" class=\"module_row themify_builder_row tb_a4ng109 tf_w\">\n                        <div class=\"row_inner col_align_top tb_col_count_1 tf_box tf_rel\">\n                        <div  data-lazy=\"1\" class=\"module_column tb-column col-full tb_yfd8022 first\">\n                    <!-- module text -->\n<div  class=\"module module-text tb_day6550  repeat \" data-lazy=\"1\">\n        <div  class=\"tb_text_wrap\">\n        <h2>Randevu al<\/h2>    <\/div>\n<\/div>\n<!-- \/module text --><!-- module text -->\n<div  class=\"module module-text tb_314g225   \" data-lazy=\"1\">\n        <div  class=\"tb_text_wrap\">\n        <h2>Telefonla bize. Pazartesi-Per\u015fembe g\u00fcnleri 8:15 \u2013 16:15 saatleri aras\u0131nda ve Cuma g\u00fcn\u00fc 8:15 \u2013 12:15 saatleri aras\u0131nda ula\u015fabilirsiniz.<\/h2>    <\/div>\n<\/div>\n<!-- \/module text --><!-- module icon -->\n<div  class=\"module module-icon tb_cxnv140  normal none icon_horizontal \" data-lazy=\"1\">\n\t\t\t<div class=\"module-icon-item\">\n\t\t\t\t\t\t\t<a href=\"tel:0031384217000\">\n\t\t\t\t\t\t\t\t\t\t\t\t\t\t\t\t\t<em class=\"tf_box\"\n\t\t\t\t\t\t\t\t\t\t\t\t\t\t\t\t\t><svg  class=\"tf_fa tf-fas-phone-alt\" aria-hidden=\"true\"><use href=\"#tf-fas-phone-alt\"><\/use><\/svg><\/em>\n\t\t\t\t\t\t\t\t\t\t\t\t\t\t\t\t\t\t\t<span>+31 (0)38 - 421 7000<\/span>\n\t\t\t\t\t\t\t\t\t\t\t\t\t\t\t\t\t<\/a>\n\t\t\t\t\t<\/div>\n\t<\/div>\n<!-- \/module icon -->\n<!-- module text -->\n<div  class=\"module module-text tb_36ec060  repeat \" data-lazy=\"1\">\n        <div  class=\"tb_text_wrap\">\n        <h2>Soru iletin<\/h2>    <\/div>\n<\/div>\n<!-- \/module text --><!-- module icon -->\n<div  class=\"module module-icon tb_6ytr004  normal none icon_vertical \" data-lazy=\"1\">\n\t\t\t<div class=\"module-icon-item\">\n\t\t\t\t\t\t\t<a href=\"https:\/\/www.stimezo-zwolle.nl\/tr\/temas\/\">\n\t\t\t\t\t\t\t\t\t\t\t\t\t\t\t\t\t<em class=\"tf_boxlight-green\"\n\t\t\t\t\t\t\t\t\t\t\t\t\t\t\t\t\t><svg  class=\"tf_fa tf-fas-list-ul\" aria-hidden=\"true\"><use href=\"#tf-fas-list-ul\"><\/use><\/svg><\/em>\n\t\t\t\t\t\t\t\t\t\t\t\t\t\t\t\t\t\t\t<span>\u0130leti\u015fim formumuz<\/span>\n\t\t\t\t\t\t\t\t\t\t\t\t\t\t\t\t\t<\/a>\n\t\t\t\t\t<\/div>\n\t\t\t<div class=\"module-icon-item\">\n\t\t\t\t\t\t\t<a href=\"mailto:vragen@stimezo-zwolle.nl\">\n\t\t\t\t\t\t\t\t\t\t\t\t\t\t\t\t\t<em class=\"tf_boxlight-green\"\n\t\t\t\t\t\t\t\t\t\t\t\t\t\t\t\t\t><svg  class=\"tf_fa tf-fas-envelope\" aria-hidden=\"true\"><use href=\"#tf-fas-envelope\"><\/use><\/svg><\/em>\n\t\t\t\t\t\t\t\t\t\t\t\t\t\t\t\t\t\t\t<span>vragen@stimezo-zwolle.nl<\/span>\n\t\t\t\t\t\t\t\t\t\t\t\t\t\t\t\t\t<\/a>\n\t\t\t\t\t<\/div>\n\t<\/div>\n<!-- \/module icon -->\n        <\/div>\n                        <\/div>\n        <\/div>\n            <\/div>\n<!--\/themify_builder_content--><\/div>\n<\/div>\n<!-- \/module template_part -->        <\/div>\n                    <div  data-lazy=\"1\" class=\"module_column tb-column col3-2 tb_vk8r834 last\">\n                    <!-- module text -->\n<div  class=\"module module-text tb_2wh3834   \" data-lazy=\"1\">\n        <div  class=\"tb_text_wrap\">\n        <h2>Hollanda\u2019da k\u00fcrtaj masraflar\u0131 nedir?<\/h2>\n<p>Hollanda\u2019da ya\u015fayan kad\u0131nlar i\u00e7in gebeli\u011fi sonland\u0131rma i\u015flemi \u00fccretsizdir. K\u00fcrtaj masraflar\u0131 do\u011frudan Toplum Sa\u011fl\u0131\u011f\u0131, S\u0131hhati ve Spor Bakanl\u0131\u011f\u0131 taraf\u0131ndan kar\u015f\u0131lanmaktad\u0131r.<\/p>\n<p>\u00a0<\/p>\n<p>Hollanda\u2019da ikamet etmiyorsan k\u00fcrtaj masraflar\u0131 hakk\u0131nda klini\u011fimizden bilgi alabilirsin.<\/p>\n<p>\u00a0<\/p>    <\/div>\n<\/div>\n<!-- \/module text --><!-- module button pro -->\n<div  id=\"tb_3qz8834\" class=\"module module-button tb_3qz8834 button-link-row_scroll  tb_default_color\" data-lazy=\"1\">\n\t\n    <a  class=\"ui builder_button tb_default_color scroll-next-row\" href=\"#\">\n\t\t<span><svg  class=\"tf_fa tf-fas-chevron-down\" aria-hidden=\"true\"><use href=\"#tf-fas-chevron-down\"><\/use><\/svg><\/span> \t\t<span><\/span>\n    <\/a>\n\n\t\n\t<\/div>\n<!-- \/module button pro -->\n        <\/div>\n                        <\/div>\n        <\/div>\n                        <div  data-css_id=\"jb19328\" data-lazy=\"1\" class=\"module_row themify_builder_row fullwidth_row_container tb_jb19328 tf_w\">\n                        <div class=\"row_inner col_align_top tb_col_count_1 tf_box tf_rel\">\n                        <div  data-lazy=\"1\" class=\"module_column tb-column col-full tb_8rln328 first\">\n                    <!-- module text -->\n<div  class=\"module module-text tb_9oud328   \" data-lazy=\"1\">\n        <div  class=\"tb_text_wrap\">\n        <h2 style=\"text-align: center;\">Tedavi y\u00f6ntemleri<\/h2>    <\/div>\n<\/div>\n<!-- \/module text -->        <div  data-lazy=\"1\" class=\"module_subrow themify_builder_sub_row tf_w col_align_top tb_col_count_3 tb_4fgq328\">\n                <div  data-lazy=\"1\" class=\"module_column sub_column col3-1 tb_d5ez328 first\">\n                            <\/div>\n                    <div  data-lazy=\"1\" class=\"module_column sub_column col3-1 tb_v17n328\">\n                    <!-- module image -->\n<div  class=\"module module-image tb_kp19328 image-center   tf_mw\" data-lazy=\"1\">\n        <div class=\"image-wrap tf_rel tf_mw\">\n            <a href=\"https:\/\/www.stimezo-zwolle.nl\/tr\/narkoz-altinda-vakumlu-kurtaj\/\">\n                   <img decoding=\"async\" src=\"https:\/\/www.stimezo-zwolle.nl\/wp-content\/uploads\/2021\/06\/curretage-narcose-wit.svg\" title=\"Narkoz alt\u0131nda k\u00fcrtaj\" alt=\"13 Haftaya kadar\">        <\/a>\n    \n        <\/div>\n    <!-- \/image-wrap -->\n    \n        <div class=\"image-content\">\n                    <h3 class=\"image-title\">\n                                    <a href=\"https:\/\/www.stimezo-zwolle.nl\/tr\/narkoz-altinda-vakumlu-kurtaj\/\">\n                        Narkoz alt\u0131nda k\u00fcrtaj                    <\/a>\n                            <\/h3>\n                        <div class=\"image-caption tb_text_wrap\">\n            13 Haftaya kadar\n        <\/div>\n        <!-- \/image-caption -->\n            <\/div>\n    <!-- \/image-content -->\n        <\/div>\n<!-- \/module image --><!-- module buttons -->\n<div  class=\"module module-buttons tb_o4zk328 buttons-horizontal solid  \" data-lazy=\"1\">\n        <div class=\"module-buttons-item tf_in_flx\">\n                        <a href=\"https:\/\/www.stimezo-zwolle.nl\/tr\/narkoz-altinda-vakumlu-kurtaj\/\" class=\"ui builder_button tf_in_flx light-green\" >\n                                                Daha fazla bilgi                                        <\/a>\n                <\/div>\n            <\/div>\n<!-- \/module buttons -->\n        <\/div>\n                    <div  data-lazy=\"1\" class=\"module_column sub_column col3-1 tb_ddiz328 last\">\n                            <\/div>\n                    <\/div>\n                <\/div>\n                        <\/div>\n        <\/div>\n        <\/div>\n<!--\/themify_builder_content-->","protected":false},"excerpt":{"rendered":"<p>K\u00fcrtaj klini\u011finde tedavi olman\u0131n masraflar\u0131 Hollanda\u2019da k\u00fcrtaj masraflar\u0131 nedir? Hollanda\u2019da ya\u015fayan kad\u0131nlar i\u00e7in gebeli\u011fi sonland\u0131rma i\u015flemi \u00fccretsizdir. K\u00fcrtaj masraflar\u0131 do\u011frudan Toplum Sa\u011fl\u0131\u011f\u0131, S\u0131hhati ve Spor Bakanl\u0131\u011f\u0131 taraf\u0131ndan kar\u015f\u0131lanmaktad\u0131r. \u00a0 Hollanda\u2019da ikamet etmiyorsan k\u00fcrtaj masraflar\u0131 hakk\u0131nda klini\u011fimizden bilgi alabilirsin. \u00a0 Tedavi y\u00f6ntemleri Narkoz alt\u0131nda k\u00fcrtaj 13 Haftaya kadar Daha fazla bilgi<\/p>\n","protected":false},"author":1,"featured_media":0,"parent":0,"menu_order":0,"comment_status":"closed","ping_status":"closed","template":"","meta":{"inline_featured_image":false,"footnotes":""},"class_list":["post-3469","page","type-page","status-publish","hentry","has-post-title","has-post-date","has-post-category","has-post-tag","has-post-comment","has-post-author",""],"yoast_head":"<!-- This site is optimized with the Yoast SEO plugin v27.4 - https:\/\/yoast.com\/product\/yoast-seo-wordpress\/ -->\n<title>Kosten van abortus - abortuskliniek Stimezo - Zwolle<\/title>\n<meta name=\"description\" content=\"Welke kosten zijn verbonden aan een abortusbehandeling in een abortuskliniek? In Nederland is een zwangerschapsafbreking voor vrouwen kosteloos.\" \/>\n<meta name=\"robots\" content=\"index, follow, max-snippet:-1, max-image-preview:large, max-video-preview:-1\" \/>\n<link rel=\"canonical\" href=\"https:\/\/www.stimezo-zwolle.nl\/tr\/kurtaj-masraflari\/\" \/>\n<meta property=\"og:locale\" content=\"tr_TR\" \/>\n<meta property=\"og:type\" content=\"article\" \/>\n<meta property=\"og:title\" content=\"Kosten van abortus - abortuskliniek Stimezo - Zwolle\" \/>\n<meta property=\"og:description\" content=\"Welke kosten zijn verbonden aan een abortusbehandeling in een abortuskliniek? In Nederland is een zwangerschapsafbreking voor vrouwen kosteloos.\" \/>\n<meta property=\"og:url\" content=\"https:\/\/www.stimezo-zwolle.nl\/tr\/kurtaj-masraflari\/\" \/>\n<meta property=\"og:site_name\" content=\"Abortuskliniek Stimezo Zwolle\" \/>\n<meta property=\"article:modified_time\" content=\"2026-02-19T19:23:48+00:00\" \/>\n<meta property=\"og:image\" content=\"https:\/\/www.stimezo-zwolle.nl\/wp-content\/uploads\/2021\/06\/curretage-narcose-wit.svg\" \/>\n<meta name=\"twitter:card\" content=\"summary_large_image\" \/>\n<script type=\"application\/ld+json\" class=\"yoast-schema-graph\">{\"@context\":\"https:\\\/\\\/schema.org\",\"@graph\":[{\"@type\":\"WebPage\",\"@id\":\"https:\\\/\\\/www.stimezo-zwolle.nl\\\/tr\\\/kurtaj-masraflari\\\/\",\"url\":\"https:\\\/\\\/www.stimezo-zwolle.nl\\\/tr\\\/kurtaj-masraflari\\\/\",\"name\":\"Kosten van abortus - abortuskliniek Stimezo - Zwolle\",\"isPartOf\":{\"@id\":\"https:\\\/\\\/www.stimezo-zwolle.nl\\\/tr\\\/#website\"},\"primaryImageOfPage\":{\"@id\":\"https:\\\/\\\/www.stimezo-zwolle.nl\\\/tr\\\/kurtaj-masraflari\\\/#primaryimage\"},\"image\":{\"@id\":\"https:\\\/\\\/www.stimezo-zwolle.nl\\\/tr\\\/kurtaj-masraflari\\\/#primaryimage\"},\"thumbnailUrl\":\"https:\\\/\\\/www.stimezo-zwolle.nl\\\/wp-content\\\/uploads\\\/2021\\\/06\\\/curretage-narcose-wit.svg\",\"datePublished\":\"2021-06-28T11:44:43+00:00\",\"dateModified\":\"2026-02-19T19:23:48+00:00\",\"description\":\"Welke kosten zijn verbonden aan een abortusbehandeling in een abortuskliniek? In Nederland is een zwangerschapsafbreking voor vrouwen kosteloos.\",\"breadcrumb\":{\"@id\":\"https:\\\/\\\/www.stimezo-zwolle.nl\\\/tr\\\/kurtaj-masraflari\\\/#breadcrumb\"},\"inLanguage\":\"tr\",\"potentialAction\":[{\"@type\":\"ReadAction\",\"target\":[\"https:\\\/\\\/www.stimezo-zwolle.nl\\\/tr\\\/kurtaj-masraflari\\\/\"]}]},{\"@type\":\"ImageObject\",\"inLanguage\":\"tr\",\"@id\":\"https:\\\/\\\/www.stimezo-zwolle.nl\\\/tr\\\/kurtaj-masraflari\\\/#primaryimage\",\"url\":\"https:\\\/\\\/www.stimezo-zwolle.nl\\\/wp-content\\\/uploads\\\/2021\\\/06\\\/curretage-narcose-wit.svg\",\"contentUrl\":\"https:\\\/\\\/www.stimezo-zwolle.nl\\\/wp-content\\\/uploads\\\/2021\\\/06\\\/curretage-narcose-wit.svg\"},{\"@type\":\"BreadcrumbList\",\"@id\":\"https:\\\/\\\/www.stimezo-zwolle.nl\\\/tr\\\/kurtaj-masraflari\\\/#breadcrumb\",\"itemListElement\":[{\"@type\":\"ListItem\",\"position\":1,\"name\":\"Home\",\"item\":\"https:\\\/\\\/www.stimezo-zwolle.nl\\\/tr\\\/\"},{\"@type\":\"ListItem\",\"position\":2,\"name\":\"K\u00fcrtaj masraflar\u0131\"}]},{\"@type\":\"WebSite\",\"@id\":\"https:\\\/\\\/www.stimezo-zwolle.nl\\\/tr\\\/#website\",\"url\":\"https:\\\/\\\/www.stimezo-zwolle.nl\\\/tr\\\/\",\"name\":\"Abortuskliniek Stimezo Zwolle\",\"description\":\"Zorgt voor vrouwen\",\"publisher\":{\"@id\":\"https:\\\/\\\/www.stimezo-zwolle.nl\\\/tr\\\/#organization\"},\"potentialAction\":[{\"@type\":\"SearchAction\",\"target\":{\"@type\":\"EntryPoint\",\"urlTemplate\":\"https:\\\/\\\/www.stimezo-zwolle.nl\\\/tr\\\/?s={search_term_string}\"},\"query-input\":{\"@type\":\"PropertyValueSpecification\",\"valueRequired\":true,\"valueName\":\"search_term_string\"}}],\"inLanguage\":\"tr\"},{\"@type\":\"Organization\",\"@id\":\"https:\\\/\\\/www.stimezo-zwolle.nl\\\/tr\\\/#organization\",\"name\":\"Stimezo Zwolle\",\"url\":\"https:\\\/\\\/www.stimezo-zwolle.nl\\\/tr\\\/\",\"logo\":{\"@type\":\"ImageObject\",\"inLanguage\":\"tr\",\"@id\":\"https:\\\/\\\/www.stimezo-zwolle.nl\\\/tr\\\/#\\\/schema\\\/logo\\\/image\\\/\",\"url\":\"https:\\\/\\\/www.stimezo-zwolle.nl\\\/wp-content\\\/uploads\\\/2021\\\/06\\\/Stimezo-logo_metslogan_RGB_transparant.png\",\"contentUrl\":\"https:\\\/\\\/www.stimezo-zwolle.nl\\\/wp-content\\\/uploads\\\/2021\\\/06\\\/Stimezo-logo_metslogan_RGB_transparant.png\",\"width\":200,\"height\":100,\"caption\":\"Stimezo Zwolle\"},\"image\":{\"@id\":\"https:\\\/\\\/www.stimezo-zwolle.nl\\\/tr\\\/#\\\/schema\\\/logo\\\/image\\\/\"}}]}<\/script>\n<!-- \/ Yoast SEO plugin. -->","yoast_head_json":{"title":"Kosten van abortus - abortuskliniek Stimezo - Zwolle","description":"Welke kosten zijn verbonden aan een abortusbehandeling in een abortuskliniek? In Nederland is een zwangerschapsafbreking voor vrouwen kosteloos.","robots":{"index":"index","follow":"follow","max-snippet":"max-snippet:-1","max-image-preview":"max-image-preview:large","max-video-preview":"max-video-preview:-1"},"canonical":"https:\/\/www.stimezo-zwolle.nl\/tr\/kurtaj-masraflari\/","og_locale":"tr_TR","og_type":"article","og_title":"Kosten van abortus - abortuskliniek Stimezo - Zwolle","og_description":"Welke kosten zijn verbonden aan een abortusbehandeling in een abortuskliniek? In Nederland is een zwangerschapsafbreking voor vrouwen kosteloos.","og_url":"https:\/\/www.stimezo-zwolle.nl\/tr\/kurtaj-masraflari\/","og_site_name":"Abortuskliniek Stimezo Zwolle","article_modified_time":"2026-02-19T19:23:48+00:00","og_image":[{"url":"https:\/\/www.stimezo-zwolle.nl\/wp-content\/uploads\/2021\/06\/curretage-narcose-wit.svg","type":"","width":"","height":""}],"twitter_card":"summary_large_image","schema":{"@context":"https:\/\/schema.org","@graph":[{"@type":"WebPage","@id":"https:\/\/www.stimezo-zwolle.nl\/tr\/kurtaj-masraflari\/","url":"https:\/\/www.stimezo-zwolle.nl\/tr\/kurtaj-masraflari\/","name":"Kosten van abortus - abortuskliniek Stimezo - Zwolle","isPartOf":{"@id":"https:\/\/www.stimezo-zwolle.nl\/tr\/#website"},"primaryImageOfPage":{"@id":"https:\/\/www.stimezo-zwolle.nl\/tr\/kurtaj-masraflari\/#primaryimage"},"image":{"@id":"https:\/\/www.stimezo-zwolle.nl\/tr\/kurtaj-masraflari\/#primaryimage"},"thumbnailUrl":"https:\/\/www.stimezo-zwolle.nl\/wp-content\/uploads\/2021\/06\/curretage-narcose-wit.svg","datePublished":"2021-06-28T11:44:43+00:00","dateModified":"2026-02-19T19:23:48+00:00","description":"Welke kosten zijn verbonden aan een abortusbehandeling in een abortuskliniek? In Nederland is een zwangerschapsafbreking voor vrouwen kosteloos.","breadcrumb":{"@id":"https:\/\/www.stimezo-zwolle.nl\/tr\/kurtaj-masraflari\/#breadcrumb"},"inLanguage":"tr","potentialAction":[{"@type":"ReadAction","target":["https:\/\/www.stimezo-zwolle.nl\/tr\/kurtaj-masraflari\/"]}]},{"@type":"ImageObject","inLanguage":"tr","@id":"https:\/\/www.stimezo-zwolle.nl\/tr\/kurtaj-masraflari\/#primaryimage","url":"https:\/\/www.stimezo-zwolle.nl\/wp-content\/uploads\/2021\/06\/curretage-narcose-wit.svg","contentUrl":"https:\/\/www.stimezo-zwolle.nl\/wp-content\/uploads\/2021\/06\/curretage-narcose-wit.svg"},{"@type":"BreadcrumbList","@id":"https:\/\/www.stimezo-zwolle.nl\/tr\/kurtaj-masraflari\/#breadcrumb","itemListElement":[{"@type":"ListItem","position":1,"name":"Home","item":"https:\/\/www.stimezo-zwolle.nl\/tr\/"},{"@type":"ListItem","position":2,"name":"K\u00fcrtaj masraflar\u0131"}]},{"@type":"WebSite","@id":"https:\/\/www.stimezo-zwolle.nl\/tr\/#website","url":"https:\/\/www.stimezo-zwolle.nl\/tr\/","name":"Abortuskliniek Stimezo Zwolle","description":"Zorgt voor vrouwen","publisher":{"@id":"https:\/\/www.stimezo-zwolle.nl\/tr\/#organization"},"potentialAction":[{"@type":"SearchAction","target":{"@type":"EntryPoint","urlTemplate":"https:\/\/www.stimezo-zwolle.nl\/tr\/?s={search_term_string}"},"query-input":{"@type":"PropertyValueSpecification","valueRequired":true,"valueName":"search_term_string"}}],"inLanguage":"tr"},{"@type":"Organization","@id":"https:\/\/www.stimezo-zwolle.nl\/tr\/#organization","name":"Stimezo Zwolle","url":"https:\/\/www.stimezo-zwolle.nl\/tr\/","logo":{"@type":"ImageObject","inLanguage":"tr","@id":"https:\/\/www.stimezo-zwolle.nl\/tr\/#\/schema\/logo\/image\/","url":"https:\/\/www.stimezo-zwolle.nl\/wp-content\/uploads\/2021\/06\/Stimezo-logo_metslogan_RGB_transparant.png","contentUrl":"https:\/\/www.stimezo-zwolle.nl\/wp-content\/uploads\/2021\/06\/Stimezo-logo_metslogan_RGB_transparant.png","width":200,"height":100,"caption":"Stimezo Zwolle"},"image":{"@id":"https:\/\/www.stimezo-zwolle.nl\/tr\/#\/schema\/logo\/image\/"}}]}},"_links":{"self":[{"href":"https:\/\/www.stimezo-zwolle.nl\/tr\/wp-json\/wp\/v2\/pages\/3469","targetHints":{"allow":["GET"]}}],"collection":[{"href":"https:\/\/www.stimezo-zwolle.nl\/tr\/wp-json\/wp\/v2\/pages"}],"about":[{"href":"https:\/\/www.stimezo-zwolle.nl\/tr\/wp-json\/wp\/v2\/types\/page"}],"author":[{"embeddable":true,"href":"https:\/\/www.stimezo-zwolle.nl\/tr\/wp-json\/wp\/v2\/users\/1"}],"replies":[{"embeddable":true,"href":"https:\/\/www.stimezo-zwolle.nl\/tr\/wp-json\/wp\/v2\/comments?post=3469"}],"version-history":[{"count":13,"href":"https:\/\/www.stimezo-zwolle.nl\/tr\/wp-json\/wp\/v2\/pages\/3469\/revisions"}],"predecessor-version":[{"id":11444,"href":"https:\/\/www.stimezo-zwolle.nl\/tr\/wp-json\/wp\/v2\/pages\/3469\/revisions\/11444"}],"wp:attachment":[{"href":"https:\/\/www.stimezo-zwolle.nl\/tr\/wp-json\/wp\/v2\/media?parent=3469"}],"curies":[{"name":"wp","href":"https:\/\/api.w.org\/{rel}","templated":true}]}}