{"id":3443,"date":"2021-06-28T11:43:30","date_gmt":"2021-06-28T11:43:30","guid":{"rendered":"https:\/\/www.stimezo-zwolle.nl\/behandlungsmethoden\/"},"modified":"2026-02-19T19:19:58","modified_gmt":"2026-02-19T19:19:58","slug":"tedavi-yontemleri","status":"publish","type":"page","link":"https:\/\/www.stimezo-zwolle.nl\/tr\/tedavi-yontemleri\/","title":{"rendered":"Tedavi y\u00f6ntemleri"},"content":{"rendered":"<!--themify_builder_content-->\n<div id=\"themify_builder_content-3443\" data-postid=\"3443\" class=\"themify_builder_content themify_builder_content-3443 themify_builder tf_clear\">\n                    <div  data-css_id=\"npsr654\" data-lazy=\"1\" class=\"module_row themify_builder_row fullheight fullwidth_row_container tb_npsr654 tb_first tf_w\">\n                        <div class=\"row_inner col_align_top tb_col_count_2 tf_box tf_rel\">\n                        <div  data-lazy=\"1\" class=\"module_column tb-column col4-2 tb_fnsx340 first\">\n                    <!-- module text -->\n<div  class=\"module module-text tb_bts9535 shadow  \" data-lazy=\"1\">\n        <div  class=\"tb_text_wrap\">\n        <h1>Zwolle\u2019da bulunan Stimezo K\u00fcrtaj Klini\u011finin i\u015flem y\u00f6ntemleri<\/h1>    <\/div>\n<\/div>\n<!-- \/module text -->        <\/div>\n                    <div  data-lazy=\"1\" class=\"module_column tb-column col4-2 tb_wub6655 last\">\n                            <\/div>\n                        <\/div>\n        <\/div>\n                        <div  data-lazy=\"1\" class=\"module_row themify_builder_row tb_240p173 tf_w\">\n                        <div class=\"row_inner col_align_top tb_col_count_2 tf_box tf_rel\">\n                        <div  data-lazy=\"1\" class=\"module_column tb-column col3-1 tb_2l2x173 first\">\n                    <!-- module template_part -->\n<div  class=\"module module-layout-part tb_7ueq174 \">\n    <div class=\"tb_layout_part_wrap tf_w\"><!--themify_builder_content-->\n    <div  class=\"themify_builder_content themify_builder_content-3433 themify_builder not_editable_builder in_the_loop\" data-postid=\"3433\">\n                        <div  data-lazy=\"1\" class=\"module_row themify_builder_row tb_a4ng109 tf_w\">\n                        <div class=\"row_inner col_align_top tb_col_count_1 tf_box tf_rel\">\n                        <div  data-lazy=\"1\" class=\"module_column tb-column col-full tb_yfd8022 first\">\n                    <!-- module text -->\n<div  class=\"module module-text tb_day6550  repeat \" data-lazy=\"1\">\n        <div  class=\"tb_text_wrap\">\n        <h2>Randevu al<\/h2>    <\/div>\n<\/div>\n<!-- \/module text --><!-- module text -->\n<div  class=\"module module-text tb_314g225   \" data-lazy=\"1\">\n        <div  class=\"tb_text_wrap\">\n        <h2>Telefonla bize. Pazartesi-Per\u015fembe g\u00fcnleri 8:15 \u2013 16:15 saatleri aras\u0131nda ve Cuma g\u00fcn\u00fc 8:15 \u2013 12:15 saatleri aras\u0131nda ula\u015fabilirsiniz.<\/h2>    <\/div>\n<\/div>\n<!-- \/module text --><!-- module icon -->\n<div  class=\"module module-icon tb_cxnv140  normal none icon_horizontal \" data-lazy=\"1\">\n\t\t\t<div class=\"module-icon-item\">\n\t\t\t\t\t\t\t<a href=\"tel:0031384217000\">\n\t\t\t\t\t\t\t\t\t\t\t\t\t\t\t\t\t<em class=\"tf_box\"\n\t\t\t\t\t\t\t\t\t\t\t\t\t\t\t\t\t><svg  class=\"tf_fa tf-fas-phone-alt\" aria-hidden=\"true\"><use href=\"#tf-fas-phone-alt\"><\/use><\/svg><\/em>\n\t\t\t\t\t\t\t\t\t\t\t\t\t\t\t\t\t\t\t<span>+31 (0)38 - 421 7000<\/span>\n\t\t\t\t\t\t\t\t\t\t\t\t\t\t\t\t\t<\/a>\n\t\t\t\t\t<\/div>\n\t<\/div>\n<!-- \/module icon -->\n<!-- module text -->\n<div  class=\"module module-text tb_36ec060  repeat \" data-lazy=\"1\">\n        <div  class=\"tb_text_wrap\">\n        <h2>Soru iletin<\/h2>    <\/div>\n<\/div>\n<!-- \/module text --><!-- module icon -->\n<div  class=\"module module-icon tb_6ytr004  normal none icon_vertical \" data-lazy=\"1\">\n\t\t\t<div class=\"module-icon-item\">\n\t\t\t\t\t\t\t<a href=\"https:\/\/www.stimezo-zwolle.nl\/tr\/temas\/\">\n\t\t\t\t\t\t\t\t\t\t\t\t\t\t\t\t\t<em class=\"tf_boxlight-green\"\n\t\t\t\t\t\t\t\t\t\t\t\t\t\t\t\t\t><svg  class=\"tf_fa tf-fas-list-ul\" aria-hidden=\"true\"><use href=\"#tf-fas-list-ul\"><\/use><\/svg><\/em>\n\t\t\t\t\t\t\t\t\t\t\t\t\t\t\t\t\t\t\t<span>\u0130leti\u015fim formumuz<\/span>\n\t\t\t\t\t\t\t\t\t\t\t\t\t\t\t\t\t<\/a>\n\t\t\t\t\t<\/div>\n\t\t\t<div class=\"module-icon-item\">\n\t\t\t\t\t\t\t<a href=\"mailto:vragen@stimezo-zwolle.nl\">\n\t\t\t\t\t\t\t\t\t\t\t\t\t\t\t\t\t<em class=\"tf_boxlight-green\"\n\t\t\t\t\t\t\t\t\t\t\t\t\t\t\t\t\t><svg  class=\"tf_fa tf-fas-envelope\" aria-hidden=\"true\"><use href=\"#tf-fas-envelope\"><\/use><\/svg><\/em>\n\t\t\t\t\t\t\t\t\t\t\t\t\t\t\t\t\t\t\t<span>vragen@stimezo-zwolle.nl<\/span>\n\t\t\t\t\t\t\t\t\t\t\t\t\t\t\t\t\t<\/a>\n\t\t\t\t\t<\/div>\n\t<\/div>\n<!-- \/module icon -->\n        <\/div>\n                        <\/div>\n        <\/div>\n            <\/div>\n<!--\/themify_builder_content--><\/div>\n<\/div>\n<!-- \/module template_part -->        <\/div>\n                    <div  data-lazy=\"1\" class=\"module_column tb-column col3-2 tb_d3uk174 last\">\n                    <!-- module text -->\n<div  class=\"module module-text tb_82cj174   \" data-lazy=\"1\">\n        <div  class=\"tb_text_wrap\">\n        <h2>\u0130stenmeyen gebelik halinde ne yap\u0131lmal\u0131d\u0131r?<\/h2>\n<p>Klini\u011fimizde gebelik en ge\u00e7 13 haftaya kadar sonland\u0131r\u0131labilir. 13 Haftadan uzun bir s\u00fcre gebeysen farkl\u0131 bir k\u00fcrtaj klini\u011fine sevk ederek sana yard\u0131mc\u0131 oluruz.<\/p>\n<p>&nbsp;<\/p>\n<p>Gebelik s\u00fcresini tam olarak tespit edebilmek i\u00e7in her i\u015flemden \u00f6nce bir ultrason yap\u0131l\u0131r. Ondan sonra hekimimizle bir \u00f6n g\u00f6r\u00fc\u015fme yap\u0131l\u0131r. Bu g\u00f6r\u00fc\u015fme s\u0131ras\u0131nda gebeli\u011fi sonland\u0131rma plan\u0131n hakk\u0131nda de\u011ferlendirme yap\u0131l\u0131r ve bir soru listesi \u00fczerinden g\u00f6r\u00fc\u015fme devam eder. Hem\u015fire i\u015flem g\u00fcn\u00fcnde nelerle kar\u015f\u0131la\u015faca\u011f\u0131n\u0131 anlat\u0131r. B\u00fct\u00fcn g\u00f6r\u00fc\u015fmeler randevu tarihinde telefon \u00fczerinden ba\u011flanacak bir yeminli terc\u00fcman arac\u0131l\u0131\u011f\u0131 ile yap\u0131l\u0131r.<\/p>\n<p>&nbsp;<\/p>\n<h2>\u0130\u015flem y\u00f6ntemleri<\/h2>\n<p>Gebelik\u00a0<a href=\"https:\/\/www.stimezo-zwolle.nl\/tr\/narkoz-altinda-vakumlu-kurtaj\/\">narkoz alt\u0131nda ve ek a\u011fr\u0131 kesici yard\u0131m\u0131yla<\/a>\u00a0vakumlu k\u00fcrtaj y\u00f6ntemi ile erkenden sonland\u0131r\u0131l\u0131r (aletli i\u015flem olarak da adland\u0131r\u0131l\u0131r). \u00a0\u00a0<\/p>\n    <\/div>\n<\/div>\n<!-- \/module text --><!-- module button pro -->\n<div  id=\"tb_t4f6961\" class=\"module module-button tb_t4f6961 button-link-row_scroll  tb_default_color\" data-lazy=\"1\">\n\t\n    <a  class=\"ui builder_button tb_default_color scroll-next-row\" href=\"#\">\n\t\t<span><svg  class=\"tf_fa tf-fas-chevron-down\" aria-hidden=\"true\"><use href=\"#tf-fas-chevron-down\"><\/use><\/svg><\/span> \t\t<span><\/span>\n    <\/a>\n\n\t\n\t<\/div>\n<!-- \/module button pro -->\n        <\/div>\n                        <\/div>\n        <\/div>\n                        <div  data-css_id=\"755p943\" data-lazy=\"1\" class=\"module_row themify_builder_row fullwidth_row_container tb_755p943 tf_w\">\n                        <div class=\"row_inner col_align_top tb_col_count_1 tf_box tf_rel\">\n                        <div  data-lazy=\"1\" class=\"module_column tb-column col-full tb_srus943 first\">\n                    <!-- module text -->\n<div  class=\"module module-text tb_lpcw943   \" data-lazy=\"1\">\n        <div  class=\"tb_text_wrap\">\n        <h2 style=\"text-align: center;\">Tedavi y\u00f6ntemleri<\/h2>    <\/div>\n<\/div>\n<!-- \/module text -->        <div  data-lazy=\"1\" class=\"module_subrow themify_builder_sub_row tf_w col_align_top tb_col_count_3 tb_v9h3943\">\n                <div  data-lazy=\"1\" class=\"module_column sub_column col3-1 tb_8x8j943 first\">\n                            <\/div>\n                    <div  data-lazy=\"1\" class=\"module_column sub_column col3-1 tb_cucs944\">\n                    <!-- module image -->\n<div  class=\"module module-image tb_om4k944 image-center   tf_mw\" data-lazy=\"1\">\n        <div class=\"image-wrap tf_rel tf_mw\">\n            <a href=\"https:\/\/www.stimezo-zwolle.nl\/tr\/narkoz-altinda-vakumlu-kurtaj\/\">\n                   <img decoding=\"async\" src=\"https:\/\/www.stimezo-zwolle.nl\/wp-content\/uploads\/2021\/06\/curretage-narcose-wit.svg\" title=\"Narkoz alt\u0131nda k\u00fcrtaj\" alt=\"13 Haftaya kadar\">        <\/a>\n    \n        <\/div>\n    <!-- \/image-wrap -->\n    \n        <div class=\"image-content\">\n                    <h3 class=\"image-title\">\n                                    <a href=\"https:\/\/www.stimezo-zwolle.nl\/tr\/narkoz-altinda-vakumlu-kurtaj\/\">\n                        Narkoz alt\u0131nda k\u00fcrtaj                    <\/a>\n                            <\/h3>\n                        <div class=\"image-caption tb_text_wrap\">\n            13 Haftaya kadar\n        <\/div>\n        <!-- \/image-caption -->\n            <\/div>\n    <!-- \/image-content -->\n        <\/div>\n<!-- \/module image --><!-- module buttons -->\n<div  class=\"module module-buttons tb_j67p669 buttons-horizontal solid  \" data-lazy=\"1\">\n        <div class=\"module-buttons-item tf_in_flx\">\n                        <a href=\"https:\/\/www.stimezo-zwolle.nl\/tr\/narkoz-altinda-vakumlu-kurtaj\/\" class=\"ui builder_button tf_in_flx light-green\" >\n                                                Daha fazla bilgi                                        <\/a>\n                <\/div>\n            <\/div>\n<!-- \/module buttons -->\n        <\/div>\n                    <div  data-lazy=\"1\" class=\"module_column sub_column col3-1 tb_vdg5945 last\">\n                            <\/div>\n                    <\/div>\n                <\/div>\n                        <\/div>\n        <\/div>\n        <\/div>\n<!--\/themify_builder_content-->","protected":false},"excerpt":{"rendered":"<p>Zwolle\u2019da bulunan Stimezo K\u00fcrtaj Klini\u011finin i\u015flem y\u00f6ntemleri \u0130stenmeyen gebelik halinde ne yap\u0131lmal\u0131d\u0131r? Klini\u011fimizde gebelik en ge\u00e7 13 haftaya kadar sonland\u0131r\u0131labilir. 13 Haftadan uzun bir s\u00fcre gebeysen farkl\u0131 bir k\u00fcrtaj klini\u011fine sevk ederek sana yard\u0131mc\u0131 oluruz. &nbsp; Gebelik s\u00fcresini tam olarak tespit edebilmek i\u00e7in her i\u015flemden \u00f6nce bir ultrason yap\u0131l\u0131r. Ondan sonra hekimimizle bir \u00f6n g\u00f6r\u00fc\u015fme [&hellip;]<\/p>\n","protected":false},"author":1,"featured_media":0,"parent":0,"menu_order":0,"comment_status":"closed","ping_status":"closed","template":"","meta":{"inline_featured_image":false,"footnotes":""},"class_list":["post-3443","page","type-page","status-publish","hentry","has-post-title","has-post-date","has-post-category","has-post-tag","has-post-comment","has-post-author",""],"yoast_head":"<!-- This site is optimized with the Yoast SEO plugin v27.5 - https:\/\/yoast.com\/product\/yoast-seo-wordpress\/ -->\n<title>Tedavi y\u00f6ntemleri - Abortuskliniek Stimezo - Tel: 038-4217000<\/title>\n<meta name=\"description\" content=\"Er zijn twee behandelmethoden om een zwangerschap vroegtijdig af te breken. De behandelmethoden zijn: via een zuigcurettage of de abortuspil.\" \/>\n<meta name=\"robots\" content=\"index, follow, max-snippet:-1, max-image-preview:large, max-video-preview:-1\" \/>\n<link rel=\"canonical\" href=\"https:\/\/www.stimezo-zwolle.nl\/tr\/tedavi-yontemleri\/\" \/>\n<meta property=\"og:locale\" content=\"tr_TR\" \/>\n<meta property=\"og:type\" content=\"article\" \/>\n<meta property=\"og:title\" content=\"Tedavi y\u00f6ntemleri - Abortuskliniek Stimezo - Tel: 038-4217000\" \/>\n<meta property=\"og:description\" content=\"Er zijn twee behandelmethoden om een zwangerschap vroegtijdig af te breken. De behandelmethoden zijn: via een zuigcurettage of de abortuspil.\" \/>\n<meta property=\"og:url\" content=\"https:\/\/www.stimezo-zwolle.nl\/tr\/tedavi-yontemleri\/\" \/>\n<meta property=\"og:site_name\" content=\"Abortuskliniek Stimezo Zwolle\" \/>\n<meta property=\"article:modified_time\" content=\"2026-02-19T19:19:58+00:00\" \/>\n<meta property=\"og:image\" content=\"https:\/\/www.stimezo-zwolle.nl\/wp-content\/uploads\/2021\/06\/curretage-narcose-wit.svg\" \/>\n<meta name=\"twitter:card\" content=\"summary_large_image\" \/>\n<meta name=\"twitter:label1\" content=\"Tahmini okuma s\u00fcresi\" \/>\n\t<meta name=\"twitter:data1\" content=\"1 dakika\" \/>\n<script type=\"application\/ld+json\" class=\"yoast-schema-graph\">{\"@context\":\"https:\\\/\\\/schema.org\",\"@graph\":[{\"@type\":\"WebPage\",\"@id\":\"https:\\\/\\\/www.stimezo-zwolle.nl\\\/tr\\\/tedavi-yontemleri\\\/\",\"url\":\"https:\\\/\\\/www.stimezo-zwolle.nl\\\/tr\\\/tedavi-yontemleri\\\/\",\"name\":\"Tedavi y\u00f6ntemleri - Abortuskliniek Stimezo - Tel: 038-4217000\",\"isPartOf\":{\"@id\":\"https:\\\/\\\/www.stimezo-zwolle.nl\\\/tr\\\/#website\"},\"primaryImageOfPage\":{\"@id\":\"https:\\\/\\\/www.stimezo-zwolle.nl\\\/tr\\\/tedavi-yontemleri\\\/#primaryimage\"},\"image\":{\"@id\":\"https:\\\/\\\/www.stimezo-zwolle.nl\\\/tr\\\/tedavi-yontemleri\\\/#primaryimage\"},\"thumbnailUrl\":\"https:\\\/\\\/www.stimezo-zwolle.nl\\\/wp-content\\\/uploads\\\/2021\\\/06\\\/curretage-narcose-wit.svg\",\"datePublished\":\"2021-06-28T11:43:30+00:00\",\"dateModified\":\"2026-02-19T19:19:58+00:00\",\"description\":\"Er zijn twee behandelmethoden om een zwangerschap vroegtijdig af te breken. De behandelmethoden zijn: via een zuigcurettage of de abortuspil.\",\"breadcrumb\":{\"@id\":\"https:\\\/\\\/www.stimezo-zwolle.nl\\\/tr\\\/tedavi-yontemleri\\\/#breadcrumb\"},\"inLanguage\":\"tr\",\"potentialAction\":[{\"@type\":\"ReadAction\",\"target\":[\"https:\\\/\\\/www.stimezo-zwolle.nl\\\/tr\\\/tedavi-yontemleri\\\/\"]}]},{\"@type\":\"ImageObject\",\"inLanguage\":\"tr\",\"@id\":\"https:\\\/\\\/www.stimezo-zwolle.nl\\\/tr\\\/tedavi-yontemleri\\\/#primaryimage\",\"url\":\"https:\\\/\\\/www.stimezo-zwolle.nl\\\/wp-content\\\/uploads\\\/2021\\\/06\\\/curretage-narcose-wit.svg\",\"contentUrl\":\"https:\\\/\\\/www.stimezo-zwolle.nl\\\/wp-content\\\/uploads\\\/2021\\\/06\\\/curretage-narcose-wit.svg\"},{\"@type\":\"BreadcrumbList\",\"@id\":\"https:\\\/\\\/www.stimezo-zwolle.nl\\\/tr\\\/tedavi-yontemleri\\\/#breadcrumb\",\"itemListElement\":[{\"@type\":\"ListItem\",\"position\":1,\"name\":\"Home\",\"item\":\"https:\\\/\\\/www.stimezo-zwolle.nl\\\/tr\\\/\"},{\"@type\":\"ListItem\",\"position\":2,\"name\":\"Tedavi y\u00f6ntemleri\"}]},{\"@type\":\"WebSite\",\"@id\":\"https:\\\/\\\/www.stimezo-zwolle.nl\\\/tr\\\/#website\",\"url\":\"https:\\\/\\\/www.stimezo-zwolle.nl\\\/tr\\\/\",\"name\":\"Abortuskliniek Stimezo Zwolle\",\"description\":\"Zorgt voor vrouwen\",\"publisher\":{\"@id\":\"https:\\\/\\\/www.stimezo-zwolle.nl\\\/tr\\\/#organization\"},\"potentialAction\":[{\"@type\":\"SearchAction\",\"target\":{\"@type\":\"EntryPoint\",\"urlTemplate\":\"https:\\\/\\\/www.stimezo-zwolle.nl\\\/tr\\\/?s={search_term_string}\"},\"query-input\":{\"@type\":\"PropertyValueSpecification\",\"valueRequired\":true,\"valueName\":\"search_term_string\"}}],\"inLanguage\":\"tr\"},{\"@type\":\"Organization\",\"@id\":\"https:\\\/\\\/www.stimezo-zwolle.nl\\\/tr\\\/#organization\",\"name\":\"Stimezo Zwolle\",\"url\":\"https:\\\/\\\/www.stimezo-zwolle.nl\\\/tr\\\/\",\"logo\":{\"@type\":\"ImageObject\",\"inLanguage\":\"tr\",\"@id\":\"https:\\\/\\\/www.stimezo-zwolle.nl\\\/tr\\\/#\\\/schema\\\/logo\\\/image\\\/\",\"url\":\"https:\\\/\\\/www.stimezo-zwolle.nl\\\/wp-content\\\/uploads\\\/2021\\\/06\\\/Stimezo-logo_metslogan_RGB_transparant.png\",\"contentUrl\":\"https:\\\/\\\/www.stimezo-zwolle.nl\\\/wp-content\\\/uploads\\\/2021\\\/06\\\/Stimezo-logo_metslogan_RGB_transparant.png\",\"width\":200,\"height\":100,\"caption\":\"Stimezo Zwolle\"},\"image\":{\"@id\":\"https:\\\/\\\/www.stimezo-zwolle.nl\\\/tr\\\/#\\\/schema\\\/logo\\\/image\\\/\"}}]}<\/script>\n<!-- \/ Yoast SEO plugin. -->","yoast_head_json":{"title":"Tedavi y\u00f6ntemleri - Abortuskliniek Stimezo - Tel: 038-4217000","description":"Er zijn twee behandelmethoden om een zwangerschap vroegtijdig af te breken. De behandelmethoden zijn: via een zuigcurettage of de abortuspil.","robots":{"index":"index","follow":"follow","max-snippet":"max-snippet:-1","max-image-preview":"max-image-preview:large","max-video-preview":"max-video-preview:-1"},"canonical":"https:\/\/www.stimezo-zwolle.nl\/tr\/tedavi-yontemleri\/","og_locale":"tr_TR","og_type":"article","og_title":"Tedavi y\u00f6ntemleri - Abortuskliniek Stimezo - Tel: 038-4217000","og_description":"Er zijn twee behandelmethoden om een zwangerschap vroegtijdig af te breken. De behandelmethoden zijn: via een zuigcurettage of de abortuspil.","og_url":"https:\/\/www.stimezo-zwolle.nl\/tr\/tedavi-yontemleri\/","og_site_name":"Abortuskliniek Stimezo Zwolle","article_modified_time":"2026-02-19T19:19:58+00:00","og_image":[{"url":"https:\/\/www.stimezo-zwolle.nl\/wp-content\/uploads\/2021\/06\/curretage-narcose-wit.svg","type":"","width":"","height":""}],"twitter_card":"summary_large_image","twitter_misc":{"Tahmini okuma s\u00fcresi":"1 dakika"},"schema":{"@context":"https:\/\/schema.org","@graph":[{"@type":"WebPage","@id":"https:\/\/www.stimezo-zwolle.nl\/tr\/tedavi-yontemleri\/","url":"https:\/\/www.stimezo-zwolle.nl\/tr\/tedavi-yontemleri\/","name":"Tedavi y\u00f6ntemleri - Abortuskliniek Stimezo - Tel: 038-4217000","isPartOf":{"@id":"https:\/\/www.stimezo-zwolle.nl\/tr\/#website"},"primaryImageOfPage":{"@id":"https:\/\/www.stimezo-zwolle.nl\/tr\/tedavi-yontemleri\/#primaryimage"},"image":{"@id":"https:\/\/www.stimezo-zwolle.nl\/tr\/tedavi-yontemleri\/#primaryimage"},"thumbnailUrl":"https:\/\/www.stimezo-zwolle.nl\/wp-content\/uploads\/2021\/06\/curretage-narcose-wit.svg","datePublished":"2021-06-28T11:43:30+00:00","dateModified":"2026-02-19T19:19:58+00:00","description":"Er zijn twee behandelmethoden om een zwangerschap vroegtijdig af te breken. De behandelmethoden zijn: via een zuigcurettage of de abortuspil.","breadcrumb":{"@id":"https:\/\/www.stimezo-zwolle.nl\/tr\/tedavi-yontemleri\/#breadcrumb"},"inLanguage":"tr","potentialAction":[{"@type":"ReadAction","target":["https:\/\/www.stimezo-zwolle.nl\/tr\/tedavi-yontemleri\/"]}]},{"@type":"ImageObject","inLanguage":"tr","@id":"https:\/\/www.stimezo-zwolle.nl\/tr\/tedavi-yontemleri\/#primaryimage","url":"https:\/\/www.stimezo-zwolle.nl\/wp-content\/uploads\/2021\/06\/curretage-narcose-wit.svg","contentUrl":"https:\/\/www.stimezo-zwolle.nl\/wp-content\/uploads\/2021\/06\/curretage-narcose-wit.svg"},{"@type":"BreadcrumbList","@id":"https:\/\/www.stimezo-zwolle.nl\/tr\/tedavi-yontemleri\/#breadcrumb","itemListElement":[{"@type":"ListItem","position":1,"name":"Home","item":"https:\/\/www.stimezo-zwolle.nl\/tr\/"},{"@type":"ListItem","position":2,"name":"Tedavi y\u00f6ntemleri"}]},{"@type":"WebSite","@id":"https:\/\/www.stimezo-zwolle.nl\/tr\/#website","url":"https:\/\/www.stimezo-zwolle.nl\/tr\/","name":"Abortuskliniek Stimezo Zwolle","description":"Zorgt voor vrouwen","publisher":{"@id":"https:\/\/www.stimezo-zwolle.nl\/tr\/#organization"},"potentialAction":[{"@type":"SearchAction","target":{"@type":"EntryPoint","urlTemplate":"https:\/\/www.stimezo-zwolle.nl\/tr\/?s={search_term_string}"},"query-input":{"@type":"PropertyValueSpecification","valueRequired":true,"valueName":"search_term_string"}}],"inLanguage":"tr"},{"@type":"Organization","@id":"https:\/\/www.stimezo-zwolle.nl\/tr\/#organization","name":"Stimezo Zwolle","url":"https:\/\/www.stimezo-zwolle.nl\/tr\/","logo":{"@type":"ImageObject","inLanguage":"tr","@id":"https:\/\/www.stimezo-zwolle.nl\/tr\/#\/schema\/logo\/image\/","url":"https:\/\/www.stimezo-zwolle.nl\/wp-content\/uploads\/2021\/06\/Stimezo-logo_metslogan_RGB_transparant.png","contentUrl":"https:\/\/www.stimezo-zwolle.nl\/wp-content\/uploads\/2021\/06\/Stimezo-logo_metslogan_RGB_transparant.png","width":200,"height":100,"caption":"Stimezo Zwolle"},"image":{"@id":"https:\/\/www.stimezo-zwolle.nl\/tr\/#\/schema\/logo\/image\/"}}]}},"_links":{"self":[{"href":"https:\/\/www.stimezo-zwolle.nl\/tr\/wp-json\/wp\/v2\/pages\/3443","targetHints":{"allow":["GET"]}}],"collection":[{"href":"https:\/\/www.stimezo-zwolle.nl\/tr\/wp-json\/wp\/v2\/pages"}],"about":[{"href":"https:\/\/www.stimezo-zwolle.nl\/tr\/wp-json\/wp\/v2\/types\/page"}],"author":[{"embeddable":true,"href":"https:\/\/www.stimezo-zwolle.nl\/tr\/wp-json\/wp\/v2\/users\/1"}],"replies":[{"embeddable":true,"href":"https:\/\/www.stimezo-zwolle.nl\/tr\/wp-json\/wp\/v2\/comments?post=3443"}],"version-history":[{"count":14,"href":"https:\/\/www.stimezo-zwolle.nl\/tr\/wp-json\/wp\/v2\/pages\/3443\/revisions"}],"predecessor-version":[{"id":11438,"href":"https:\/\/www.stimezo-zwolle.nl\/tr\/wp-json\/wp\/v2\/pages\/3443\/revisions\/11438"}],"wp:attachment":[{"href":"https:\/\/www.stimezo-zwolle.nl\/tr\/wp-json\/wp\/v2\/media?parent=3443"}],"curies":[{"name":"wp","href":"https:\/\/api.w.org\/{rel}","templated":true}]}}