{"id":3427,"date":"2021-06-28T12:06:16","date_gmt":"2021-06-28T12:06:16","guid":{"rendered":"https:\/\/www.stimezo-zwolle.nl\/kontakt\/"},"modified":"2021-12-13T12:26:37","modified_gmt":"2021-12-13T12:26:37","slug":"temas","status":"publish","type":"page","link":"https:\/\/www.stimezo-zwolle.nl\/tr\/temas\/","title":{"rendered":"Temas"},"content":{"rendered":"<!--themify_builder_content-->\n<div id=\"themify_builder_content-3427\" data-postid=\"3427\" class=\"themify_builder_content themify_builder_content-3427 themify_builder tf_clear\">\n                    <div  data-css_id=\"5u0s980\" data-lazy=\"1\" class=\"module_row themify_builder_row fullheight fullwidth_row_container tb_5u0s980 tb_first tf_w\">\n                        <div class=\"row_inner col_align_top tb_col_count_2 tf_box tf_rel\">\n                        <div  data-lazy=\"1\" class=\"module_column tb-column col4-2 tb_6eo0555 first\">\n                    <!-- module text -->\n<div  class=\"module module-text tb_zy3g556   \" data-lazy=\"1\">\n        <div  class=\"tb_text_wrap\">\n        <h1><span lang=\"DE\">Stimezo Zwolle K\u00fcrtaj Klini\u011fi ile randevu yapmak<\/span><\/h1>    <\/div>\n<\/div>\n<!-- \/module text -->        <\/div>\n                    <div  data-lazy=\"1\" class=\"module_column tb-column col4-2 tb_81i6981 last\">\n                            <\/div>\n                        <\/div>\n        <\/div>\n                        <div  data-lazy=\"1\" class=\"module_row themify_builder_row tb_70of207 tf_w\">\n                        <div class=\"row_inner col_align_top tb_col_count_2 tf_box tf_rel\">\n                        <div  data-lazy=\"1\" class=\"module_column tb-column col3-1 tb_w2oz213 first\">\n                    <!-- module template_part -->\n<div  class=\"module module-layout-part tb_dukb213 \">\n    <div class=\"tb_layout_part_wrap tf_w\"><!--themify_builder_content-->\n    <div  class=\"themify_builder_content themify_builder_content-3433 themify_builder not_editable_builder in_the_loop\" data-postid=\"3433\">\n                        <div  data-lazy=\"1\" class=\"module_row themify_builder_row tb_a4ng109 tf_w\">\n                        <div class=\"row_inner col_align_top tb_col_count_1 tf_box tf_rel\">\n                        <div  data-lazy=\"1\" class=\"module_column tb-column col-full tb_yfd8022 first\">\n                    <!-- module text -->\n<div  class=\"module module-text tb_day6550  repeat \" data-lazy=\"1\">\n        <div  class=\"tb_text_wrap\">\n        <h2>Randevu al<\/h2>    <\/div>\n<\/div>\n<!-- \/module text --><!-- module text -->\n<div  class=\"module module-text tb_314g225   \" data-lazy=\"1\">\n        <div  class=\"tb_text_wrap\">\n        <h2>Telefonla bize. Pazartesi-Per\u015fembe g\u00fcnleri 8:15 \u2013 16:15 saatleri aras\u0131nda ve Cuma g\u00fcn\u00fc 8:15 \u2013 12:15 saatleri aras\u0131nda ula\u015fabilirsiniz.<\/h2>    <\/div>\n<\/div>\n<!-- \/module text --><!-- module icon -->\n<div  class=\"module module-icon tb_cxnv140  normal none icon_horizontal \" data-lazy=\"1\">\n\t\t\t<div class=\"module-icon-item\">\n\t\t\t\t\t\t\t<a href=\"tel:0031384217000\">\n\t\t\t\t\t\t\t\t\t\t\t\t\t\t\t\t\t<em class=\"tf_box\"\n\t\t\t\t\t\t\t\t\t\t\t\t\t\t\t\t\t><svg  class=\"tf_fa tf-fas-phone-alt\" aria-hidden=\"true\"><use href=\"#tf-fas-phone-alt\"><\/use><\/svg><\/em>\n\t\t\t\t\t\t\t\t\t\t\t\t\t\t\t\t\t\t\t<span>+31 (0)38 - 421 7000<\/span>\n\t\t\t\t\t\t\t\t\t\t\t\t\t\t\t\t\t<\/a>\n\t\t\t\t\t<\/div>\n\t<\/div>\n<!-- \/module icon -->\n<!-- module text -->\n<div  class=\"module module-text tb_36ec060  repeat \" data-lazy=\"1\">\n        <div  class=\"tb_text_wrap\">\n        <h2>Soru iletin<\/h2>    <\/div>\n<\/div>\n<!-- \/module text --><!-- module icon -->\n<div  class=\"module module-icon tb_6ytr004  normal none icon_vertical \" data-lazy=\"1\">\n\t\t\t<div class=\"module-icon-item\">\n\t\t\t\t\t\t\t<a href=\"https:\/\/www.stimezo-zwolle.nl\/tr\/temas\/\">\n\t\t\t\t\t\t\t\t\t\t\t\t\t\t\t\t\t<em class=\"tf_boxlight-green\"\n\t\t\t\t\t\t\t\t\t\t\t\t\t\t\t\t\t><svg  class=\"tf_fa tf-fas-list-ul\" aria-hidden=\"true\"><use href=\"#tf-fas-list-ul\"><\/use><\/svg><\/em>\n\t\t\t\t\t\t\t\t\t\t\t\t\t\t\t\t\t\t\t<span>\u0130leti\u015fim formumuz<\/span>\n\t\t\t\t\t\t\t\t\t\t\t\t\t\t\t\t\t<\/a>\n\t\t\t\t\t<\/div>\n\t\t\t<div class=\"module-icon-item\">\n\t\t\t\t\t\t\t<a href=\"mailto:vragen@stimezo-zwolle.nl\">\n\t\t\t\t\t\t\t\t\t\t\t\t\t\t\t\t\t<em class=\"tf_boxlight-green\"\n\t\t\t\t\t\t\t\t\t\t\t\t\t\t\t\t\t><svg  class=\"tf_fa tf-fas-envelope\" aria-hidden=\"true\"><use href=\"#tf-fas-envelope\"><\/use><\/svg><\/em>\n\t\t\t\t\t\t\t\t\t\t\t\t\t\t\t\t\t\t\t<span>vragen@stimezo-zwolle.nl<\/span>\n\t\t\t\t\t\t\t\t\t\t\t\t\t\t\t\t\t<\/a>\n\t\t\t\t\t<\/div>\n\t<\/div>\n<!-- \/module icon -->\n        <\/div>\n                        <\/div>\n        <\/div>\n            <\/div>\n<!--\/themify_builder_content--><\/div>\n<\/div>\n<!-- \/module template_part -->        <\/div>\n                    <div  data-lazy=\"1\" class=\"module_column tb-column col3-2 tb_3j3o214 last\">\n                    <!-- module text -->\n<div  class=\"module module-text tb_w5yn214   \" data-lazy=\"1\">\n        <div  class=\"tb_text_wrap\">\n        <div class=\"module h4 preamble\">\n<p>\u0130stenmeyen gebelik sebebiyle gebeli\u011fini sonland\u0131rmay\u0131 m\u0131 d\u00fc\u015f\u00fcn\u00fcyorsun? Stimezo Zwolle K\u00fcrtaj Klini\u011fi do\u011fru karar\u0131 vermeniz i\u00e7in g\u00fcvenli bir ortam sa\u011flamaktad\u0131r. Bu kapsamda gizlili\u011finiz her daim taahh\u00fct edilir.<\/p>\n<\/div>    <\/div>\n<\/div>\n<!-- \/module text --><!-- module button pro -->\n<div  id=\"tb_qtbi381\" class=\"module module-button tb_qtbi381 button-link-modal  tb_default_color\" data-lazy=\"1\">\n\t\n    <a  class=\"ui builder_button light-green themify_lightbox\" href=\"#modal-tb_qtbi381-1\">\n\t\t<span><svg  class=\"tf_fa tf-fas-virus\" aria-hidden=\"true\"><use href=\"#tf-fas-virus\"><\/use><\/svg><\/span> \t\t<span>Korona bilgisi<\/span>\n    <\/a>\n\n\t\t\t<div id=\"modal-tb_qtbi381-1\" class=\"tf_hide\">\n\t\t<p>COVID-19, sa\u011fl\u0131\u011f\u0131m\u0131z \u00fczerinde de b\u00fcy\u00fck bir etkiye sahip. 1,5 metre kural\u0131na ve di\u011fer \u00f6nleme kurallar\u0131na uyarak klinik politikam\u0131z\u0131 buna g\u00f6re ayarlamak zorunda kald\u0131k. Bu nedenle ge\u00e7ici olarak partnerinizin, arkada\u015f\u0131n\u0131z\u0131n veya di\u011fer s\u00fcperviz\u00f6r\u00fcn\u00fcz\u00fcn klini\u011fe girmesine izin verilmez. Karar verme s\u00fcrecinde bir ortak, arkada\u015f veya s\u00fcperviz\u00f6r\u00fcn varl\u0131\u011f\u0131n\u0131n sizin i\u00e7in \u00e7ok iyi olabilece\u011fini anlad\u0131\u011f\u0131m\u0131zdan, COVID-19 devam etti\u011fi s\u00fcrece g\u00f6r\u00fcnt\u00fcl\u00fc g\u00f6r\u00fc\u015fme se\u00e7ene\u011fi mevcuttur. Bu \u015fekilde partneriniz, arkada\u015f\u0131n\u0131z veya amiriniz g\u00f6r\u00fc\u015fme s\u0131ras\u0131nda g\u00f6r\u00fcnt\u00fcl\u00fc arama yoluyla (kendi cep telefonunuzda) bulunabilir. Randevuya m\u00fcmk\u00fcn oldu\u011funca yaln\u0131z gelin ve kendinizi klini\u011fe b\u0131rak\u0131n ve al\u0131n. Genel alanlar\u0131m\u0131zda ve bekleme salonlar\u0131m\u0131zda <strong>1,5 metre mesafe<\/strong> tam olarak y\u00fcr\u00fcrl\u00fckte kal\u0131r <strong>ve a\u011f\u0131zl\u0131k tak\u0131lmas\u0131 zorunludur<\/strong>.<\/p>\n<p>\u00a0<\/p>\n<p><strong>Yard\u0131m\u0131m\u0131z\u0131 garanti etmeye devam etmek i\u00e7in i\u015fbirli\u011finiz \u00e7ok \u00f6nemlidir. (K\u00fc\u00e7\u00fck) grip belirtileriniz varsa hemen bizimle ileti\u015fime ge\u00e7menizi rica ediyoruz. Tedavi randevusunu ta\u015f\u0131ma se\u00e7eneklerine sizinle birlikte bakaca\u011f\u0131z.<\/strong><\/p>\t\t<\/div>\n\t\n\t<\/div>\n<!-- \/module button pro -->\n<!-- module button pro -->\n<div  id=\"tb_45ev455\" class=\"module module-button tb_45ev455 button-link-row_scroll  tb_default_color\" data-lazy=\"1\">\n\t\n    <a  class=\"ui builder_button tb_default_color scroll-next-row\" href=\"#\">\n\t\t<span><svg  class=\"tf_fa tf-fas-chevron-down\" aria-hidden=\"true\"><use href=\"#tf-fas-chevron-down\"><\/use><\/svg><\/span> \t\t<span><\/span>\n    <\/a>\n\n\t\n\t<\/div>\n<!-- \/module button pro -->\n        <\/div>\n                        <\/div>\n        <\/div>\n                        <div  data-css_id=\"95u6708\" data-lazy=\"1\" class=\"module_row themify_builder_row fullwidth_row_container tb_95u6708 tf_w\">\n                        <div class=\"row_inner col_align_top tb_col_count_1 tf_box tf_rel\">\n                        <div  data-lazy=\"1\" class=\"module_column tb-column col-full tb_l3ch56 first\">\n                            <div  data-lazy=\"1\" class=\"module_subrow themify_builder_sub_row tf_w col_align_top tb_col_count_2 tb_6ccf57\">\n                <div  data-lazy=\"1\" class=\"module_column sub_column col4-2 tb_5ep457 first\">\n                    <!-- module text -->\n<div  class=\"module module-text tb_8usc58   \" data-lazy=\"1\">\n        <div  class=\"tb_text_wrap\">\n        <h2 class=\"module h2\">Ileti\u015fim detaylar\u0131<\/h2>\n<p><strong>Stimezo Zwolle K\u00fcrtaj Klini\u011fi<\/strong> <br>Oosterlaan 14<br>8011 GC\u00a0Zwolle<\/p>\n<p>Hollanda<\/p>\n<p><strong>E<\/strong>\u00a0<a href=\"mailto:vragen@stimezo-zwolle.nl\" data-track-event=\"click\" data-track-action=\"tapToEmail\">vragen@stimezo-zwolle.nl<\/a><\/p>\n<p><strong>T <\/strong><a href=\"tel:0031384217000\">+31 (0)38-4217000<\/a><br><strong>F<\/strong> <a href=\"tel:0031384223188\">+31 (0)38-4223188<\/a><\/p>    <\/div>\n<\/div>\n<!-- \/module text --><!-- module divider -->\n<div  class=\"module tf_mw module-divider tb_oh1u998 solid   \" style=\"border-width: 2px;border-color: #ffffff;margin-bottom: 30px;\" data-lazy=\"1\">\n    <\/div>\n<!-- \/module divider -->\n<!-- module text -->\n<div  class=\"module module-text tb_n4wm58   \" data-lazy=\"1\">\n        <div  class=\"tb_text_wrap\">\n        <h2>\u00c7al\u0131\u015fma saatleri<\/h2>\n<p>\u00a0<\/p>\n<p><strong>Pazartesi &#8211; Per\u015fembe <\/strong>\u00a0<br>Saat 8:15 \u2013 16:15 aras\u0131<\/p>\n<p>\u00a0<\/p>\n<p><strong>Cuma<\/strong><br>Saat 8:15 \u2013 12:15 aras\u0131<\/p>\n<p>\u00a0<\/p>\n<h2>\u00c7al\u0131\u015fma saatlerimiz d\u0131\u015f\u0131nda i\u015flem hakk\u0131nda sorular\u0131n m\u0131 var?<\/h2>\n<p>\u00c7al\u0131\u015fma saatlerimiz d\u0131\u015f\u0131nda n\u00f6bet\u00e7i aile hekimli\u011fi ile irtibata ge\u00e7ebilirsin. \u00a0\u00a0<\/p>    <\/div>\n<\/div>\n<!-- \/module text -->        <\/div>\n                    <div  data-lazy=\"1\" class=\"module_column sub_column col4-2 tb_v6mi58 last\">\n                    <!-- module text -->\n<div  class=\"module module-text tb_nc0h59   \" data-lazy=\"1\">\n        <div  class=\"tb_text_wrap\">\n        <form method=\"post\" enctype=\"multipart\/form-data\" id=\"vfbp-form-13\" class=\"vfbp-form\"><div style=\"display:none;\"><label for=\"vfbp-EMAIL-AN8fuQyoDLXem\">If you are human, leave this field blank.<\/label><input size=\"25\" autocomplete=\"off\" type=\"text\" name=\"vfbp-EMAIL-AN8fuQyoDLXem\" value=\"\" id=\"\"><\/div><input type=\"hidden\" name=\"_vfb-timestamp-13\" value=\"1777923082\" id=\"\"><input type=\"hidden\" name=\"_vfb-form-id\" value=\"13\" id=\"\"><div class=\"vfb-well vfb-col-12\" id=\"vfbField458\"><div class=\"vfb-form-group vfb-col-12\"><div><div class=\"\"><\/div><\/div><\/div><div class=\"vfb-col-12 vfb-fieldType-heading\" id=\"vfbField458\"><\/div><div class=\"vfb-clearfix\"><\/div><div class=\"vfb-col-6 vfb-fieldType-text\" id=\"vfbField459\"><div class=\"vfb-form-group\"><label for=\"vfb-field-459\" class=\"vfb-control-label\">Naam <span class=\"vfb-required-asterisk\">*<\/span><\/label><div><input id=\"vfb-field-459\" class=\"vfb-form-control\" placeholder=\"\u0130sim\" required=\"required\" type=\"text\" name=\"vfb-field-459\" value=\"\"><\/div><\/div><\/div><div class=\"vfb-col-6 vfb-fieldType-text\" id=\"vfbField460\"><div class=\"vfb-form-group\"><label for=\"vfb-field-460\" class=\"vfb-control-label\">Telefoon <span class=\"vfb-required-asterisk\">*<\/span><\/label><div><input id=\"vfb-field-460\" class=\"vfb-form-control\" placeholder=\"Telefon\" required=\"required\" type=\"text\" name=\"vfb-field-460\" value=\"\"><\/div><\/div><\/div><div class=\"vfb-clearfix\"><\/div><div class=\"vfb-col-12 vfb-fieldType-email\" id=\"vfbField461\"><div class=\"vfb-form-group\"><label for=\"vfb-field-461\" class=\"vfb-control-label\">E-Mail <span class=\"vfb-required-asterisk\">*<\/span><\/label><div><input id=\"vfb-field-461\" class=\"vfb-form-control\" placeholder=\"E-posta\" required=\"required\" type=\"email\" name=\"vfb-field-461\" value=\"\"><\/div><\/div><\/div><div class=\"vfb-clearfix\"><\/div><div class=\"vfb-col-12 vfb-fieldType-text\" id=\"vfbField464\"><div class=\"vfb-form-group\"><label for=\"vfb-field-464\" class=\"vfb-control-label\">Land<\/label><div><input id=\"vfb-field-464\" class=\"vfb-form-control\" placeholder=\"&Uuml;lke\" type=\"text\" name=\"vfb-field-464\" value=\"\"><\/div><\/div><\/div><div class=\"vfb-clearfix\"><\/div><div class=\"vfb-col-12 vfb-fieldType-date\" id=\"vfbField465\"><div class=\"vfb-form-group\"><label for=\"vfb-field-465\" class=\"vfb-control-label\">Geboortedatum<\/label><div><input id=\"vfb-field-465\" class=\"vfb-form-control\" placeholder=\"Do\u011fum tarihi\" data-provide=\"datepicker\" type=\"text\" name=\"vfb-field-465\" value=\"\"><\/div><\/div><\/div><div class=\"vfb-clearfix\"><\/div><div class=\"vfb-col-12 vfb-fieldType-select\" id=\"vfbField466\"><label for=\"vfb-field-466\" class=\"vfb-control-label\">Hoe lang denk je zwanger te zijn?<\/label><div><span class=\"vfb-help-block\">Ka\u00e7 haftal\u0131k gebe oldu\u011funu d\u00fc\u015f\u00fcn\u00fcyorsun?  \r\n<\/span><div class=\"vfb-form-group\"><select id=\"vfb-field-466\" class=\"vfb-form-control\" placeholder=\"\" name=\"vfb-field-466\"><option value=\"Bir se&ccedil;enek belirleyin...\">Bir se\u00e7enek belirleyin...<\/option><option value=\"6 Hafta ve 2 g&uuml;nden daha az  \">6 Hafta ve 2 g\u00fcnden daha az  <\/option><option value=\"9 Haftadan daha az \">9 Haftadan daha az <\/option><option value=\"13 Haftadan daha az \">13 Haftadan daha az <\/option><option value=\"13 Haftadan daha fazla\">13 Haftadan daha fazla<\/option><\/select><\/div><\/div><\/div><div class=\"vfb-clearfix\"><\/div><div class=\"vfb-col-12 vfb-fieldType-textarea\" id=\"vfbField467\"><div class=\"vfb-form-group\"><label for=\"vfb-field-467\" class=\"vfb-control-label\">Vraag<\/label><div><span class=\"vfb-help-block\">Ba\u015fka bir soru mu sormak istiyorsun?  <\/span><textarea id=\"vfb-field-467\" class=\"vfb-form-control\" placeholder=\"Soru\" rows=\"5\" name=\"vfb-field-467\" cols=\"50\"><\/textarea><\/div><\/div><\/div><div class=\"vfb-clearfix\"><\/div><div class=\"vfb-col-12 vfb-fieldType-captcha\" id=\"vfbField468\"><div class=\"vfb-form-group\"><div><div class=\"g-recaptcha-v3\" data-sitekey=\"6LdaVKwpAAAAAJJS2gHjtFFboOB5PN9_fuyUw9FK\"><\/div><input type=\"hidden\" name=\"_vfb_recaptcha_enabled\" value=\"1\" id=\"\"><input type=\"hidden\" id=\"g-recaptcha-response\" name=\"g-recaptcha-response\"><div class=\"vfb-has-error\" id=\"vfb-recaptcha-error\"><span class=\"vfb-help-block\">reCAPTCHA is required.<\/span><\/div><\/div><\/div><\/div><div class=\"vfb-clearfix\"><\/div><div class=\"vfb-col-12 vfb-fieldType-submit\" id=\"vfbField469\"><button id=\"vfb-field-469\" class=\" btn btn-primary\" placeholder=\"\" type=\"submit\" name=\"_vfb-submit\">G\u00f6nder<\/button><\/div><div class=\"vfb-clearfix\"><\/div><\/div> <!-- .vfb-well --><\/form>\n<p>\u00a0<\/p>    <\/div>\n<\/div>\n<!-- \/module text -->        <\/div>\n                    <\/div>\n                <\/div>\n                        <\/div>\n        <\/div>\n                        <div  data-css_id=\"kqpu792\" data-lazy=\"1\" class=\"module_row themify_builder_row fullwidth tb_kqpu792 tf_w\">\n                        <div class=\"row_inner col_align_top tb_col_count_1 tf_box tf_rel\">\n                        <div  data-lazy=\"1\" class=\"module_column tb-column col-full tb_ojrz794 first\">\n                    <!-- module image -->\n<div  class=\"module module-image tb_p6q1270 image-top   tf_mw\" data-lazy=\"1\">\n        <div class=\"image-wrap tf_rel tf_mw\">\n                \n        <\/div>\n    <!-- \/image-wrap -->\n    \n        <\/div>\n<!-- \/module image --><!-- module buttons -->\n<div  class=\"module module-buttons tb_r0u3860 buttons-horizontal solid \" data-lazy=\"1\">\n        <div class=\"module-buttons-item tf_in_flx\">\n                        <a href=\"https:\/\/www.google.com\/maps\/place\/Abortuskliniek+Stimezo+Zwolle\/@52.510895,6.1052348,11z\/data=!4m5!3m4!1s0x47c7df27db8b9c87:0x1ab7a016119d3c77!8m2!3d52.5050195!4d6.0935413\" class=\"ui builder_button tf_in_flx light-green\" >\n                                                Rota                                        <em><svg  class=\"tf_fa tf-fas-chevron-right\" aria-hidden=\"true\"><use href=\"#tf-fas-chevron-right\"><\/use><\/svg><\/em>                            <\/a>\n                <\/div>\n            <\/div>\n<!-- \/module buttons -->\n        <\/div>\n                        <\/div>\n        <\/div>\n        <\/div>\n<!--\/themify_builder_content-->","protected":false},"excerpt":{"rendered":"<p>Stimezo Zwolle K\u00fcrtaj Klini\u011fi ile randevu yapmak Randevu al Telefonla bize. Pazartesi-Per\u015fembe g\u00fcnleri 8:15 \u2013 16:15 saatleri aras\u0131nda ve Cuma g\u00fcn\u00fc 8:15 \u2013 12:15 saatleri aras\u0131nda ula\u015fabilirsiniz. +31 (0)38 &#8211; 421 7000 Soru iletin \u0130leti\u015fim formumuz vragen@stimezo-zwolle.nl \u0130stenmeyen gebelik sebebiyle gebeli\u011fini sonland\u0131rmay\u0131 m\u0131 d\u00fc\u015f\u00fcn\u00fcyorsun? Stimezo Zwolle K\u00fcrtaj Klini\u011fi do\u011fru karar\u0131 vermeniz i\u00e7in g\u00fcvenli bir ortam [&hellip;]<\/p>\n","protected":false},"author":1,"featured_media":0,"parent":0,"menu_order":0,"comment_status":"closed","ping_status":"closed","template":"","meta":{"inline_featured_image":false,"footnotes":""},"class_list":["post-3427","page","type-page","status-publish","hentry","has-post-title","has-post-date","has-post-category","has-post-tag","has-post-comment","has-post-author",""],"yoast_head":"<!-- This site is optimized with the Yoast SEO plugin v27.5 - https:\/\/yoast.com\/product\/yoast-seo-wordpress\/ -->\n<title>Temas - Abortuskliniek Stimezo - tel: 038-4217000<\/title>\n<meta name=\"description\" content=\"Een afspraak met abortuskliniek Stimezo maakt u via tel: 038-4217000 of e-mail: vragen@stimezo-zwolle.nl | Adres: Oosterlaan 14 in Zwolle.\" \/>\n<meta name=\"robots\" content=\"index, follow, max-snippet:-1, max-image-preview:large, max-video-preview:-1\" \/>\n<link rel=\"canonical\" href=\"https:\/\/www.stimezo-zwolle.nl\/tr\/temas\/\" \/>\n<meta property=\"og:locale\" content=\"tr_TR\" \/>\n<meta property=\"og:type\" content=\"article\" \/>\n<meta property=\"og:title\" content=\"Temas - Abortuskliniek Stimezo - tel: 038-4217000\" \/>\n<meta property=\"og:description\" content=\"Een afspraak met abortuskliniek Stimezo maakt u via tel: 038-4217000 of e-mail: vragen@stimezo-zwolle.nl | Adres: Oosterlaan 14 in Zwolle.\" \/>\n<meta property=\"og:url\" content=\"https:\/\/www.stimezo-zwolle.nl\/tr\/temas\/\" \/>\n<meta property=\"og:site_name\" content=\"Abortuskliniek Stimezo Zwolle\" \/>\n<meta property=\"article:modified_time\" content=\"2021-12-13T12:26:37+00:00\" \/>\n<meta name=\"twitter:card\" content=\"summary_large_image\" \/>\n<meta name=\"twitter:label1\" content=\"Tahmini okuma s\u00fcresi\" \/>\n\t<meta name=\"twitter:data1\" content=\"2 dakika\" \/>\n<script type=\"application\/ld+json\" class=\"yoast-schema-graph\">{\"@context\":\"https:\\\/\\\/schema.org\",\"@graph\":[{\"@type\":\"WebPage\",\"@id\":\"https:\\\/\\\/www.stimezo-zwolle.nl\\\/tr\\\/temas\\\/\",\"url\":\"https:\\\/\\\/www.stimezo-zwolle.nl\\\/tr\\\/temas\\\/\",\"name\":\"Temas - Abortuskliniek Stimezo - tel: 038-4217000\",\"isPartOf\":{\"@id\":\"https:\\\/\\\/www.stimezo-zwolle.nl\\\/tr\\\/#website\"},\"datePublished\":\"2021-06-28T12:06:16+00:00\",\"dateModified\":\"2021-12-13T12:26:37+00:00\",\"description\":\"Een afspraak met abortuskliniek Stimezo maakt u via tel: 038-4217000 of e-mail: vragen@stimezo-zwolle.nl | Adres: Oosterlaan 14 in Zwolle.\",\"breadcrumb\":{\"@id\":\"https:\\\/\\\/www.stimezo-zwolle.nl\\\/tr\\\/temas\\\/#breadcrumb\"},\"inLanguage\":\"tr\",\"potentialAction\":[{\"@type\":\"ReadAction\",\"target\":[\"https:\\\/\\\/www.stimezo-zwolle.nl\\\/tr\\\/temas\\\/\"]}]},{\"@type\":\"BreadcrumbList\",\"@id\":\"https:\\\/\\\/www.stimezo-zwolle.nl\\\/tr\\\/temas\\\/#breadcrumb\",\"itemListElement\":[{\"@type\":\"ListItem\",\"position\":1,\"name\":\"Home\",\"item\":\"https:\\\/\\\/www.stimezo-zwolle.nl\\\/tr\\\/\"},{\"@type\":\"ListItem\",\"position\":2,\"name\":\"Temas\"}]},{\"@type\":\"WebSite\",\"@id\":\"https:\\\/\\\/www.stimezo-zwolle.nl\\\/tr\\\/#website\",\"url\":\"https:\\\/\\\/www.stimezo-zwolle.nl\\\/tr\\\/\",\"name\":\"Abortuskliniek Stimezo Zwolle\",\"description\":\"Zorgt voor vrouwen\",\"publisher\":{\"@id\":\"https:\\\/\\\/www.stimezo-zwolle.nl\\\/tr\\\/#organization\"},\"potentialAction\":[{\"@type\":\"SearchAction\",\"target\":{\"@type\":\"EntryPoint\",\"urlTemplate\":\"https:\\\/\\\/www.stimezo-zwolle.nl\\\/tr\\\/?s={search_term_string}\"},\"query-input\":{\"@type\":\"PropertyValueSpecification\",\"valueRequired\":true,\"valueName\":\"search_term_string\"}}],\"inLanguage\":\"tr\"},{\"@type\":\"Organization\",\"@id\":\"https:\\\/\\\/www.stimezo-zwolle.nl\\\/tr\\\/#organization\",\"name\":\"Stimezo Zwolle\",\"url\":\"https:\\\/\\\/www.stimezo-zwolle.nl\\\/tr\\\/\",\"logo\":{\"@type\":\"ImageObject\",\"inLanguage\":\"tr\",\"@id\":\"https:\\\/\\\/www.stimezo-zwolle.nl\\\/tr\\\/#\\\/schema\\\/logo\\\/image\\\/\",\"url\":\"https:\\\/\\\/www.stimezo-zwolle.nl\\\/wp-content\\\/uploads\\\/2021\\\/06\\\/Stimezo-logo_metslogan_RGB_transparant.png\",\"contentUrl\":\"https:\\\/\\\/www.stimezo-zwolle.nl\\\/wp-content\\\/uploads\\\/2021\\\/06\\\/Stimezo-logo_metslogan_RGB_transparant.png\",\"width\":200,\"height\":100,\"caption\":\"Stimezo Zwolle\"},\"image\":{\"@id\":\"https:\\\/\\\/www.stimezo-zwolle.nl\\\/tr\\\/#\\\/schema\\\/logo\\\/image\\\/\"}}]}<\/script>\n<!-- \/ Yoast SEO plugin. -->","yoast_head_json":{"title":"Temas - Abortuskliniek Stimezo - tel: 038-4217000","description":"Een afspraak met abortuskliniek Stimezo maakt u via tel: 038-4217000 of e-mail: vragen@stimezo-zwolle.nl | Adres: Oosterlaan 14 in Zwolle.","robots":{"index":"index","follow":"follow","max-snippet":"max-snippet:-1","max-image-preview":"max-image-preview:large","max-video-preview":"max-video-preview:-1"},"canonical":"https:\/\/www.stimezo-zwolle.nl\/tr\/temas\/","og_locale":"tr_TR","og_type":"article","og_title":"Temas - Abortuskliniek Stimezo - tel: 038-4217000","og_description":"Een afspraak met abortuskliniek Stimezo maakt u via tel: 038-4217000 of e-mail: vragen@stimezo-zwolle.nl | Adres: Oosterlaan 14 in Zwolle.","og_url":"https:\/\/www.stimezo-zwolle.nl\/tr\/temas\/","og_site_name":"Abortuskliniek Stimezo Zwolle","article_modified_time":"2021-12-13T12:26:37+00:00","twitter_card":"summary_large_image","twitter_misc":{"Tahmini okuma s\u00fcresi":"2 dakika"},"schema":{"@context":"https:\/\/schema.org","@graph":[{"@type":"WebPage","@id":"https:\/\/www.stimezo-zwolle.nl\/tr\/temas\/","url":"https:\/\/www.stimezo-zwolle.nl\/tr\/temas\/","name":"Temas - Abortuskliniek Stimezo - tel: 038-4217000","isPartOf":{"@id":"https:\/\/www.stimezo-zwolle.nl\/tr\/#website"},"datePublished":"2021-06-28T12:06:16+00:00","dateModified":"2021-12-13T12:26:37+00:00","description":"Een afspraak met abortuskliniek Stimezo maakt u via tel: 038-4217000 of e-mail: vragen@stimezo-zwolle.nl | Adres: Oosterlaan 14 in Zwolle.","breadcrumb":{"@id":"https:\/\/www.stimezo-zwolle.nl\/tr\/temas\/#breadcrumb"},"inLanguage":"tr","potentialAction":[{"@type":"ReadAction","target":["https:\/\/www.stimezo-zwolle.nl\/tr\/temas\/"]}]},{"@type":"BreadcrumbList","@id":"https:\/\/www.stimezo-zwolle.nl\/tr\/temas\/#breadcrumb","itemListElement":[{"@type":"ListItem","position":1,"name":"Home","item":"https:\/\/www.stimezo-zwolle.nl\/tr\/"},{"@type":"ListItem","position":2,"name":"Temas"}]},{"@type":"WebSite","@id":"https:\/\/www.stimezo-zwolle.nl\/tr\/#website","url":"https:\/\/www.stimezo-zwolle.nl\/tr\/","name":"Abortuskliniek Stimezo Zwolle","description":"Zorgt voor vrouwen","publisher":{"@id":"https:\/\/www.stimezo-zwolle.nl\/tr\/#organization"},"potentialAction":[{"@type":"SearchAction","target":{"@type":"EntryPoint","urlTemplate":"https:\/\/www.stimezo-zwolle.nl\/tr\/?s={search_term_string}"},"query-input":{"@type":"PropertyValueSpecification","valueRequired":true,"valueName":"search_term_string"}}],"inLanguage":"tr"},{"@type":"Organization","@id":"https:\/\/www.stimezo-zwolle.nl\/tr\/#organization","name":"Stimezo Zwolle","url":"https:\/\/www.stimezo-zwolle.nl\/tr\/","logo":{"@type":"ImageObject","inLanguage":"tr","@id":"https:\/\/www.stimezo-zwolle.nl\/tr\/#\/schema\/logo\/image\/","url":"https:\/\/www.stimezo-zwolle.nl\/wp-content\/uploads\/2021\/06\/Stimezo-logo_metslogan_RGB_transparant.png","contentUrl":"https:\/\/www.stimezo-zwolle.nl\/wp-content\/uploads\/2021\/06\/Stimezo-logo_metslogan_RGB_transparant.png","width":200,"height":100,"caption":"Stimezo Zwolle"},"image":{"@id":"https:\/\/www.stimezo-zwolle.nl\/tr\/#\/schema\/logo\/image\/"}}]}},"_links":{"self":[{"href":"https:\/\/www.stimezo-zwolle.nl\/tr\/wp-json\/wp\/v2\/pages\/3427","targetHints":{"allow":["GET"]}}],"collection":[{"href":"https:\/\/www.stimezo-zwolle.nl\/tr\/wp-json\/wp\/v2\/pages"}],"about":[{"href":"https:\/\/www.stimezo-zwolle.nl\/tr\/wp-json\/wp\/v2\/types\/page"}],"author":[{"embeddable":true,"href":"https:\/\/www.stimezo-zwolle.nl\/tr\/wp-json\/wp\/v2\/users\/1"}],"replies":[{"embeddable":true,"href":"https:\/\/www.stimezo-zwolle.nl\/tr\/wp-json\/wp\/v2\/comments?post=3427"}],"version-history":[{"count":9,"href":"https:\/\/www.stimezo-zwolle.nl\/tr\/wp-json\/wp\/v2\/pages\/3427\/revisions"}],"predecessor-version":[{"id":3512,"href":"https:\/\/www.stimezo-zwolle.nl\/tr\/wp-json\/wp\/v2\/pages\/3427\/revisions\/3512"}],"wp:attachment":[{"href":"https:\/\/www.stimezo-zwolle.nl\/tr\/wp-json\/wp\/v2\/media?parent=3427"}],"curies":[{"name":"wp","href":"https:\/\/api.w.org\/{rel}","templated":true}]}}