{"id":2765,"date":"2021-09-07T11:56:45","date_gmt":"2021-09-07T11:56:45","guid":{"rendered":"https:\/\/stimezo.naareva.nl\/bedankt\/"},"modified":"2021-10-28T09:06:46","modified_gmt":"2021-10-28T09:06:46","slug":"bedankt","status":"publish","type":"page","link":"https:\/\/www.stimezo-zwolle.nl\/pl\/bedankt\/","title":{"rendered":"Bedankt"},"content":{"rendered":"<!--themify_builder_content-->\n<div id=\"themify_builder_content-2765\" data-postid=\"2765\" class=\"themify_builder_content themify_builder_content-2765 themify_builder tf_clear\">\n                    <div  data-css_id=\"bn9w465\" data-lazy=\"1\" class=\"module_row themify_builder_row fullheight fullwidth_row_container tb_bn9w465 tb_first tf_w\">\n                        <div class=\"row_inner col_align_top tb_col_count_1 tf_box tf_rel\">\n                        <div  data-lazy=\"1\" class=\"module_column tb-column col-full tb_cr4p466 first\">\n                    <!-- module text -->\n<div  class=\"module module-text tb_l3uc467   \" data-lazy=\"1\">\n        <div  class=\"tb_text_wrap\">\n        <h1>Dzi\u0119ki za wiadomo\u015b\u0107<\/h1>\n<p>\u00a0<\/p>\n<h2>Skontaktujemy si\u0119 z Tob\u0105 jak najszybciej.<\/h2>\n<p>\u00a0<\/p>    <\/div>\n<\/div>\n<!-- \/module text --><!-- module buttons -->\n<div  class=\"module module-buttons tb_uxfw831 buttons-horizontal solid \" data-lazy=\"1\">\n        <div class=\"module-buttons-item tf_in_flx\">\n                        <a href=\"https:\/\/www.stimezo-zwolle.nl\/?lang=pl\" class=\"ui builder_button tf_in_flx blue\" >\n                                                Gl\u00f3wna                                        <\/a>\n                <\/div>\n            <\/div>\n<!-- \/module buttons -->\n        <\/div>\n                        <\/div>\n        <\/div>\n                        <div  data-css_id=\"8ogi465\" data-lazy=\"1\" class=\"module_row themify_builder_row fullwidth_row_container tb_8ogi465 tf_w\">\n                        <div class=\"row_inner col_align_top tb_col_count_1 tf_box tf_rel\">\n                        <div  data-lazy=\"1\" class=\"module_column tb-column col-full tb_efwz468 first\">\n                            <\/div>\n                        <\/div>\n        <\/div>\n        <\/div>\n<!--\/themify_builder_content-->","protected":false},"excerpt":{"rendered":"<p>Dzi\u0119ki za wiadomo\u015b\u0107 \u00a0 Skontaktujemy si\u0119 z Tob\u0105 jak najszybciej. \u00a0 Gl\u00f3wna<\/p>\n","protected":false},"author":1,"featured_media":0,"parent":0,"menu_order":0,"comment_status":"closed","ping_status":"closed","template":"","meta":{"inline_featured_image":false,"footnotes":""},"class_list":["post-2765","page","type-page","status-publish","hentry","has-post-title","has-post-date","has-post-category","has-post-tag","has-post-comment","has-post-author",""],"yoast_head":"<!-- This site is optimized with the Yoast SEO plugin v27.4 - https:\/\/yoast.com\/product\/yoast-seo-wordpress\/ -->\n<title>Bedankt - Abortuskliniek Stimezo - Tel. 038-4217000<\/title>\n<meta name=\"description\" content=\"Bedankt voor uw bericht. Abortuskliniek Stimezo helpt vrouwen die zich als gevolg van een ongewenste zwangerschap tot onze kliniek wenden.\" \/>\n<meta name=\"robots\" content=\"index, follow, max-snippet:-1, max-image-preview:large, max-video-preview:-1\" \/>\n<link rel=\"canonical\" href=\"https:\/\/www.stimezo-zwolle.nl\/pl\/bedankt\/\" \/>\n<meta property=\"og:locale\" content=\"pl_PL\" \/>\n<meta property=\"og:type\" content=\"article\" \/>\n<meta property=\"og:title\" content=\"Bedankt - Abortuskliniek Stimezo - Tel. 038-4217000\" \/>\n<meta property=\"og:description\" content=\"Bedankt voor uw bericht. Abortuskliniek Stimezo helpt vrouwen die zich als gevolg van een ongewenste zwangerschap tot onze kliniek wenden.\" \/>\n<meta property=\"og:url\" content=\"https:\/\/www.stimezo-zwolle.nl\/pl\/bedankt\/\" \/>\n<meta property=\"og:site_name\" content=\"Klinika aborcyjna Stimezo Zwolle\" \/>\n<meta property=\"article:modified_time\" content=\"2021-10-28T09:06:46+00:00\" \/>\n<meta name=\"twitter:card\" content=\"summary_large_image\" \/>\n<script type=\"application\/ld+json\" class=\"yoast-schema-graph\">{\"@context\":\"https:\\\/\\\/schema.org\",\"@graph\":[{\"@type\":\"WebPage\",\"@id\":\"https:\\\/\\\/www.stimezo-zwolle.nl\\\/pl\\\/bedankt\\\/\",\"url\":\"https:\\\/\\\/www.stimezo-zwolle.nl\\\/pl\\\/bedankt\\\/\",\"name\":\"Bedankt - Abortuskliniek Stimezo - Tel. 038-4217000\",\"isPartOf\":{\"@id\":\"https:\\\/\\\/www.stimezo-zwolle.nl\\\/pl\\\/#website\"},\"datePublished\":\"2021-09-07T11:56:45+00:00\",\"dateModified\":\"2021-10-28T09:06:46+00:00\",\"description\":\"Bedankt voor uw bericht. Abortuskliniek Stimezo helpt vrouwen die zich als gevolg van een ongewenste zwangerschap tot onze kliniek wenden.\",\"breadcrumb\":{\"@id\":\"https:\\\/\\\/www.stimezo-zwolle.nl\\\/pl\\\/bedankt\\\/#breadcrumb\"},\"inLanguage\":\"pl-PL\",\"potentialAction\":[{\"@type\":\"ReadAction\",\"target\":[\"https:\\\/\\\/www.stimezo-zwolle.nl\\\/pl\\\/bedankt\\\/\"]}]},{\"@type\":\"BreadcrumbList\",\"@id\":\"https:\\\/\\\/www.stimezo-zwolle.nl\\\/pl\\\/bedankt\\\/#breadcrumb\",\"itemListElement\":[{\"@type\":\"ListItem\",\"position\":1,\"name\":\"Home\",\"item\":\"https:\\\/\\\/www.stimezo-zwolle.nl\\\/pl\\\/\"},{\"@type\":\"ListItem\",\"position\":2,\"name\":\"Bedankt\"}]},{\"@type\":\"WebSite\",\"@id\":\"https:\\\/\\\/www.stimezo-zwolle.nl\\\/pl\\\/#website\",\"url\":\"https:\\\/\\\/www.stimezo-zwolle.nl\\\/pl\\\/\",\"name\":\"Abortuskliniek Stimezo Zwolle\",\"description\":\"Zorgt voor vrouwen\",\"publisher\":{\"@id\":\"https:\\\/\\\/www.stimezo-zwolle.nl\\\/pl\\\/#organization\"},\"potentialAction\":[{\"@type\":\"SearchAction\",\"target\":{\"@type\":\"EntryPoint\",\"urlTemplate\":\"https:\\\/\\\/www.stimezo-zwolle.nl\\\/pl\\\/?s={search_term_string}\"},\"query-input\":{\"@type\":\"PropertyValueSpecification\",\"valueRequired\":true,\"valueName\":\"search_term_string\"}}],\"inLanguage\":\"pl-PL\"},{\"@type\":\"Organization\",\"@id\":\"https:\\\/\\\/www.stimezo-zwolle.nl\\\/pl\\\/#organization\",\"name\":\"Stimezo Zwolle\",\"url\":\"https:\\\/\\\/www.stimezo-zwolle.nl\\\/pl\\\/\",\"logo\":{\"@type\":\"ImageObject\",\"inLanguage\":\"pl-PL\",\"@id\":\"https:\\\/\\\/www.stimezo-zwolle.nl\\\/pl\\\/#\\\/schema\\\/logo\\\/image\\\/\",\"url\":\"https:\\\/\\\/www.stimezo-zwolle.nl\\\/wp-content\\\/uploads\\\/2021\\\/06\\\/Stimezo-logo_metslogan_RGB_transparant.png\",\"contentUrl\":\"https:\\\/\\\/www.stimezo-zwolle.nl\\\/wp-content\\\/uploads\\\/2021\\\/06\\\/Stimezo-logo_metslogan_RGB_transparant.png\",\"width\":200,\"height\":100,\"caption\":\"Stimezo Zwolle\"},\"image\":{\"@id\":\"https:\\\/\\\/www.stimezo-zwolle.nl\\\/pl\\\/#\\\/schema\\\/logo\\\/image\\\/\"}}]}<\/script>\n<!-- \/ Yoast SEO plugin. -->","yoast_head_json":{"title":"Bedankt - Abortuskliniek Stimezo - Tel. 038-4217000","description":"Bedankt voor uw bericht. Abortuskliniek Stimezo helpt vrouwen die zich als gevolg van een ongewenste zwangerschap tot onze kliniek wenden.","robots":{"index":"index","follow":"follow","max-snippet":"max-snippet:-1","max-image-preview":"max-image-preview:large","max-video-preview":"max-video-preview:-1"},"canonical":"https:\/\/www.stimezo-zwolle.nl\/pl\/bedankt\/","og_locale":"pl_PL","og_type":"article","og_title":"Bedankt - Abortuskliniek Stimezo - Tel. 038-4217000","og_description":"Bedankt voor uw bericht. Abortuskliniek Stimezo helpt vrouwen die zich als gevolg van een ongewenste zwangerschap tot onze kliniek wenden.","og_url":"https:\/\/www.stimezo-zwolle.nl\/pl\/bedankt\/","og_site_name":"Klinika aborcyjna Stimezo Zwolle","article_modified_time":"2021-10-28T09:06:46+00:00","twitter_card":"summary_large_image","schema":{"@context":"https:\/\/schema.org","@graph":[{"@type":"WebPage","@id":"https:\/\/www.stimezo-zwolle.nl\/pl\/bedankt\/","url":"https:\/\/www.stimezo-zwolle.nl\/pl\/bedankt\/","name":"Bedankt - Abortuskliniek Stimezo - Tel. 038-4217000","isPartOf":{"@id":"https:\/\/www.stimezo-zwolle.nl\/pl\/#website"},"datePublished":"2021-09-07T11:56:45+00:00","dateModified":"2021-10-28T09:06:46+00:00","description":"Bedankt voor uw bericht. Abortuskliniek Stimezo helpt vrouwen die zich als gevolg van een ongewenste zwangerschap tot onze kliniek wenden.","breadcrumb":{"@id":"https:\/\/www.stimezo-zwolle.nl\/pl\/bedankt\/#breadcrumb"},"inLanguage":"pl-PL","potentialAction":[{"@type":"ReadAction","target":["https:\/\/www.stimezo-zwolle.nl\/pl\/bedankt\/"]}]},{"@type":"BreadcrumbList","@id":"https:\/\/www.stimezo-zwolle.nl\/pl\/bedankt\/#breadcrumb","itemListElement":[{"@type":"ListItem","position":1,"name":"Home","item":"https:\/\/www.stimezo-zwolle.nl\/pl\/"},{"@type":"ListItem","position":2,"name":"Bedankt"}]},{"@type":"WebSite","@id":"https:\/\/www.stimezo-zwolle.nl\/pl\/#website","url":"https:\/\/www.stimezo-zwolle.nl\/pl\/","name":"Abortuskliniek Stimezo Zwolle","description":"Zorgt voor vrouwen","publisher":{"@id":"https:\/\/www.stimezo-zwolle.nl\/pl\/#organization"},"potentialAction":[{"@type":"SearchAction","target":{"@type":"EntryPoint","urlTemplate":"https:\/\/www.stimezo-zwolle.nl\/pl\/?s={search_term_string}"},"query-input":{"@type":"PropertyValueSpecification","valueRequired":true,"valueName":"search_term_string"}}],"inLanguage":"pl-PL"},{"@type":"Organization","@id":"https:\/\/www.stimezo-zwolle.nl\/pl\/#organization","name":"Stimezo Zwolle","url":"https:\/\/www.stimezo-zwolle.nl\/pl\/","logo":{"@type":"ImageObject","inLanguage":"pl-PL","@id":"https:\/\/www.stimezo-zwolle.nl\/pl\/#\/schema\/logo\/image\/","url":"https:\/\/www.stimezo-zwolle.nl\/wp-content\/uploads\/2021\/06\/Stimezo-logo_metslogan_RGB_transparant.png","contentUrl":"https:\/\/www.stimezo-zwolle.nl\/wp-content\/uploads\/2021\/06\/Stimezo-logo_metslogan_RGB_transparant.png","width":200,"height":100,"caption":"Stimezo Zwolle"},"image":{"@id":"https:\/\/www.stimezo-zwolle.nl\/pl\/#\/schema\/logo\/image\/"}}]}},"_links":{"self":[{"href":"https:\/\/www.stimezo-zwolle.nl\/pl\/wp-json\/wp\/v2\/pages\/2765","targetHints":{"allow":["GET"]}}],"collection":[{"href":"https:\/\/www.stimezo-zwolle.nl\/pl\/wp-json\/wp\/v2\/pages"}],"about":[{"href":"https:\/\/www.stimezo-zwolle.nl\/pl\/wp-json\/wp\/v2\/types\/page"}],"author":[{"embeddable":true,"href":"https:\/\/www.stimezo-zwolle.nl\/pl\/wp-json\/wp\/v2\/users\/1"}],"replies":[{"embeddable":true,"href":"https:\/\/www.stimezo-zwolle.nl\/pl\/wp-json\/wp\/v2\/comments?post=2765"}],"version-history":[{"count":2,"href":"https:\/\/www.stimezo-zwolle.nl\/pl\/wp-json\/wp\/v2\/pages\/2765\/revisions"}],"predecessor-version":[{"id":2771,"href":"https:\/\/www.stimezo-zwolle.nl\/pl\/wp-json\/wp\/v2\/pages\/2765\/revisions\/2771"}],"wp:attachment":[{"href":"https:\/\/www.stimezo-zwolle.nl\/pl\/wp-json\/wp\/v2\/media?parent=2765"}],"curies":[{"name":"wp","href":"https:\/\/api.w.org\/{rel}","templated":true}]}}