{"id":2683,"date":"2021-06-28T11:50:48","date_gmt":"2021-06-28T11:50:48","guid":{"rendered":"https:\/\/stimezo.naareva.nl\/na-een-zuigcurettage\/"},"modified":"2026-02-23T14:30:43","modified_gmt":"2026-02-23T14:30:43","slug":"po-zabiegu-aborcji-metoda-prozniowa","status":"publish","type":"page","link":"https:\/\/www.stimezo-zwolle.nl\/pl\/po-zabiegu-aborcji-metoda-prozniowa\/","title":{"rendered":"Po zabiegu aborcji metod\u0105 pr\u00f3\u017cniow\u0105"},"content":{"rendered":"<!--themify_builder_content-->\n<div id=\"themify_builder_content-2683\" data-postid=\"2683\" class=\"themify_builder_content themify_builder_content-2683 themify_builder tf_clear\">\n                    <div  data-css_id=\"lq2k902\" data-lazy=\"1\" class=\"module_row themify_builder_row fullheight fullwidth_row_container tb_lq2k902 tb_first tf_w\">\n                        <div class=\"row_inner col_align_top tb_col_count_2 tf_box tf_rel\">\n                        <div  data-lazy=\"1\" class=\"module_column tb-column col4-2 tb_v801495 first\">\n                    <!-- module text -->\n<div  class=\"module module-text tb_b951495   \" data-lazy=\"1\">\n        <div  class=\"tb_text_wrap\">\n        <h1 class=\"module h1\">Po aborcji metod\u0105 pr\u00f3\u017cniow\u0105<\/h1>\n<article class=\"module text\"><\/article>    <\/div>\n<\/div>\n<!-- \/module text -->        <\/div>\n                    <div  data-lazy=\"1\" class=\"module_column tb-column col4-2 tb_b06o904 last\">\n                            <\/div>\n                        <\/div>\n        <\/div>\n                        <div  data-lazy=\"1\" class=\"module_row themify_builder_row tb_c4vu902 tf_w\">\n                        <div class=\"row_inner col_align_top tb_col_count_2 tf_box tf_rel\">\n                        <div  data-lazy=\"1\" class=\"module_column tb-column col3-1 tb_gmxr905 first\">\n                    <!-- module template_part -->\n<div  class=\"module module-layout-part tb_3w4m905 \">\n    <div class=\"tb_layout_part_wrap tf_w\"><!--themify_builder_content-->\n    <div  class=\"themify_builder_content themify_builder_content-2772 themify_builder not_editable_builder in_the_loop\" data-postid=\"2772\">\n                        <div  data-lazy=\"1\" class=\"module_row themify_builder_row tb_81kv780 tf_w\">\n                        <div class=\"row_inner col_align_top tb_col_count_1 tf_box tf_rel\">\n                        <div  data-lazy=\"1\" class=\"module_column tb-column col-full tb_z7x4101 first\">\n                    <!-- module text -->\n<div  class=\"module module-text tb_o9s1009  repeat \" data-lazy=\"1\">\n        <div  class=\"tb_text_wrap\">\n        <h2>Um\u00f3w si\u0119 na spotkanie<\/h2>    <\/div>\n<\/div>\n<!-- \/module text --><!-- module text -->\n<div  class=\"module module-text tb_2uvw789   \" data-lazy=\"1\">\n        <div  class=\"tb_text_wrap\">\n        <h2>Jeste\u015bmy dost\u0119pni telefonicznie od poniedzia\u0142ku do czwartku w\u0142\u0105cznie w godzinach 8.15 \u2013 16.15 i w pi\u0105tek w godzinach 8.15 \u2013 12.15.<\/h2>    <\/div>\n<\/div>\n<!-- \/module text --><!-- module icon -->\n<div  class=\"module module-icon tb_cei8100  normal none icon_horizontal \" data-lazy=\"1\">\n\t\t\t<div class=\"module-icon-item\">\n\t\t\t\t\t\t\t<a href=\"tel:0031384217000\">\n\t\t\t\t\t\t\t\t\t\t\t\t\t\t\t\t\t<em class=\"tf_box\"\n\t\t\t\t\t\t\t\t\t\t\t\t\t\t\t\t\t><svg  class=\"tf_fa tf-fas-phone-alt\" aria-hidden=\"true\"><use href=\"#tf-fas-phone-alt\"><\/use><\/svg><\/em>\n\t\t\t\t\t\t\t\t\t\t\t\t\t\t\t\t\t\t\t<span>+31 (0)38 - 421 7000<\/span>\n\t\t\t\t\t\t\t\t\t\t\t\t\t\t\t\t\t<\/a>\n\t\t\t\t\t<\/div>\n\t<\/div>\n<!-- \/module icon -->\n<!-- module text -->\n<div  class=\"module module-text tb_pk4s900  repeat \" data-lazy=\"1\">\n        <div  class=\"tb_text_wrap\">\n        <h2>Lub zadaj pytanie przez<\/h2>    <\/div>\n<\/div>\n<!-- \/module text --><!-- module icon -->\n<div  class=\"module module-icon tb_aq0j000  normal none icon_vertical \" data-lazy=\"1\">\n\t\t\t<div class=\"module-icon-item\">\n\t\t\t\t\t\t\t<a href=\"https:\/\/www.stimezo-zwolle.nl\/contact\/\">\n\t\t\t\t\t\t\t\t\t\t\t\t\t\t\t\t\t<em class=\"tf_boxlight-green\"\n\t\t\t\t\t\t\t\t\t\t\t\t\t\t\t\t\t><svg  class=\"tf_fa tf-fas-list-ul\" aria-hidden=\"true\"><use href=\"#tf-fas-list-ul\"><\/use><\/svg><\/em>\n\t\t\t\t\t\t\t\t\t\t\t\t\t\t\t\t\t\t\t<span>Nasz formularz kontaktowy <\/span>\n\t\t\t\t\t\t\t\t\t\t\t\t\t\t\t\t\t<\/a>\n\t\t\t\t\t<\/div>\n\t\t\t<div class=\"module-icon-item\">\n\t\t\t\t\t\t\t<a href=\"mailto:vragen@stimezo-zwolle.nl\">\n\t\t\t\t\t\t\t\t\t\t\t\t\t\t\t\t\t<em class=\"tf_boxlight-green\"\n\t\t\t\t\t\t\t\t\t\t\t\t\t\t\t\t\t><svg  class=\"tf_fa tf-fas-envelope\" aria-hidden=\"true\"><use href=\"#tf-fas-envelope\"><\/use><\/svg><\/em>\n\t\t\t\t\t\t\t\t\t\t\t\t\t\t\t\t\t\t\t<span>vragen@stimezo-zwolle.nl<\/span>\n\t\t\t\t\t\t\t\t\t\t\t\t\t\t\t\t\t<\/a>\n\t\t\t\t\t<\/div>\n\t<\/div>\n<!-- \/module icon -->\n        <\/div>\n                        <\/div>\n        <\/div>\n            <\/div>\n<!--\/themify_builder_content--><\/div>\n<\/div>\n<!-- \/module template_part -->        <\/div>\n                    <div  data-lazy=\"1\" class=\"module_column tb-column col3-2 tb_ww6p905 last\">\n                    <!-- module text -->\n<div  class=\"module module-text tb_uws9906   \" data-lazy=\"1\">\n        <div  class=\"tb_text_wrap\">\n        <h2>Aborcja jest zabiegiem bezpiecznym z medycznego punktu widzenia<\/h2>\n<p>Przerywanie ci\u0105\u017cy w naszej klinice jest zabiegiem bezpiecznym medycznie, a ryzyko powik\u0142a\u0144 jest bardzo niskie. W pierwszym okresie po zabiegu nale\u017cy pami\u0119ta\u0107 o kilku rzeczach.\u00a0<strong>Bezpo\u015brednio po aborcji<\/strong>\u00a0ryzyko wyst\u0105pienia powik\u0142a\u0144 jest najwi\u0119ksze. Zaleca si\u0119, aby przez kilka dni nie przem\u0119cza\u0107 si\u0119 i du\u017co odpoczywa\u0107. Nag\u0142e zmiany hormonalne mog\u0105 sprawi\u0107, \u017ce poczujesz si\u0119 zm\u0119czona i mog\u0105 wyst\u0105pi\u0107 zaburzenia r\u00f3wnowagi. Po zabiegu temperatura cia\u0142a jest cz\u0119sto lekko podwy\u017cszona. Bez innych dolegliwo\u015bci, temperatura poni\u017cej 38,5\u00b0C nie jest niepokoj\u0105ca.<\/p>    <\/div>\n<\/div>\n<!-- \/module text --><!-- module button pro -->\n<div  id=\"tb_9xkv906\" class=\"module module-button tb_9xkv906 button-link-row_scroll  tb_default_color\" data-lazy=\"1\">\n\t\n    <a  class=\"ui builder_button tb_default_color scroll-next-row\" href=\"#\">\n\t\t<span><svg  class=\"tf_fa tf-fas-chevron-down\" aria-hidden=\"true\"><use href=\"#tf-fas-chevron-down\"><\/use><\/svg><\/span> \t\t<span><\/span>\n    <\/a>\n\n\t\n\t<\/div>\n<!-- \/module button pro -->\n        <\/div>\n                        <\/div>\n        <\/div>\n                        <div  data-css_id=\"t5er902\" data-lazy=\"1\" class=\"module_row themify_builder_row fullwidth_row_container tb_t5er902 tf_w\">\n                        <div class=\"row_inner col_align_top tb_col_count_2 tf_box tf_rel\">\n                        <div  data-lazy=\"1\" class=\"module_column tb-column col3-2 tb_hrof683 first\">\n                    <!-- module text -->\n<div  class=\"module module-text tb_tfg7683   \" data-lazy=\"1\">\n        <div  class=\"tb_text_wrap\">\n        <h2>Czego mo\u017cna si\u0119 spodziewa\u0107 po aborcji?<\/h2>\n<ul>\n<li>Intensywno\u015b\u0107 krwawie\u0144 mo\u017ce by\u0107 zr\u00f3\u017cnicowana w ci\u0105gu 10 do 14 dni po przerwaniu ci\u0105\u017cy, a tak\u017ce mog\u0105 wyst\u0119powa\u0107 skrzepy i skurcze brzucha.<\/li>\n<li>Zazwyczaj utrata krwi w pierwszych dniach po zabiegu aborcji metod\u0105 pr\u00f3\u017cniow\u0105 jest umiarkowana albo nie wyst\u0119puje wcale, a po 2<sup>do<\/sup>\u00a0-3<sup>dniach<\/sup><\/li>\n<li>Krwawienie mo\u017ce czasami trwa\u0107 do nast\u0119pnej miesi\u0105czki.<\/li>\n<li>Je\u015bli po zabiegu za\u0142o\u017cono Ci spiral\u0119 (wk\u0142adk\u0119 wewn\u0105trzmaciczn\u0105), objawy te mog\u0105 utrzymywa\u0107 si\u0119 d\u0142u\u017cej.<\/li>\n<\/ul>\n<p>&nbsp;<\/p>\n<h2>Co powinna\u015b robi\u0107, a czego nie robi\u0107?<\/h2>\n<ul>\n<li>W klinice otrzymasz antybiotyk (2 tabletki azytromycyny 500 mg). Aby unikn\u0105\u0107 infekcji, zaleca si\u0119 przez 10-14 dni po aborcji\u00a0<strong>NIE\u00a0<\/strong>u\u017cywa\u0107 tampon\u00f3w lub kubeczka menstruacyjnego,\u00a0<strong>NIE<\/strong>\u00a0uprawia\u0107 seksu waginalnego,\u00a0<strong>NIE<\/strong>\u00a0p\u0142ywa\u0107 i\u00a0<strong>NIE<\/strong>\u00a0k\u0105pa\u0107 si\u0119.<\/li>\n<li>Na b\u00f3l mo\u017cna za\u017cy\u0107 lek przeciwb\u00f3lowy (500 mg naproxen, 400 mg ibuprofen lub 50 mg diclofenac). W razie potrzeby mo\u017cna to uzupe\u0142ni\u0107 paracetamolem w dawce 1000 mg.<\/li>\n<\/ul>\n    <\/div>\n<\/div>\n<!-- \/module text --><!-- module box -->\n<div  class=\"module module-box tb_ey7l123  hide-desktop hide-tablet hide-tablet_landscape\" data-lazy=\"1\">\n    <div class=\"module-box-content ui  tb_default_color\">\n                <div class=\"tb_text_wrap\"><h2>Kiedy nale\u017cy si\u0119 skontaktowa\u0107?<\/h2>\n<p>Zalecamy\u00a0<strong>skontaktowanie si\u0119 z klinik\u0105<\/strong>\u00a0w godzinach otwarcia lub\u00a0<strong>ze swoim lekarzem rodzinnym\/przychodni\u0105 dy\u017curuj\u0105c\u0105<\/strong>\u00a0poza godzinami otwarcia, gdy<\/p>\n<ul>\n<li>masz gor\u0105czk\u0119 (38,5 stopni lub wi\u0119cej) utrzymuj\u0105c\u0105 si\u0119 d\u0142u\u017cej ni\u017c przez 24 godziny.<\/li>\n<li>masz uporczywy, silny b\u00f3l, na kt\u00f3ry nie pomagaj\u0105 wy\u017cej wymienione \u015brodki przeciwb\u00f3lowe.<\/li>\n<\/ul>\n<p>&nbsp;<\/p>\n<p>Nasz numer telefonu to +31(0)38 4217000 i nasz adres e-mail to\u00a0<a href=\"mailto:vragen@stimezo-zwolle.nl\">vragen@stimezo-zwolle.nl<\/a>.<\/p>\n<\/div>\n    <\/div>\n<\/div>\n<!-- \/module box -->\n<!-- module text -->\n<div  class=\"module module-text tb_5770288   \" data-lazy=\"1\">\n        <div  class=\"tb_text_wrap\">\n        <p>W razie jakichkolwiek pyta\u0144 lub w\u0105tpliwo\u015bci odno\u015bnie stanu zdrowia po zabiegu aborcji metod\u0105 pr\u00f3\u017cniow\u0105, zawsze mo\u017cesz skontaktowa\u0107 si\u0119 z nasz\u0105 klinik\u0105 lub z lekarzem rodzinnym.<\/p>\n<p>\u00a0<\/p>    <\/div>\n<\/div>\n<!-- \/module text -->        <\/div>\n                    <div  data-lazy=\"1\" class=\"module_column tb-column col3-1 tb_l1nz241 last\">\n                    <!-- module box -->\n<div  class=\"module module-box tb_4zbs736  hide-mobile\" data-lazy=\"1\">\n    <div class=\"module-box-content ui  tb_default_color\">\n                <div class=\"tb_text_wrap\"><h2>Kiedy nale\u017cy si\u0119 skontaktowa\u0107?<\/h2>\n<p>Zalecamy\u00a0<strong>skontaktowanie si\u0119 z klinik\u0105<\/strong>\u00a0w godzinach otwarcia lub\u00a0<strong>ze swoim lekarzem rodzinnym\/przychodni\u0105 dy\u017curuj\u0105c\u0105<\/strong>\u00a0poza godzinami otwarcia, gdy<\/p>\n<ul>\n<li>masz gor\u0105czk\u0119 (38,5 stopni lub wi\u0119cej) utrzymuj\u0105c\u0105 si\u0119 d\u0142u\u017cej ni\u017c przez 24 godziny.<\/li>\n<li>masz uporczywy, silny b\u00f3l, na kt\u00f3ry nie pomagaj\u0105 wy\u017cej wymienione \u015brodki przeciwb\u00f3lowe.<\/li>\n<\/ul>\n<p>&nbsp;<\/p>\n<p>Nasz numer telefonu to +31(0)38 4217000 i nasz adres e-mail to\u00a0<a href=\"mailto:vragen@stimezo-zwolle.nl\">vragen@stimezo-zwolle.nl<\/a>.<\/p>\n<\/div>\n    <\/div>\n<\/div>\n<!-- \/module box -->\n        <\/div>\n                        <\/div>\n        <\/div>\n        <\/div>\n<!--\/themify_builder_content-->","protected":false},"excerpt":{"rendered":"<p>Po aborcji metod\u0105 pr\u00f3\u017cniow\u0105 Aborcja jest zabiegiem bezpiecznym z medycznego punktu widzenia Przerywanie ci\u0105\u017cy w naszej klinice jest zabiegiem bezpiecznym medycznie, a ryzyko powik\u0142a\u0144 jest bardzo niskie. W pierwszym okresie po zabiegu nale\u017cy pami\u0119ta\u0107 o kilku rzeczach.\u00a0Bezpo\u015brednio po aborcji\u00a0ryzyko wyst\u0105pienia powik\u0142a\u0144 jest najwi\u0119ksze. Zaleca si\u0119, aby przez kilka dni nie przem\u0119cza\u0107 si\u0119 i du\u017co odpoczywa\u0107. [&hellip;]<\/p>\n","protected":false},"author":1,"featured_media":0,"parent":0,"menu_order":0,"comment_status":"closed","ping_status":"closed","template":"","meta":{"inline_featured_image":false,"footnotes":""},"class_list":["post-2683","page","type-page","status-publish","hentry","has-post-title","has-post-date","has-post-category","has-post-tag","has-post-comment","has-post-author",""],"yoast_head":"<!-- This site is optimized with the Yoast SEO plugin v27.5 - https:\/\/yoast.com\/product\/yoast-seo-wordpress\/ -->\n<title>Po zabiegu aborcji metod\u0105 pr\u00f3\u017cniow\u0105 - Klinika aborcyjna Stimezo Zwolle<\/title>\n<meta name=\"description\" content=\"Wat kunt u verwachten na een zuigcurettage? Wat moet u doen en wat moet u laten? Abortuskliniek Stimezo helpt bij zwangerschapsafbreking.\" \/>\n<meta name=\"robots\" content=\"index, follow, max-snippet:-1, max-image-preview:large, max-video-preview:-1\" \/>\n<link rel=\"canonical\" href=\"https:\/\/www.stimezo-zwolle.nl\/pl\/po-zabiegu-aborcji-metoda-prozniowa\/\" \/>\n<meta property=\"og:locale\" content=\"pl_PL\" \/>\n<meta property=\"og:type\" content=\"article\" \/>\n<meta property=\"og:title\" content=\"Po zabiegu aborcji metod\u0105 pr\u00f3\u017cniow\u0105 - Klinika aborcyjna Stimezo Zwolle\" \/>\n<meta property=\"og:description\" content=\"Wat kunt u verwachten na een zuigcurettage? Wat moet u doen en wat moet u laten? Abortuskliniek Stimezo helpt bij zwangerschapsafbreking.\" \/>\n<meta property=\"og:url\" content=\"https:\/\/www.stimezo-zwolle.nl\/pl\/po-zabiegu-aborcji-metoda-prozniowa\/\" \/>\n<meta property=\"og:site_name\" content=\"Klinika aborcyjna Stimezo Zwolle\" \/>\n<meta property=\"article:modified_time\" content=\"2026-02-23T14:30:43+00:00\" \/>\n<meta name=\"twitter:card\" content=\"summary_large_image\" \/>\n<meta name=\"twitter:label1\" content=\"Szacowany czas czytania\" \/>\n\t<meta name=\"twitter:data1\" content=\"2 minuty\" \/>\n<script type=\"application\/ld+json\" class=\"yoast-schema-graph\">{\"@context\":\"https:\\\/\\\/schema.org\",\"@graph\":[{\"@type\":\"WebPage\",\"@id\":\"https:\\\/\\\/www.stimezo-zwolle.nl\\\/pl\\\/po-zabiegu-aborcji-metoda-prozniowa\\\/\",\"url\":\"https:\\\/\\\/www.stimezo-zwolle.nl\\\/pl\\\/po-zabiegu-aborcji-metoda-prozniowa\\\/\",\"name\":\"Po zabiegu aborcji metod\u0105 pr\u00f3\u017cniow\u0105 - Klinika aborcyjna Stimezo Zwolle\",\"isPartOf\":{\"@id\":\"https:\\\/\\\/www.stimezo-zwolle.nl\\\/pl\\\/#website\"},\"datePublished\":\"2021-06-28T11:50:48+00:00\",\"dateModified\":\"2026-02-23T14:30:43+00:00\",\"description\":\"Wat kunt u verwachten na een zuigcurettage? Wat moet u doen en wat moet u laten? Abortuskliniek Stimezo helpt bij zwangerschapsafbreking.\",\"breadcrumb\":{\"@id\":\"https:\\\/\\\/www.stimezo-zwolle.nl\\\/pl\\\/po-zabiegu-aborcji-metoda-prozniowa\\\/#breadcrumb\"},\"inLanguage\":\"pl-PL\",\"potentialAction\":[{\"@type\":\"ReadAction\",\"target\":[\"https:\\\/\\\/www.stimezo-zwolle.nl\\\/pl\\\/po-zabiegu-aborcji-metoda-prozniowa\\\/\"]}]},{\"@type\":\"BreadcrumbList\",\"@id\":\"https:\\\/\\\/www.stimezo-zwolle.nl\\\/pl\\\/po-zabiegu-aborcji-metoda-prozniowa\\\/#breadcrumb\",\"itemListElement\":[{\"@type\":\"ListItem\",\"position\":1,\"name\":\"Home\",\"item\":\"https:\\\/\\\/www.stimezo-zwolle.nl\\\/pl\\\/\"},{\"@type\":\"ListItem\",\"position\":2,\"name\":\"Po zabiegu aborcji metod\u0105 pr\u00f3\u017cniow\u0105\"}]},{\"@type\":\"WebSite\",\"@id\":\"https:\\\/\\\/www.stimezo-zwolle.nl\\\/pl\\\/#website\",\"url\":\"https:\\\/\\\/www.stimezo-zwolle.nl\\\/pl\\\/\",\"name\":\"Abortuskliniek Stimezo Zwolle\",\"description\":\"Zorgt voor vrouwen\",\"publisher\":{\"@id\":\"https:\\\/\\\/www.stimezo-zwolle.nl\\\/pl\\\/#organization\"},\"potentialAction\":[{\"@type\":\"SearchAction\",\"target\":{\"@type\":\"EntryPoint\",\"urlTemplate\":\"https:\\\/\\\/www.stimezo-zwolle.nl\\\/pl\\\/?s={search_term_string}\"},\"query-input\":{\"@type\":\"PropertyValueSpecification\",\"valueRequired\":true,\"valueName\":\"search_term_string\"}}],\"inLanguage\":\"pl-PL\"},{\"@type\":\"Organization\",\"@id\":\"https:\\\/\\\/www.stimezo-zwolle.nl\\\/pl\\\/#organization\",\"name\":\"Stimezo Zwolle\",\"url\":\"https:\\\/\\\/www.stimezo-zwolle.nl\\\/pl\\\/\",\"logo\":{\"@type\":\"ImageObject\",\"inLanguage\":\"pl-PL\",\"@id\":\"https:\\\/\\\/www.stimezo-zwolle.nl\\\/pl\\\/#\\\/schema\\\/logo\\\/image\\\/\",\"url\":\"https:\\\/\\\/www.stimezo-zwolle.nl\\\/wp-content\\\/uploads\\\/2021\\\/06\\\/Stimezo-logo_metslogan_RGB_transparant.png\",\"contentUrl\":\"https:\\\/\\\/www.stimezo-zwolle.nl\\\/wp-content\\\/uploads\\\/2021\\\/06\\\/Stimezo-logo_metslogan_RGB_transparant.png\",\"width\":200,\"height\":100,\"caption\":\"Stimezo Zwolle\"},\"image\":{\"@id\":\"https:\\\/\\\/www.stimezo-zwolle.nl\\\/pl\\\/#\\\/schema\\\/logo\\\/image\\\/\"}}]}<\/script>\n<!-- \/ Yoast SEO plugin. -->","yoast_head_json":{"title":"Po zabiegu aborcji metod\u0105 pr\u00f3\u017cniow\u0105 - Klinika aborcyjna Stimezo Zwolle","description":"Wat kunt u verwachten na een zuigcurettage? Wat moet u doen en wat moet u laten? Abortuskliniek Stimezo helpt bij zwangerschapsafbreking.","robots":{"index":"index","follow":"follow","max-snippet":"max-snippet:-1","max-image-preview":"max-image-preview:large","max-video-preview":"max-video-preview:-1"},"canonical":"https:\/\/www.stimezo-zwolle.nl\/pl\/po-zabiegu-aborcji-metoda-prozniowa\/","og_locale":"pl_PL","og_type":"article","og_title":"Po zabiegu aborcji metod\u0105 pr\u00f3\u017cniow\u0105 - Klinika aborcyjna Stimezo Zwolle","og_description":"Wat kunt u verwachten na een zuigcurettage? Wat moet u doen en wat moet u laten? Abortuskliniek Stimezo helpt bij zwangerschapsafbreking.","og_url":"https:\/\/www.stimezo-zwolle.nl\/pl\/po-zabiegu-aborcji-metoda-prozniowa\/","og_site_name":"Klinika aborcyjna Stimezo Zwolle","article_modified_time":"2026-02-23T14:30:43+00:00","twitter_card":"summary_large_image","twitter_misc":{"Szacowany czas czytania":"2 minuty"},"schema":{"@context":"https:\/\/schema.org","@graph":[{"@type":"WebPage","@id":"https:\/\/www.stimezo-zwolle.nl\/pl\/po-zabiegu-aborcji-metoda-prozniowa\/","url":"https:\/\/www.stimezo-zwolle.nl\/pl\/po-zabiegu-aborcji-metoda-prozniowa\/","name":"Po zabiegu aborcji metod\u0105 pr\u00f3\u017cniow\u0105 - Klinika aborcyjna Stimezo Zwolle","isPartOf":{"@id":"https:\/\/www.stimezo-zwolle.nl\/pl\/#website"},"datePublished":"2021-06-28T11:50:48+00:00","dateModified":"2026-02-23T14:30:43+00:00","description":"Wat kunt u verwachten na een zuigcurettage? Wat moet u doen en wat moet u laten? Abortuskliniek Stimezo helpt bij zwangerschapsafbreking.","breadcrumb":{"@id":"https:\/\/www.stimezo-zwolle.nl\/pl\/po-zabiegu-aborcji-metoda-prozniowa\/#breadcrumb"},"inLanguage":"pl-PL","potentialAction":[{"@type":"ReadAction","target":["https:\/\/www.stimezo-zwolle.nl\/pl\/po-zabiegu-aborcji-metoda-prozniowa\/"]}]},{"@type":"BreadcrumbList","@id":"https:\/\/www.stimezo-zwolle.nl\/pl\/po-zabiegu-aborcji-metoda-prozniowa\/#breadcrumb","itemListElement":[{"@type":"ListItem","position":1,"name":"Home","item":"https:\/\/www.stimezo-zwolle.nl\/pl\/"},{"@type":"ListItem","position":2,"name":"Po zabiegu aborcji metod\u0105 pr\u00f3\u017cniow\u0105"}]},{"@type":"WebSite","@id":"https:\/\/www.stimezo-zwolle.nl\/pl\/#website","url":"https:\/\/www.stimezo-zwolle.nl\/pl\/","name":"Abortuskliniek Stimezo Zwolle","description":"Zorgt voor vrouwen","publisher":{"@id":"https:\/\/www.stimezo-zwolle.nl\/pl\/#organization"},"potentialAction":[{"@type":"SearchAction","target":{"@type":"EntryPoint","urlTemplate":"https:\/\/www.stimezo-zwolle.nl\/pl\/?s={search_term_string}"},"query-input":{"@type":"PropertyValueSpecification","valueRequired":true,"valueName":"search_term_string"}}],"inLanguage":"pl-PL"},{"@type":"Organization","@id":"https:\/\/www.stimezo-zwolle.nl\/pl\/#organization","name":"Stimezo Zwolle","url":"https:\/\/www.stimezo-zwolle.nl\/pl\/","logo":{"@type":"ImageObject","inLanguage":"pl-PL","@id":"https:\/\/www.stimezo-zwolle.nl\/pl\/#\/schema\/logo\/image\/","url":"https:\/\/www.stimezo-zwolle.nl\/wp-content\/uploads\/2021\/06\/Stimezo-logo_metslogan_RGB_transparant.png","contentUrl":"https:\/\/www.stimezo-zwolle.nl\/wp-content\/uploads\/2021\/06\/Stimezo-logo_metslogan_RGB_transparant.png","width":200,"height":100,"caption":"Stimezo Zwolle"},"image":{"@id":"https:\/\/www.stimezo-zwolle.nl\/pl\/#\/schema\/logo\/image\/"}}]}},"_links":{"self":[{"href":"https:\/\/www.stimezo-zwolle.nl\/pl\/wp-json\/wp\/v2\/pages\/2683","targetHints":{"allow":["GET"]}}],"collection":[{"href":"https:\/\/www.stimezo-zwolle.nl\/pl\/wp-json\/wp\/v2\/pages"}],"about":[{"href":"https:\/\/www.stimezo-zwolle.nl\/pl\/wp-json\/wp\/v2\/types\/page"}],"author":[{"embeddable":true,"href":"https:\/\/www.stimezo-zwolle.nl\/pl\/wp-json\/wp\/v2\/users\/1"}],"replies":[{"embeddable":true,"href":"https:\/\/www.stimezo-zwolle.nl\/pl\/wp-json\/wp\/v2\/comments?post=2683"}],"version-history":[{"count":12,"href":"https:\/\/www.stimezo-zwolle.nl\/pl\/wp-json\/wp\/v2\/pages\/2683\/revisions"}],"predecessor-version":[{"id":11482,"href":"https:\/\/www.stimezo-zwolle.nl\/pl\/wp-json\/wp\/v2\/pages\/2683\/revisions\/11482"}],"wp:attachment":[{"href":"https:\/\/www.stimezo-zwolle.nl\/pl\/wp-json\/wp\/v2\/media?parent=2683"}],"curies":[{"name":"wp","href":"https:\/\/api.w.org\/{rel}","templated":true}]}}