{"id":2680,"date":"2021-06-28T11:44:06","date_gmt":"2021-06-28T11:44:06","guid":{"rendered":"https:\/\/stimezo.naareva.nl\/zuigcurettage-onder-narcose\/"},"modified":"2026-02-23T14:27:32","modified_gmt":"2026-02-23T14:27:32","slug":"aborcja-metoda-prozniowa-w-znieczuleniu-ogolnym","status":"publish","type":"page","link":"https:\/\/www.stimezo-zwolle.nl\/pl\/aborcja-metoda-prozniowa-w-znieczuleniu-ogolnym\/","title":{"rendered":"Aborcja metod\u0105 pr\u00f3\u017cniow\u0105 w znieczuleniu og\u00f3lnym"},"content":{"rendered":"<!--themify_builder_content-->\n<div id=\"themify_builder_content-2680\" data-postid=\"2680\" class=\"themify_builder_content themify_builder_content-2680 themify_builder tf_clear\">\n                    <div  data-css_id=\"2x2e266\" data-lazy=\"1\" class=\"module_row themify_builder_row fullheight fullwidth_row_container tb_2x2e266 tb_first tf_w\">\n                        <div class=\"row_inner col_align_top tb_col_count_2 tf_box tf_rel\">\n                        <div  data-lazy=\"1\" class=\"module_column tb-column col4-2 tb_37gp989 first\">\n                    <!-- module text -->\n<div  class=\"module module-text tb_gcbp989 shadow  \" data-lazy=\"1\">\n        <div  class=\"tb_text_wrap\">\n        <h1><span lang=\"PL\">Aborcja metod\u0105 pr\u00f3\u017cniow\u0105 wykonywana w znieczuleniu og\u00f3lnym<\/span><\/h1>    <\/div>\n<\/div>\n<!-- \/module text -->        <\/div>\n                    <div  data-lazy=\"1\" class=\"module_column tb-column col4-2 tb_q1bh266 last\">\n                            <\/div>\n                        <\/div>\n        <\/div>\n                        <div  data-lazy=\"1\" class=\"module_row themify_builder_row tb_p0fw389 tf_w\">\n                        <div class=\"row_inner col_align_top tb_col_count_2 tf_box tf_rel\">\n                        <div  data-lazy=\"1\" class=\"module_column tb-column col3-1 tb_2dna390 first\">\n                    <!-- module image -->\n<div  class=\"module module-image tb_mah9518 image-top   tf_mw\" data-lazy=\"1\">\n        <div class=\"image-wrap tf_rel tf_mw\">\n            <img decoding=\"async\" src=\"https:\/\/www.stimezo-zwolle.nl\/wp-content\/uploads\/2021\/06\/curretage-narcose-1.svg\" title=\"Aborcja metod\u0105 pr\u00f3\u017cniow\u0105 w znieczuleniu og\u00f3lnym\" alt=\"Aborcja metod\u0105 pr\u00f3\u017cniow\u0105 w znieczuleniu og\u00f3lnym\">    \n        <\/div>\n    <!-- \/image-wrap -->\n    \n        <\/div>\n<!-- \/module image -->        <\/div>\n                    <div  data-lazy=\"1\" class=\"module_column tb-column col3-2 tb_rj5g392 last\">\n                    <!-- module text -->\n<div  class=\"module module-text tb_9wuk392   \" data-lazy=\"1\">\n        <div  class=\"tb_text_wrap\">\n        <h2>Zabieg<\/h2>\n<p>W przypadku aborcji metod\u0105 pr\u00f3\u017cniow\u0105 wykonywanej w znieczuleniu og\u00f3lnym, za\u015bniesz na kr\u00f3tko i nie zauwa\u017cysz niczego z zabiegu. Podczas tego tzw. badania oko\u0142ooperacyjnego (USG) i rozmowy om\u00f3wione zostan\u0105 wszystkie wymagania dotycz\u0105ce znieczulenia og\u00f3lnego. Wszystkie rozmowy prowadzone s\u0105 z udzia\u0142em t\u0142umacza przysi\u0119g\u0142ego, do kt\u00f3rego zadzwonimy w dniu Twojej wizyty. W dniu zabiegu anestezjolog zada Ci r\u00f3wnie\u017c kilka pyta\u0144 w Twoim j\u0119zyku ojczystym. Oficjalne dokumenty, takie jak umowa dotycz\u0105ca zabiegu, o\u015bwiadczenie \u017ce jeste\u015b na czczo i informacje do wzi\u0119cia do domu s\u0105 r\u00f3wnie\u017c napisane w Twoim ojczystym j\u0119zyku i\/lub zostan\u0105 Ci przez nas przekazane.<\/p>\n<p>\u00a0<\/p>\n<h2>Do narkozy nale\u017cy pozosta\u0107 na czczo<\/h2>\n<p>Je\u017celi zabieg b\u0119dzie wykonywany w znieczuleniu og\u00f3lnym <b>lub przy u\u017cyciu silnego \u015brodka przeciwb\u00f3lowego <\/b>nale\u017cy stawi\u0107 si\u0119 na wizyt\u0119 na czczo. Oznacza to, \u017ce tw\u00f3j \u017co\u0142\u0105dek musi by\u0107 pusty oraz \u017ce<\/p>\n<ul>\n<li><b>jedzenie<\/b>jest dozwolone do 6 godzin przed spotkaniem, p\u00f3\u017aniej jest to absolutnie niedozwolone.<\/li>\n<li>przez 2 ostatnie godziny przed wizyt\u0105 nie mo\u017cna pi\u0107 zupe\u0142nie NIC . 6 do 2 godzin przed zabiegiem dozwolone jest picie wody, herbaty lub kawy bez mleka.<\/li>\n<li>leki do 1 godziny przed wizyt\u0105 mo\u017cna za\u017cy\u0107 zwyk\u0142e lekarstwa, popijaj\u0105c je wod\u0105. <br>WYJ\u0104TEK stanowi\u0105 leki przeciwzakrzepowe i leki na diabetes mellitus (cukrzyc\u0119). Je\u015bli Ty u\u017cywasz te leki, skontaktuj si\u0119 z klinik\u0105, aby to uzgodni\u0107.<\/li>\n<\/ul>\n<p><span style=\"font-size: 0.95em;\">\u00a0<\/span><\/p>    <\/div>\n<\/div>\n<!-- \/module text --><!-- module text -->\n<div  class=\"module module-text tb_wwg7501   \" data-lazy=\"1\">\n        <div  class=\"tb_text_wrap\">\n        <p><strong>Je\u015bli NIE jeste\u015b na czczo, NIE mo\u017cesz otrzyma\u0107 znieczulenia ani dodatkowych \u015brodk\u00f3w przeciwb\u00f3lowych.<\/strong><\/p>    <\/div>\n<\/div>\n<!-- \/module text --><!-- module video -->\n<div  class=\"module module-video tb_qnl4845 video-top  \" data-lazy=\"1\">\n                    <div class=\"video-wrap-outer\">\n            <div class=\"video-wrap tf_rel tf_overflow\">\n                                    <noscript><iframe data-no-script src=\"https:\/\/www.youtube.com\/embed\/OHAE_xhOo9M?pip=1&#038;playsinline=1\" allow=\"accelerometer;encrypted-media;gyroscope;picture-in-picture;fullscreen\" class=\"tf_abs tf_w tf_h\"><\/iframe><\/noscript>\n                                <\/div>\n            <!-- \/video-wrap -->\n        <\/div>\n        <!-- \/video-wrap-outer -->\n            <\/div>\n<!-- module button pro -->\n<div  id=\"tb_kln8352\" class=\"module module-button tb_kln8352 button-link-row_scroll  tb_default_color wow\" data-tf-animation=\"bounce\" data-tf-animation_repeat=\"2\" data-lazy=\"1\">\n\t\n    <a  class=\"ui builder_button tb_default_color scroll-next-row\" href=\"#\">\n\t\t<span><svg  class=\"tf_fa tf-fas-chevron-down\" aria-hidden=\"true\"><use href=\"#tf-fas-chevron-down\"><\/use><\/svg><\/span> \t\t<span><\/span>\n    <\/a>\n\n\t\n\t<\/div>\n<!-- \/module button pro -->\n        <\/div>\n                        <\/div>\n        <\/div>\n                        <div  data-css_id=\"d616665\" data-lazy=\"1\" class=\"module_row themify_builder_row fullwidth_row_container tb_d616665 tf_w\">\n                        <div class=\"row_inner col_align_top tb_col_count_2 tf_box tf_rel\">\n                        <div  data-lazy=\"1\" class=\"module_column tb-column col3-1 tb_l1yb666 first\">\n                    <!-- module template_part -->\n<div  class=\"module module-layout-part tb_yh7r666 \">\n    <div class=\"tb_layout_part_wrap tf_w\"><!--themify_builder_content-->\n    <div  class=\"themify_builder_content themify_builder_content-2772 themify_builder not_editable_builder in_the_loop\" data-postid=\"2772\">\n                        <div  data-lazy=\"1\" class=\"module_row themify_builder_row tb_81kv780 tf_w\">\n                        <div class=\"row_inner col_align_top tb_col_count_1 tf_box tf_rel\">\n                        <div  data-lazy=\"1\" class=\"module_column tb-column col-full tb_z7x4101 first\">\n                    <!-- module text -->\n<div  class=\"module module-text tb_o9s1009  repeat \" data-lazy=\"1\">\n        <div  class=\"tb_text_wrap\">\n        <h2>Um\u00f3w si\u0119 na spotkanie<\/h2>    <\/div>\n<\/div>\n<!-- \/module text --><!-- module text -->\n<div  class=\"module module-text tb_2uvw789   \" data-lazy=\"1\">\n        <div  class=\"tb_text_wrap\">\n        <h2>Jeste\u015bmy dost\u0119pni telefonicznie od poniedzia\u0142ku do czwartku w\u0142\u0105cznie w godzinach 8.15 \u2013 16.15 i w pi\u0105tek w godzinach 8.15 \u2013 12.15.<\/h2>    <\/div>\n<\/div>\n<!-- \/module text --><!-- module icon -->\n<div  class=\"module module-icon tb_cei8100  normal none icon_horizontal \" data-lazy=\"1\">\n\t\t\t<div class=\"module-icon-item\">\n\t\t\t\t\t\t\t<a href=\"tel:0031384217000\">\n\t\t\t\t\t\t\t\t\t\t\t\t\t\t\t\t\t<em class=\"tf_box\"\n\t\t\t\t\t\t\t\t\t\t\t\t\t\t\t\t\t><svg  class=\"tf_fa tf-fas-phone-alt\" aria-hidden=\"true\"><use href=\"#tf-fas-phone-alt\"><\/use><\/svg><\/em>\n\t\t\t\t\t\t\t\t\t\t\t\t\t\t\t\t\t\t\t<span>+31 (0)38 - 421 7000<\/span>\n\t\t\t\t\t\t\t\t\t\t\t\t\t\t\t\t\t<\/a>\n\t\t\t\t\t<\/div>\n\t<\/div>\n<!-- \/module icon -->\n<!-- module text -->\n<div  class=\"module module-text tb_pk4s900  repeat \" data-lazy=\"1\">\n        <div  class=\"tb_text_wrap\">\n        <h2>Lub zadaj pytanie przez<\/h2>    <\/div>\n<\/div>\n<!-- \/module text --><!-- module icon -->\n<div  class=\"module module-icon tb_aq0j000  normal none icon_vertical \" data-lazy=\"1\">\n\t\t\t<div class=\"module-icon-item\">\n\t\t\t\t\t\t\t<a href=\"https:\/\/www.stimezo-zwolle.nl\/contact\/\">\n\t\t\t\t\t\t\t\t\t\t\t\t\t\t\t\t\t<em class=\"tf_boxlight-green\"\n\t\t\t\t\t\t\t\t\t\t\t\t\t\t\t\t\t><svg  class=\"tf_fa tf-fas-list-ul\" aria-hidden=\"true\"><use href=\"#tf-fas-list-ul\"><\/use><\/svg><\/em>\n\t\t\t\t\t\t\t\t\t\t\t\t\t\t\t\t\t\t\t<span>Nasz formularz kontaktowy <\/span>\n\t\t\t\t\t\t\t\t\t\t\t\t\t\t\t\t\t<\/a>\n\t\t\t\t\t<\/div>\n\t\t\t<div class=\"module-icon-item\">\n\t\t\t\t\t\t\t<a href=\"mailto:vragen@stimezo-zwolle.nl\">\n\t\t\t\t\t\t\t\t\t\t\t\t\t\t\t\t\t<em class=\"tf_boxlight-green\"\n\t\t\t\t\t\t\t\t\t\t\t\t\t\t\t\t\t><svg  class=\"tf_fa tf-fas-envelope\" aria-hidden=\"true\"><use href=\"#tf-fas-envelope\"><\/use><\/svg><\/em>\n\t\t\t\t\t\t\t\t\t\t\t\t\t\t\t\t\t\t\t<span>vragen@stimezo-zwolle.nl<\/span>\n\t\t\t\t\t\t\t\t\t\t\t\t\t\t\t\t\t<\/a>\n\t\t\t\t\t<\/div>\n\t<\/div>\n<!-- \/module icon -->\n        <\/div>\n                        <\/div>\n        <\/div>\n            <\/div>\n<!--\/themify_builder_content--><\/div>\n<\/div>\n<!-- \/module template_part -->        <\/div>\n                    <div  data-lazy=\"1\" class=\"module_column tb-column col3-2 tb_0bjp666 last\">\n                    <!-- module text -->\n<div  class=\"module module-text tb_09nk666   \" data-lazy=\"1\">\n        <div  class=\"tb_text_wrap\">\n        <h2>Co nale\u017cy zabra\u0107 ze sob\u0105<\/h2>\n<ul>\n<li>Skierowanie od lekarza rodzinnego, je\u015bli zosta\u0142o one wydane.<\/li>\n<li>Identyfikacyjna karta grupy krwi, je\u015bli jest w twoim posiadaniu, w zwi\u0105zku z wska\u017anikiem Rh.<\/li>\n<li>Paszport lub dow\u00f3d to\u017csamo\u015bci.<\/li>\n<li>Koszula nocna\/d\u0142uga koszulkaT-shirt, kapcie (lub skarpety), dodatkowa bielizna (bez string\u00f3w), szlafrok.<\/li>\n<li>Podpaski higieniczne na czas po zabiegu (nie tampony).<\/li>\n<li>Pieni\u0105dze lub kart\u0119 bankow\u0105 (Maestro), je\u015bli chcesz kupi\u0107 u nas wk\u0142adk\u0119 wewn\u0105trzmaciczn\u0105 (spiral\u0119).<\/li>\n<li>Leki i wykaz przyjmowanych lek\u00f3w. Czy za\u017cywasz jakie\u015b lekarstwa? Prosimy o przyniesienie ich ze sob\u0105 w dniu zabiegu. Wykaz przyjmowanych lek\u00f3w mo\u017cesz otrzyma\u0107 w swojej aptece.\u00a0<\/li>\n<\/ul>\n<h2>\u00a0<\/h2>\n<h2>Po zabiegu NIE wracaj sama do domu<\/h2>\n<p>Je\u015bli zabieg odby\u0142 si\u0119 pod narkoz\u0105, \u00a0<strong>NIE<\/strong>\u00a0mo\u017cesz wraca\u0107 sama do domu. R\u00f3wnie\u017c przez 24 godziny po zabiegu pod narkoz\u0105\u00a0<strong>NIE\u00a0<\/strong>mo\u017cesz sama uczestniczy\u0107 w ruchu drogowym,\u00a0<strong>NIE<\/strong>\u00a0mo\u017cesz prowadzi\u0107 pojazd\u00f3w ani je\u017adzi\u0107 na rowerze. Po oko\u0142o 3,5 \u2013 4 godzinach od um\u00f3wionej wizyty, Tw\u00f3j partner lub osoba towarzysz\u0105ca mo\u017ce Ci\u0119 odebra\u0107.\u00a0<\/p>\n<p>\u00a0<\/p>\n<h2>Po zabiegu<\/h2>\n<p>Pod koniec pobytu w klinice otrzymasz od nas na pi\u015bmie porady i instrukcje w Twoim j\u0119zyku ojczystym odno\u015bnie tego, jak masz post\u0119powa\u0107 po zabiegu. Aby zapobiec infekcjom, dostaniesz od nas antybiotyk do zabrania do domu.<\/p>\n<p>\u00a0<\/p>    <\/div>\n<\/div>\n<!-- \/module text --><!-- module buttons -->\n<div  class=\"module module-buttons tb_c5k4667 buttons-horizontal solid  \" data-lazy=\"1\">\n        <div class=\"module-buttons-item tf_in_flx\">\n                        <a href=\"http:\/\/https\/\/www.stimezo-zwolle.nl\/pl\/po-zabiegu-aborcji-metoda-prozniowa\/\" class=\"ui builder_button tf_in_flx light-green\" >\n                                                Szczeg\u00f3\u0142owe informacje po zabiegu                                        <\/a>\n                <\/div>\n            <\/div>\n<!-- \/module buttons -->\n        <\/div>\n                        <\/div>\n        <\/div>\n        <\/div>\n<!--\/themify_builder_content-->","protected":false},"excerpt":{"rendered":"<p>Aborcja metod\u0105 pr\u00f3\u017cniow\u0105 wykonywana w znieczuleniu og\u00f3lnym Zabieg W przypadku aborcji metod\u0105 pr\u00f3\u017cniow\u0105 wykonywanej w znieczuleniu og\u00f3lnym, za\u015bniesz na kr\u00f3tko i nie zauwa\u017cysz niczego z zabiegu. Podczas tego tzw. badania oko\u0142ooperacyjnego (USG) i rozmowy om\u00f3wione zostan\u0105 wszystkie wymagania dotycz\u0105ce znieczulenia og\u00f3lnego. Wszystkie rozmowy prowadzone s\u0105 z udzia\u0142em t\u0142umacza przysi\u0119g\u0142ego, do kt\u00f3rego zadzwonimy w dniu Twojej [&hellip;]<\/p>\n","protected":false},"author":1,"featured_media":0,"parent":0,"menu_order":0,"comment_status":"closed","ping_status":"closed","template":"","meta":{"inline_featured_image":false,"footnotes":""},"class_list":["post-2680","page","type-page","status-publish","hentry","has-post-title","has-post-date","has-post-category","has-post-tag","has-post-comment","has-post-author",""],"yoast_head":"<!-- This site is optimized with the Yoast SEO plugin v27.4 - https:\/\/yoast.com\/product\/yoast-seo-wordpress\/ -->\n<title>Aborcja metod\u0105 pr\u00f3\u017cniow\u0105 w znieczuleniu og\u00f3lnym - Abortuskliniek Stimezo - T. 038-4217000<\/title>\n<meta name=\"description\" content=\"Een zuigcurettage is in onze kliniek ook mogelijk onder narcose. Deze wordt gegeven door een anesthesioloog.\" \/>\n<meta name=\"robots\" content=\"index, follow, max-snippet:-1, max-image-preview:large, max-video-preview:-1\" \/>\n<link rel=\"canonical\" href=\"https:\/\/www.stimezo-zwolle.nl\/pl\/aborcja-metoda-prozniowa-w-znieczuleniu-ogolnym\/\" \/>\n<meta property=\"og:locale\" content=\"pl_PL\" \/>\n<meta property=\"og:type\" content=\"article\" \/>\n<meta property=\"og:title\" content=\"Aborcja metod\u0105 pr\u00f3\u017cniow\u0105 w znieczuleniu og\u00f3lnym - Abortuskliniek Stimezo - T. 038-4217000\" \/>\n<meta property=\"og:description\" content=\"Een zuigcurettage is in onze kliniek ook mogelijk onder narcose. Deze wordt gegeven door een anesthesioloog.\" \/>\n<meta property=\"og:url\" content=\"https:\/\/www.stimezo-zwolle.nl\/pl\/aborcja-metoda-prozniowa-w-znieczuleniu-ogolnym\/\" \/>\n<meta property=\"og:site_name\" content=\"Klinika aborcyjna Stimezo Zwolle\" \/>\n<meta property=\"article:modified_time\" content=\"2026-02-23T14:27:32+00:00\" \/>\n<meta property=\"og:image\" content=\"https:\/\/www.stimezo-zwolle.nl\/wp-content\/uploads\/2021\/06\/curretage-narcose-1.svg\" \/>\n<meta name=\"twitter:card\" content=\"summary_large_image\" \/>\n<meta name=\"twitter:label1\" content=\"Szacowany czas czytania\" \/>\n\t<meta name=\"twitter:data1\" content=\"2 minuty\" \/>\n<script type=\"application\/ld+json\" class=\"yoast-schema-graph\">{\"@context\":\"https:\\\/\\\/schema.org\",\"@graph\":[{\"@type\":\"WebPage\",\"@id\":\"https:\\\/\\\/www.stimezo-zwolle.nl\\\/pl\\\/aborcja-metoda-prozniowa-w-znieczuleniu-ogolnym\\\/\",\"url\":\"https:\\\/\\\/www.stimezo-zwolle.nl\\\/pl\\\/aborcja-metoda-prozniowa-w-znieczuleniu-ogolnym\\\/\",\"name\":\"Aborcja metod\u0105 pr\u00f3\u017cniow\u0105 w znieczuleniu og\u00f3lnym - Abortuskliniek Stimezo - T. 038-4217000\",\"isPartOf\":{\"@id\":\"https:\\\/\\\/www.stimezo-zwolle.nl\\\/pl\\\/#website\"},\"primaryImageOfPage\":{\"@id\":\"https:\\\/\\\/www.stimezo-zwolle.nl\\\/pl\\\/aborcja-metoda-prozniowa-w-znieczuleniu-ogolnym\\\/#primaryimage\"},\"image\":{\"@id\":\"https:\\\/\\\/www.stimezo-zwolle.nl\\\/pl\\\/aborcja-metoda-prozniowa-w-znieczuleniu-ogolnym\\\/#primaryimage\"},\"thumbnailUrl\":\"https:\\\/\\\/www.stimezo-zwolle.nl\\\/wp-content\\\/uploads\\\/2021\\\/06\\\/curretage-narcose-1.svg\",\"datePublished\":\"2021-06-28T11:44:06+00:00\",\"dateModified\":\"2026-02-23T14:27:32+00:00\",\"description\":\"Een zuigcurettage is in onze kliniek ook mogelijk onder narcose. Deze wordt gegeven door een anesthesioloog.\",\"breadcrumb\":{\"@id\":\"https:\\\/\\\/www.stimezo-zwolle.nl\\\/pl\\\/aborcja-metoda-prozniowa-w-znieczuleniu-ogolnym\\\/#breadcrumb\"},\"inLanguage\":\"pl-PL\",\"potentialAction\":[{\"@type\":\"ReadAction\",\"target\":[\"https:\\\/\\\/www.stimezo-zwolle.nl\\\/pl\\\/aborcja-metoda-prozniowa-w-znieczuleniu-ogolnym\\\/\"]}]},{\"@type\":\"ImageObject\",\"inLanguage\":\"pl-PL\",\"@id\":\"https:\\\/\\\/www.stimezo-zwolle.nl\\\/pl\\\/aborcja-metoda-prozniowa-w-znieczuleniu-ogolnym\\\/#primaryimage\",\"url\":\"https:\\\/\\\/www.stimezo-zwolle.nl\\\/wp-content\\\/uploads\\\/2021\\\/06\\\/curretage-narcose-1.svg\",\"contentUrl\":\"https:\\\/\\\/www.stimezo-zwolle.nl\\\/wp-content\\\/uploads\\\/2021\\\/06\\\/curretage-narcose-1.svg\"},{\"@type\":\"BreadcrumbList\",\"@id\":\"https:\\\/\\\/www.stimezo-zwolle.nl\\\/pl\\\/aborcja-metoda-prozniowa-w-znieczuleniu-ogolnym\\\/#breadcrumb\",\"itemListElement\":[{\"@type\":\"ListItem\",\"position\":1,\"name\":\"Home\",\"item\":\"https:\\\/\\\/www.stimezo-zwolle.nl\\\/pl\\\/\"},{\"@type\":\"ListItem\",\"position\":2,\"name\":\"Aborcja metod\u0105 pr\u00f3\u017cniow\u0105 w znieczuleniu og\u00f3lnym\"}]},{\"@type\":\"WebSite\",\"@id\":\"https:\\\/\\\/www.stimezo-zwolle.nl\\\/pl\\\/#website\",\"url\":\"https:\\\/\\\/www.stimezo-zwolle.nl\\\/pl\\\/\",\"name\":\"Abortuskliniek Stimezo Zwolle\",\"description\":\"Zorgt voor vrouwen\",\"publisher\":{\"@id\":\"https:\\\/\\\/www.stimezo-zwolle.nl\\\/pl\\\/#organization\"},\"potentialAction\":[{\"@type\":\"SearchAction\",\"target\":{\"@type\":\"EntryPoint\",\"urlTemplate\":\"https:\\\/\\\/www.stimezo-zwolle.nl\\\/pl\\\/?s={search_term_string}\"},\"query-input\":{\"@type\":\"PropertyValueSpecification\",\"valueRequired\":true,\"valueName\":\"search_term_string\"}}],\"inLanguage\":\"pl-PL\"},{\"@type\":\"Organization\",\"@id\":\"https:\\\/\\\/www.stimezo-zwolle.nl\\\/pl\\\/#organization\",\"name\":\"Stimezo Zwolle\",\"url\":\"https:\\\/\\\/www.stimezo-zwolle.nl\\\/pl\\\/\",\"logo\":{\"@type\":\"ImageObject\",\"inLanguage\":\"pl-PL\",\"@id\":\"https:\\\/\\\/www.stimezo-zwolle.nl\\\/pl\\\/#\\\/schema\\\/logo\\\/image\\\/\",\"url\":\"https:\\\/\\\/www.stimezo-zwolle.nl\\\/wp-content\\\/uploads\\\/2021\\\/06\\\/Stimezo-logo_metslogan_RGB_transparant.png\",\"contentUrl\":\"https:\\\/\\\/www.stimezo-zwolle.nl\\\/wp-content\\\/uploads\\\/2021\\\/06\\\/Stimezo-logo_metslogan_RGB_transparant.png\",\"width\":200,\"height\":100,\"caption\":\"Stimezo Zwolle\"},\"image\":{\"@id\":\"https:\\\/\\\/www.stimezo-zwolle.nl\\\/pl\\\/#\\\/schema\\\/logo\\\/image\\\/\"}}]}<\/script>\n<!-- \/ Yoast SEO plugin. -->","yoast_head_json":{"title":"Aborcja metod\u0105 pr\u00f3\u017cniow\u0105 w znieczuleniu og\u00f3lnym - Abortuskliniek Stimezo - T. 038-4217000","description":"Een zuigcurettage is in onze kliniek ook mogelijk onder narcose. Deze wordt gegeven door een anesthesioloog.","robots":{"index":"index","follow":"follow","max-snippet":"max-snippet:-1","max-image-preview":"max-image-preview:large","max-video-preview":"max-video-preview:-1"},"canonical":"https:\/\/www.stimezo-zwolle.nl\/pl\/aborcja-metoda-prozniowa-w-znieczuleniu-ogolnym\/","og_locale":"pl_PL","og_type":"article","og_title":"Aborcja metod\u0105 pr\u00f3\u017cniow\u0105 w znieczuleniu og\u00f3lnym - Abortuskliniek Stimezo - T. 038-4217000","og_description":"Een zuigcurettage is in onze kliniek ook mogelijk onder narcose. Deze wordt gegeven door een anesthesioloog.","og_url":"https:\/\/www.stimezo-zwolle.nl\/pl\/aborcja-metoda-prozniowa-w-znieczuleniu-ogolnym\/","og_site_name":"Klinika aborcyjna Stimezo Zwolle","article_modified_time":"2026-02-23T14:27:32+00:00","og_image":[{"url":"https:\/\/www.stimezo-zwolle.nl\/wp-content\/uploads\/2021\/06\/curretage-narcose-1.svg","type":"","width":"","height":""}],"twitter_card":"summary_large_image","twitter_misc":{"Szacowany czas czytania":"2 minuty"},"schema":{"@context":"https:\/\/schema.org","@graph":[{"@type":"WebPage","@id":"https:\/\/www.stimezo-zwolle.nl\/pl\/aborcja-metoda-prozniowa-w-znieczuleniu-ogolnym\/","url":"https:\/\/www.stimezo-zwolle.nl\/pl\/aborcja-metoda-prozniowa-w-znieczuleniu-ogolnym\/","name":"Aborcja metod\u0105 pr\u00f3\u017cniow\u0105 w znieczuleniu og\u00f3lnym - Abortuskliniek Stimezo - T. 038-4217000","isPartOf":{"@id":"https:\/\/www.stimezo-zwolle.nl\/pl\/#website"},"primaryImageOfPage":{"@id":"https:\/\/www.stimezo-zwolle.nl\/pl\/aborcja-metoda-prozniowa-w-znieczuleniu-ogolnym\/#primaryimage"},"image":{"@id":"https:\/\/www.stimezo-zwolle.nl\/pl\/aborcja-metoda-prozniowa-w-znieczuleniu-ogolnym\/#primaryimage"},"thumbnailUrl":"https:\/\/www.stimezo-zwolle.nl\/wp-content\/uploads\/2021\/06\/curretage-narcose-1.svg","datePublished":"2021-06-28T11:44:06+00:00","dateModified":"2026-02-23T14:27:32+00:00","description":"Een zuigcurettage is in onze kliniek ook mogelijk onder narcose. Deze wordt gegeven door een anesthesioloog.","breadcrumb":{"@id":"https:\/\/www.stimezo-zwolle.nl\/pl\/aborcja-metoda-prozniowa-w-znieczuleniu-ogolnym\/#breadcrumb"},"inLanguage":"pl-PL","potentialAction":[{"@type":"ReadAction","target":["https:\/\/www.stimezo-zwolle.nl\/pl\/aborcja-metoda-prozniowa-w-znieczuleniu-ogolnym\/"]}]},{"@type":"ImageObject","inLanguage":"pl-PL","@id":"https:\/\/www.stimezo-zwolle.nl\/pl\/aborcja-metoda-prozniowa-w-znieczuleniu-ogolnym\/#primaryimage","url":"https:\/\/www.stimezo-zwolle.nl\/wp-content\/uploads\/2021\/06\/curretage-narcose-1.svg","contentUrl":"https:\/\/www.stimezo-zwolle.nl\/wp-content\/uploads\/2021\/06\/curretage-narcose-1.svg"},{"@type":"BreadcrumbList","@id":"https:\/\/www.stimezo-zwolle.nl\/pl\/aborcja-metoda-prozniowa-w-znieczuleniu-ogolnym\/#breadcrumb","itemListElement":[{"@type":"ListItem","position":1,"name":"Home","item":"https:\/\/www.stimezo-zwolle.nl\/pl\/"},{"@type":"ListItem","position":2,"name":"Aborcja metod\u0105 pr\u00f3\u017cniow\u0105 w znieczuleniu og\u00f3lnym"}]},{"@type":"WebSite","@id":"https:\/\/www.stimezo-zwolle.nl\/pl\/#website","url":"https:\/\/www.stimezo-zwolle.nl\/pl\/","name":"Abortuskliniek Stimezo Zwolle","description":"Zorgt voor vrouwen","publisher":{"@id":"https:\/\/www.stimezo-zwolle.nl\/pl\/#organization"},"potentialAction":[{"@type":"SearchAction","target":{"@type":"EntryPoint","urlTemplate":"https:\/\/www.stimezo-zwolle.nl\/pl\/?s={search_term_string}"},"query-input":{"@type":"PropertyValueSpecification","valueRequired":true,"valueName":"search_term_string"}}],"inLanguage":"pl-PL"},{"@type":"Organization","@id":"https:\/\/www.stimezo-zwolle.nl\/pl\/#organization","name":"Stimezo Zwolle","url":"https:\/\/www.stimezo-zwolle.nl\/pl\/","logo":{"@type":"ImageObject","inLanguage":"pl-PL","@id":"https:\/\/www.stimezo-zwolle.nl\/pl\/#\/schema\/logo\/image\/","url":"https:\/\/www.stimezo-zwolle.nl\/wp-content\/uploads\/2021\/06\/Stimezo-logo_metslogan_RGB_transparant.png","contentUrl":"https:\/\/www.stimezo-zwolle.nl\/wp-content\/uploads\/2021\/06\/Stimezo-logo_metslogan_RGB_transparant.png","width":200,"height":100,"caption":"Stimezo Zwolle"},"image":{"@id":"https:\/\/www.stimezo-zwolle.nl\/pl\/#\/schema\/logo\/image\/"}}]}},"_links":{"self":[{"href":"https:\/\/www.stimezo-zwolle.nl\/pl\/wp-json\/wp\/v2\/pages\/2680","targetHints":{"allow":["GET"]}}],"collection":[{"href":"https:\/\/www.stimezo-zwolle.nl\/pl\/wp-json\/wp\/v2\/pages"}],"about":[{"href":"https:\/\/www.stimezo-zwolle.nl\/pl\/wp-json\/wp\/v2\/types\/page"}],"author":[{"embeddable":true,"href":"https:\/\/www.stimezo-zwolle.nl\/pl\/wp-json\/wp\/v2\/users\/1"}],"replies":[{"embeddable":true,"href":"https:\/\/www.stimezo-zwolle.nl\/pl\/wp-json\/wp\/v2\/comments?post=2680"}],"version-history":[{"count":14,"href":"https:\/\/www.stimezo-zwolle.nl\/pl\/wp-json\/wp\/v2\/pages\/2680\/revisions"}],"predecessor-version":[{"id":11470,"href":"https:\/\/www.stimezo-zwolle.nl\/pl\/wp-json\/wp\/v2\/pages\/2680\/revisions\/11470"}],"wp:attachment":[{"href":"https:\/\/www.stimezo-zwolle.nl\/pl\/wp-json\/wp\/v2\/media?parent=2680"}],"curies":[{"name":"wp","href":"https:\/\/api.w.org\/{rel}","templated":true}]}}