{"id":2677,"date":"2021-06-28T11:44:43","date_gmt":"2021-06-28T11:44:43","guid":{"rendered":"https:\/\/stimezo.naareva.nl\/kosten-abortus\/"},"modified":"2026-02-19T18:56:10","modified_gmt":"2026-02-19T18:56:10","slug":"koszt-aborcji","status":"publish","type":"page","link":"https:\/\/www.stimezo-zwolle.nl\/pl\/koszt-aborcji\/","title":{"rendered":"Koszt aborcji"},"content":{"rendered":"<!--themify_builder_content-->\n<div id=\"themify_builder_content-2677\" data-postid=\"2677\" class=\"themify_builder_content themify_builder_content-2677 themify_builder tf_clear\">\n                    <div  data-css_id=\"jtgp830\" data-lazy=\"1\" class=\"module_row themify_builder_row fullheight fullwidth_row_container tb_jtgp830 tb_first tf_w\">\n                        <div class=\"row_inner col_align_top tb_col_count_2 tf_box tf_rel\">\n                        <div  data-lazy=\"1\" class=\"module_column tb-column col4-2 tb_vb5y810 first\">\n                    <!-- module text -->\n<div  class=\"module module-text tb_i80c811   \" data-lazy=\"1\">\n        <div  class=\"tb_text_wrap\">\n        <h1>Koszty leczenia w klinice aborcyjnej<\/h1>    <\/div>\n<\/div>\n<!-- \/module text -->        <\/div>\n                    <div  data-lazy=\"1\" class=\"module_column tb-column col4-2 tb_0n9y833 last\">\n                            <\/div>\n                        <\/div>\n        <\/div>\n                        <div  data-lazy=\"1\" class=\"module_row themify_builder_row tb_nmxp830 tf_w\">\n                        <div class=\"row_inner col_align_top tb_col_count_2 tf_box tf_rel\">\n                        <div  data-lazy=\"1\" class=\"module_column tb-column col3-1 tb_exzo833 first\">\n                    <!-- module template_part -->\n<div  class=\"module module-layout-part tb_v33g834 \">\n    <div class=\"tb_layout_part_wrap tf_w\"><!--themify_builder_content-->\n    <div  class=\"themify_builder_content themify_builder_content-2772 themify_builder not_editable_builder in_the_loop\" data-postid=\"2772\">\n                        <div  data-lazy=\"1\" class=\"module_row themify_builder_row tb_81kv780 tf_w\">\n                        <div class=\"row_inner col_align_top tb_col_count_1 tf_box tf_rel\">\n                        <div  data-lazy=\"1\" class=\"module_column tb-column col-full tb_z7x4101 first\">\n                    <!-- module text -->\n<div  class=\"module module-text tb_o9s1009  repeat \" data-lazy=\"1\">\n        <div  class=\"tb_text_wrap\">\n        <h2>Um\u00f3w si\u0119 na spotkanie<\/h2>    <\/div>\n<\/div>\n<!-- \/module text --><!-- module text -->\n<div  class=\"module module-text tb_2uvw789   \" data-lazy=\"1\">\n        <div  class=\"tb_text_wrap\">\n        <h2>Jeste\u015bmy dost\u0119pni telefonicznie od poniedzia\u0142ku do czwartku w\u0142\u0105cznie w godzinach 8.15 \u2013 16.15 i w pi\u0105tek w godzinach 8.15 \u2013 12.15.<\/h2>    <\/div>\n<\/div>\n<!-- \/module text --><!-- module icon -->\n<div  class=\"module module-icon tb_cei8100  normal none icon_horizontal \" data-lazy=\"1\">\n\t\t\t<div class=\"module-icon-item\">\n\t\t\t\t\t\t\t<a href=\"tel:0031384217000\">\n\t\t\t\t\t\t\t\t\t\t\t\t\t\t\t\t\t<em class=\"tf_box\"\n\t\t\t\t\t\t\t\t\t\t\t\t\t\t\t\t\t><svg  class=\"tf_fa tf-fas-phone-alt\" aria-hidden=\"true\"><use href=\"#tf-fas-phone-alt\"><\/use><\/svg><\/em>\n\t\t\t\t\t\t\t\t\t\t\t\t\t\t\t\t\t\t\t<span>+31 (0)38 - 421 7000<\/span>\n\t\t\t\t\t\t\t\t\t\t\t\t\t\t\t\t\t<\/a>\n\t\t\t\t\t<\/div>\n\t<\/div>\n<!-- \/module icon -->\n<!-- module text -->\n<div  class=\"module module-text tb_pk4s900  repeat \" data-lazy=\"1\">\n        <div  class=\"tb_text_wrap\">\n        <h2>Lub zadaj pytanie przez<\/h2>    <\/div>\n<\/div>\n<!-- \/module text --><!-- module icon -->\n<div  class=\"module module-icon tb_aq0j000  normal none icon_vertical \" data-lazy=\"1\">\n\t\t\t<div class=\"module-icon-item\">\n\t\t\t\t\t\t\t<a href=\"https:\/\/www.stimezo-zwolle.nl\/contact\/\">\n\t\t\t\t\t\t\t\t\t\t\t\t\t\t\t\t\t<em class=\"tf_boxlight-green\"\n\t\t\t\t\t\t\t\t\t\t\t\t\t\t\t\t\t><svg  class=\"tf_fa tf-fas-list-ul\" aria-hidden=\"true\"><use href=\"#tf-fas-list-ul\"><\/use><\/svg><\/em>\n\t\t\t\t\t\t\t\t\t\t\t\t\t\t\t\t\t\t\t<span>Nasz formularz kontaktowy <\/span>\n\t\t\t\t\t\t\t\t\t\t\t\t\t\t\t\t\t<\/a>\n\t\t\t\t\t<\/div>\n\t\t\t<div class=\"module-icon-item\">\n\t\t\t\t\t\t\t<a href=\"mailto:vragen@stimezo-zwolle.nl\">\n\t\t\t\t\t\t\t\t\t\t\t\t\t\t\t\t\t<em class=\"tf_boxlight-green\"\n\t\t\t\t\t\t\t\t\t\t\t\t\t\t\t\t\t><svg  class=\"tf_fa tf-fas-envelope\" aria-hidden=\"true\"><use href=\"#tf-fas-envelope\"><\/use><\/svg><\/em>\n\t\t\t\t\t\t\t\t\t\t\t\t\t\t\t\t\t\t\t<span>vragen@stimezo-zwolle.nl<\/span>\n\t\t\t\t\t\t\t\t\t\t\t\t\t\t\t\t\t<\/a>\n\t\t\t\t\t<\/div>\n\t<\/div>\n<!-- \/module icon -->\n        <\/div>\n                        <\/div>\n        <\/div>\n            <\/div>\n<!--\/themify_builder_content--><\/div>\n<\/div>\n<!-- \/module template_part -->        <\/div>\n                    <div  data-lazy=\"1\" class=\"module_column tb-column col3-2 tb_vk8r834 last\">\n                    <!-- module text -->\n<div  class=\"module module-text tb_2wh3834   \" data-lazy=\"1\">\n        <div  class=\"tb_text_wrap\">\n        <h2>Ile kosztuje aborcja w Niderlandach?<\/h2>\n<p>Dla kobiet zamieszka\u0142ych w Niderlandach przerwanie ci\u0105\u017cy jest bezp\u0142atne. Koszty aborcji s\u0105 refundowane bezpo\u015brednio przez Ministerstwo Zdrowia.<br>Je\u015bli nie mieszkasz w Niderlandach, mo\u017cesz uzyska\u0107 informacje w naszej klinice temat koszt\u00f3w aborcji.<\/p>\n<p>\u00a0<\/p>    <\/div>\n<\/div>\n<!-- \/module text --><!-- module button pro -->\n<div  id=\"tb_3qz8834\" class=\"module module-button tb_3qz8834 button-link-row_scroll  tb_default_color\" data-lazy=\"1\">\n\t\n    <a  class=\"ui builder_button tb_default_color scroll-next-row\" href=\"#\">\n\t\t<span><svg  class=\"tf_fa tf-fas-chevron-down\" aria-hidden=\"true\"><use href=\"#tf-fas-chevron-down\"><\/use><\/svg><\/span> \t\t<span><\/span>\n    <\/a>\n\n\t\n\t<\/div>\n<!-- \/module button pro -->\n        <\/div>\n                        <\/div>\n        <\/div>\n                        <div  data-css_id=\"zbnf988\" data-lazy=\"1\" class=\"module_row themify_builder_row fullwidth_row_container tb_zbnf988 tf_w\">\n                        <div class=\"row_inner col_align_top tb_col_count_1 tf_box tf_rel\">\n                        <div  data-lazy=\"1\" class=\"module_column tb-column col-full tb_75tn988 first\">\n                    <!-- module text -->\n<div  class=\"module module-text tb_xwhv988   \" data-lazy=\"1\">\n        <div  class=\"tb_text_wrap\">\n        <h2 style=\"text-align: center;\">Metody usuwania ci\u0105\u017cy<\/h2>    <\/div>\n<\/div>\n<!-- \/module text -->        <div  data-lazy=\"1\" class=\"module_subrow themify_builder_sub_row tf_w col_align_top tb_col_count_3 tb_n6jf988\">\n                <div  data-lazy=\"1\" class=\"module_column sub_column col3-1 tb_cjtb988 first\">\n                            <\/div>\n                    <div  data-lazy=\"1\" class=\"module_column sub_column col3-1 tb_ck5r988\">\n                    <!-- module image -->\n<div  class=\"module module-image tb_ngw3988 image-center   tf_mw\" data-lazy=\"1\">\n        <div class=\"image-wrap tf_rel tf_mw\">\n            <a href=\"https:\/\/www.stimezo-zwolle.nl\/pl\/aborcja-metoda-prozniowa-w-znieczuleniu-ogolnym\/\">\n                   <img decoding=\"async\" src=\"https:\/\/www.stimezo-zwolle.nl\/wp-content\/uploads\/2021\/06\/curretage-narcose-wit.svg\" title=\"\u0141y\u017ceczkowanie w znieczuleniu og\u00f3lnym\" alt=\"Do 13. tygodnia\">        <\/a>\n    \n        <\/div>\n    <!-- \/image-wrap -->\n    \n        <div class=\"image-content\">\n                    <h3 class=\"image-title\">\n                                    <a href=\"https:\/\/www.stimezo-zwolle.nl\/pl\/aborcja-metoda-prozniowa-w-znieczuleniu-ogolnym\/\">\n                        \u0141y\u017ceczkowanie w znieczuleniu og\u00f3lnym                    <\/a>\n                            <\/h3>\n                        <div class=\"image-caption tb_text_wrap\">\n            Do 13. tygodnia        <\/div>\n        <!-- \/image-caption -->\n            <\/div>\n    <!-- \/image-content -->\n        <\/div>\n<!-- \/module image --><!-- module buttons -->\n<div  class=\"module module-buttons tb_5ckt988 buttons-horizontal solid  \" data-lazy=\"1\">\n        <div class=\"module-buttons-item tf_in_flx\">\n                        <a href=\"https:\/\/www.stimezo-zwolle.nl\/pl\/aborcja-metoda-prozniowa-w-znieczuleniu-ogolnym\/\" class=\"ui builder_button tf_in_flx light-green\" >\n                                                Wi\u0119cej informacji                                        <\/a>\n                <\/div>\n            <\/div>\n<!-- \/module buttons -->\n        <\/div>\n                    <div  data-lazy=\"1\" class=\"module_column sub_column col3-1 tb_dl0f988 last\">\n                            <\/div>\n                    <\/div>\n                <\/div>\n                        <\/div>\n        <\/div>\n        <\/div>\n<!--\/themify_builder_content-->","protected":false},"excerpt":{"rendered":"<p>Koszty leczenia w klinice aborcyjnej Ile kosztuje aborcja w Niderlandach? Dla kobiet zamieszka\u0142ych w Niderlandach przerwanie ci\u0105\u017cy jest bezp\u0142atne. Koszty aborcji s\u0105 refundowane bezpo\u015brednio przez Ministerstwo Zdrowia.Je\u015bli nie mieszkasz w Niderlandach, mo\u017cesz uzyska\u0107 informacje w naszej klinice temat koszt\u00f3w aborcji. \u00a0 Metody usuwania ci\u0105\u017cy \u0141y\u017ceczkowanie w znieczuleniu og\u00f3lnym Do 13. tygodnia Wi\u0119cej informacji<\/p>\n","protected":false},"author":1,"featured_media":0,"parent":0,"menu_order":0,"comment_status":"closed","ping_status":"closed","template":"","meta":{"inline_featured_image":false,"footnotes":""},"class_list":["post-2677","page","type-page","status-publish","hentry","has-post-title","has-post-date","has-post-category","has-post-tag","has-post-comment","has-post-author",""],"yoast_head":"<!-- This site is optimized with the Yoast SEO plugin v27.5 - https:\/\/yoast.com\/product\/yoast-seo-wordpress\/ -->\n<title>Kosten van abortus - abortuskliniek Stimezo - Zwolle<\/title>\n<meta name=\"description\" content=\"Welke kosten zijn verbonden aan een abortusbehandeling in een abortuskliniek? In Nederland is een zwangerschapsafbreking voor vrouwen kosteloos.\" \/>\n<meta name=\"robots\" content=\"index, follow, max-snippet:-1, max-image-preview:large, max-video-preview:-1\" \/>\n<link rel=\"canonical\" href=\"https:\/\/www.stimezo-zwolle.nl\/pl\/koszt-aborcji\/\" \/>\n<meta property=\"og:locale\" content=\"pl_PL\" \/>\n<meta property=\"og:type\" content=\"article\" \/>\n<meta property=\"og:title\" content=\"Kosten van abortus - abortuskliniek Stimezo - Zwolle\" \/>\n<meta property=\"og:description\" content=\"Welke kosten zijn verbonden aan een abortusbehandeling in een abortuskliniek? In Nederland is een zwangerschapsafbreking voor vrouwen kosteloos.\" \/>\n<meta property=\"og:url\" content=\"https:\/\/www.stimezo-zwolle.nl\/pl\/koszt-aborcji\/\" \/>\n<meta property=\"og:site_name\" content=\"Klinika aborcyjna Stimezo Zwolle\" \/>\n<meta property=\"article:modified_time\" content=\"2026-02-19T18:56:10+00:00\" \/>\n<meta property=\"og:image\" content=\"https:\/\/www.stimezo-zwolle.nl\/wp-content\/uploads\/2021\/06\/curretage-narcose-wit.svg\" \/>\n<meta name=\"twitter:card\" content=\"summary_large_image\" \/>\n<script type=\"application\/ld+json\" class=\"yoast-schema-graph\">{\"@context\":\"https:\\\/\\\/schema.org\",\"@graph\":[{\"@type\":\"WebPage\",\"@id\":\"https:\\\/\\\/www.stimezo-zwolle.nl\\\/pl\\\/koszt-aborcji\\\/\",\"url\":\"https:\\\/\\\/www.stimezo-zwolle.nl\\\/pl\\\/koszt-aborcji\\\/\",\"name\":\"Kosten van abortus - abortuskliniek Stimezo - Zwolle\",\"isPartOf\":{\"@id\":\"https:\\\/\\\/www.stimezo-zwolle.nl\\\/pl\\\/#website\"},\"primaryImageOfPage\":{\"@id\":\"https:\\\/\\\/www.stimezo-zwolle.nl\\\/pl\\\/koszt-aborcji\\\/#primaryimage\"},\"image\":{\"@id\":\"https:\\\/\\\/www.stimezo-zwolle.nl\\\/pl\\\/koszt-aborcji\\\/#primaryimage\"},\"thumbnailUrl\":\"https:\\\/\\\/www.stimezo-zwolle.nl\\\/wp-content\\\/uploads\\\/2021\\\/06\\\/curretage-narcose-wit.svg\",\"datePublished\":\"2021-06-28T11:44:43+00:00\",\"dateModified\":\"2026-02-19T18:56:10+00:00\",\"description\":\"Welke kosten zijn verbonden aan een abortusbehandeling in een abortuskliniek? In Nederland is een zwangerschapsafbreking voor vrouwen kosteloos.\",\"breadcrumb\":{\"@id\":\"https:\\\/\\\/www.stimezo-zwolle.nl\\\/pl\\\/koszt-aborcji\\\/#breadcrumb\"},\"inLanguage\":\"pl-PL\",\"potentialAction\":[{\"@type\":\"ReadAction\",\"target\":[\"https:\\\/\\\/www.stimezo-zwolle.nl\\\/pl\\\/koszt-aborcji\\\/\"]}]},{\"@type\":\"ImageObject\",\"inLanguage\":\"pl-PL\",\"@id\":\"https:\\\/\\\/www.stimezo-zwolle.nl\\\/pl\\\/koszt-aborcji\\\/#primaryimage\",\"url\":\"https:\\\/\\\/www.stimezo-zwolle.nl\\\/wp-content\\\/uploads\\\/2021\\\/06\\\/curretage-narcose-wit.svg\",\"contentUrl\":\"https:\\\/\\\/www.stimezo-zwolle.nl\\\/wp-content\\\/uploads\\\/2021\\\/06\\\/curretage-narcose-wit.svg\"},{\"@type\":\"BreadcrumbList\",\"@id\":\"https:\\\/\\\/www.stimezo-zwolle.nl\\\/pl\\\/koszt-aborcji\\\/#breadcrumb\",\"itemListElement\":[{\"@type\":\"ListItem\",\"position\":1,\"name\":\"Home\",\"item\":\"https:\\\/\\\/www.stimezo-zwolle.nl\\\/pl\\\/\"},{\"@type\":\"ListItem\",\"position\":2,\"name\":\"Koszt aborcji\"}]},{\"@type\":\"WebSite\",\"@id\":\"https:\\\/\\\/www.stimezo-zwolle.nl\\\/pl\\\/#website\",\"url\":\"https:\\\/\\\/www.stimezo-zwolle.nl\\\/pl\\\/\",\"name\":\"Abortuskliniek Stimezo Zwolle\",\"description\":\"Zorgt voor vrouwen\",\"publisher\":{\"@id\":\"https:\\\/\\\/www.stimezo-zwolle.nl\\\/pl\\\/#organization\"},\"potentialAction\":[{\"@type\":\"SearchAction\",\"target\":{\"@type\":\"EntryPoint\",\"urlTemplate\":\"https:\\\/\\\/www.stimezo-zwolle.nl\\\/pl\\\/?s={search_term_string}\"},\"query-input\":{\"@type\":\"PropertyValueSpecification\",\"valueRequired\":true,\"valueName\":\"search_term_string\"}}],\"inLanguage\":\"pl-PL\"},{\"@type\":\"Organization\",\"@id\":\"https:\\\/\\\/www.stimezo-zwolle.nl\\\/pl\\\/#organization\",\"name\":\"Stimezo Zwolle\",\"url\":\"https:\\\/\\\/www.stimezo-zwolle.nl\\\/pl\\\/\",\"logo\":{\"@type\":\"ImageObject\",\"inLanguage\":\"pl-PL\",\"@id\":\"https:\\\/\\\/www.stimezo-zwolle.nl\\\/pl\\\/#\\\/schema\\\/logo\\\/image\\\/\",\"url\":\"https:\\\/\\\/www.stimezo-zwolle.nl\\\/wp-content\\\/uploads\\\/2021\\\/06\\\/Stimezo-logo_metslogan_RGB_transparant.png\",\"contentUrl\":\"https:\\\/\\\/www.stimezo-zwolle.nl\\\/wp-content\\\/uploads\\\/2021\\\/06\\\/Stimezo-logo_metslogan_RGB_transparant.png\",\"width\":200,\"height\":100,\"caption\":\"Stimezo Zwolle\"},\"image\":{\"@id\":\"https:\\\/\\\/www.stimezo-zwolle.nl\\\/pl\\\/#\\\/schema\\\/logo\\\/image\\\/\"}}]}<\/script>\n<!-- \/ Yoast SEO plugin. -->","yoast_head_json":{"title":"Kosten van abortus - abortuskliniek Stimezo - Zwolle","description":"Welke kosten zijn verbonden aan een abortusbehandeling in een abortuskliniek? In Nederland is een zwangerschapsafbreking voor vrouwen kosteloos.","robots":{"index":"index","follow":"follow","max-snippet":"max-snippet:-1","max-image-preview":"max-image-preview:large","max-video-preview":"max-video-preview:-1"},"canonical":"https:\/\/www.stimezo-zwolle.nl\/pl\/koszt-aborcji\/","og_locale":"pl_PL","og_type":"article","og_title":"Kosten van abortus - abortuskliniek Stimezo - Zwolle","og_description":"Welke kosten zijn verbonden aan een abortusbehandeling in een abortuskliniek? In Nederland is een zwangerschapsafbreking voor vrouwen kosteloos.","og_url":"https:\/\/www.stimezo-zwolle.nl\/pl\/koszt-aborcji\/","og_site_name":"Klinika aborcyjna Stimezo Zwolle","article_modified_time":"2026-02-19T18:56:10+00:00","og_image":[{"url":"https:\/\/www.stimezo-zwolle.nl\/wp-content\/uploads\/2021\/06\/curretage-narcose-wit.svg","type":"","width":"","height":""}],"twitter_card":"summary_large_image","schema":{"@context":"https:\/\/schema.org","@graph":[{"@type":"WebPage","@id":"https:\/\/www.stimezo-zwolle.nl\/pl\/koszt-aborcji\/","url":"https:\/\/www.stimezo-zwolle.nl\/pl\/koszt-aborcji\/","name":"Kosten van abortus - abortuskliniek Stimezo - Zwolle","isPartOf":{"@id":"https:\/\/www.stimezo-zwolle.nl\/pl\/#website"},"primaryImageOfPage":{"@id":"https:\/\/www.stimezo-zwolle.nl\/pl\/koszt-aborcji\/#primaryimage"},"image":{"@id":"https:\/\/www.stimezo-zwolle.nl\/pl\/koszt-aborcji\/#primaryimage"},"thumbnailUrl":"https:\/\/www.stimezo-zwolle.nl\/wp-content\/uploads\/2021\/06\/curretage-narcose-wit.svg","datePublished":"2021-06-28T11:44:43+00:00","dateModified":"2026-02-19T18:56:10+00:00","description":"Welke kosten zijn verbonden aan een abortusbehandeling in een abortuskliniek? In Nederland is een zwangerschapsafbreking voor vrouwen kosteloos.","breadcrumb":{"@id":"https:\/\/www.stimezo-zwolle.nl\/pl\/koszt-aborcji\/#breadcrumb"},"inLanguage":"pl-PL","potentialAction":[{"@type":"ReadAction","target":["https:\/\/www.stimezo-zwolle.nl\/pl\/koszt-aborcji\/"]}]},{"@type":"ImageObject","inLanguage":"pl-PL","@id":"https:\/\/www.stimezo-zwolle.nl\/pl\/koszt-aborcji\/#primaryimage","url":"https:\/\/www.stimezo-zwolle.nl\/wp-content\/uploads\/2021\/06\/curretage-narcose-wit.svg","contentUrl":"https:\/\/www.stimezo-zwolle.nl\/wp-content\/uploads\/2021\/06\/curretage-narcose-wit.svg"},{"@type":"BreadcrumbList","@id":"https:\/\/www.stimezo-zwolle.nl\/pl\/koszt-aborcji\/#breadcrumb","itemListElement":[{"@type":"ListItem","position":1,"name":"Home","item":"https:\/\/www.stimezo-zwolle.nl\/pl\/"},{"@type":"ListItem","position":2,"name":"Koszt aborcji"}]},{"@type":"WebSite","@id":"https:\/\/www.stimezo-zwolle.nl\/pl\/#website","url":"https:\/\/www.stimezo-zwolle.nl\/pl\/","name":"Abortuskliniek Stimezo Zwolle","description":"Zorgt voor vrouwen","publisher":{"@id":"https:\/\/www.stimezo-zwolle.nl\/pl\/#organization"},"potentialAction":[{"@type":"SearchAction","target":{"@type":"EntryPoint","urlTemplate":"https:\/\/www.stimezo-zwolle.nl\/pl\/?s={search_term_string}"},"query-input":{"@type":"PropertyValueSpecification","valueRequired":true,"valueName":"search_term_string"}}],"inLanguage":"pl-PL"},{"@type":"Organization","@id":"https:\/\/www.stimezo-zwolle.nl\/pl\/#organization","name":"Stimezo Zwolle","url":"https:\/\/www.stimezo-zwolle.nl\/pl\/","logo":{"@type":"ImageObject","inLanguage":"pl-PL","@id":"https:\/\/www.stimezo-zwolle.nl\/pl\/#\/schema\/logo\/image\/","url":"https:\/\/www.stimezo-zwolle.nl\/wp-content\/uploads\/2021\/06\/Stimezo-logo_metslogan_RGB_transparant.png","contentUrl":"https:\/\/www.stimezo-zwolle.nl\/wp-content\/uploads\/2021\/06\/Stimezo-logo_metslogan_RGB_transparant.png","width":200,"height":100,"caption":"Stimezo Zwolle"},"image":{"@id":"https:\/\/www.stimezo-zwolle.nl\/pl\/#\/schema\/logo\/image\/"}}]}},"_links":{"self":[{"href":"https:\/\/www.stimezo-zwolle.nl\/pl\/wp-json\/wp\/v2\/pages\/2677","targetHints":{"allow":["GET"]}}],"collection":[{"href":"https:\/\/www.stimezo-zwolle.nl\/pl\/wp-json\/wp\/v2\/pages"}],"about":[{"href":"https:\/\/www.stimezo-zwolle.nl\/pl\/wp-json\/wp\/v2\/types\/page"}],"author":[{"embeddable":true,"href":"https:\/\/www.stimezo-zwolle.nl\/pl\/wp-json\/wp\/v2\/users\/1"}],"replies":[{"embeddable":true,"href":"https:\/\/www.stimezo-zwolle.nl\/pl\/wp-json\/wp\/v2\/comments?post=2677"}],"version-history":[{"count":8,"href":"https:\/\/www.stimezo-zwolle.nl\/pl\/wp-json\/wp\/v2\/pages\/2677\/revisions"}],"predecessor-version":[{"id":11406,"href":"https:\/\/www.stimezo-zwolle.nl\/pl\/wp-json\/wp\/v2\/pages\/2677\/revisions\/11406"}],"wp:attachment":[{"href":"https:\/\/www.stimezo-zwolle.nl\/pl\/wp-json\/wp\/v2\/media?parent=2677"}],"curies":[{"name":"wp","href":"https:\/\/api.w.org\/{rel}","templated":true}]}}