{"id":2668,"date":"2021-06-28T12:06:16","date_gmt":"2021-06-28T12:06:16","guid":{"rendered":"https:\/\/stimezo.naareva.nl\/contact\/"},"modified":"2021-12-09T09:10:39","modified_gmt":"2021-12-09T09:10:39","slug":"kontakt","status":"publish","type":"page","link":"https:\/\/www.stimezo-zwolle.nl\/de\/kontakt\/","title":{"rendered":"Kontakt"},"content":{"rendered":"<!--themify_builder_content-->\n<div id=\"themify_builder_content-2668\" data-postid=\"2668\" class=\"themify_builder_content themify_builder_content-2668 themify_builder tf_clear\">\n                    <div  data-css_id=\"5u0s980\" data-lazy=\"1\" class=\"module_row themify_builder_row fullheight fullwidth_row_container tb_5u0s980 tb_first tf_w\">\n                        <div class=\"row_inner col_align_top tb_col_count_2 tf_box tf_rel\">\n                        <div  data-lazy=\"1\" class=\"module_column tb-column col4-2 tb_6eo0555 first\">\n                    <!-- module text -->\n<div  class=\"module module-text tb_zy3g556   \" data-lazy=\"1\">\n        <div  class=\"tb_text_wrap\">\n        <h1><span lang=\"DE\">Einen Termin bei der Klinik Stimezo Zwolle vereinbaren<\/span><\/h1>    <\/div>\n<\/div>\n<!-- \/module text -->        <\/div>\n                    <div  data-lazy=\"1\" class=\"module_column tb-column col4-2 tb_81i6981 last\">\n                            <\/div>\n                        <\/div>\n        <\/div>\n                        <div  data-lazy=\"1\" class=\"module_row themify_builder_row tb_70of207 tf_w\">\n                        <div class=\"row_inner col_align_top tb_col_count_2 tf_box tf_rel\">\n                        <div  data-lazy=\"1\" class=\"module_column tb-column col3-1 tb_w2oz213 first\">\n                    <!-- module template_part -->\n<div  class=\"module module-layout-part tb_dukb213 \">\n    <div class=\"tb_layout_part_wrap tf_w\"><!--themify_builder_content-->\n    <div  class=\"themify_builder_content themify_builder_content-2647 themify_builder not_editable_builder in_the_loop\" data-postid=\"2647\">\n                        <div  data-lazy=\"1\" class=\"module_row themify_builder_row tb_z8h5968 tf_w\">\n                        <div class=\"row_inner col_align_top tb_col_count_1 tf_box tf_rel\">\n                        <div  data-lazy=\"1\" class=\"module_column tb-column col-full tb_65jk969 first\">\n                    <!-- module text -->\n<div  class=\"module module-text tb_y9k7969  repeat \" data-lazy=\"1\">\n        <div  class=\"tb_text_wrap\">\n        <h2>Einen Termin vereinbaren<\/h2>    <\/div>\n<\/div>\n<!-- \/module text --><!-- module text -->\n<div  class=\"module module-text tb_a16r970   \" data-lazy=\"1\">\n        <div  class=\"tb_text_wrap\">\n        <h2>Wir sind von Montag bis Donnerstag zwischen 8:15 Uhr und 16:15 Uhr sowie an Freitagen zwischen 8:15 und 12:15 Uhr telefonisch erreichbar.<\/h2>    <\/div>\n<\/div>\n<!-- \/module text --><!-- module icon -->\n<div  class=\"module module-icon tb_a6vq970  normal none icon_horizontal \" data-lazy=\"1\">\n\t\t\t<div class=\"module-icon-item\">\n\t\t\t\t\t\t\t<a href=\"tel:0031384217000\">\n\t\t\t\t\t\t\t\t\t\t\t\t\t\t\t\t\t<em class=\"tf_box\"\n\t\t\t\t\t\t\t\t\t\t\t\t\t\t\t\t\t><svg  class=\"tf_fa tf-fas-phone-alt\" aria-hidden=\"true\"><use href=\"#tf-fas-phone-alt\"><\/use><\/svg><\/em>\n\t\t\t\t\t\t\t\t\t\t\t\t\t\t\t\t\t\t\t<span>+31 (0)38 - 421 7000<\/span>\n\t\t\t\t\t\t\t\t\t\t\t\t\t\t\t\t\t<\/a>\n\t\t\t\t\t<\/div>\n\t<\/div>\n<!-- \/module icon -->\n<!-- module text -->\n<div  class=\"module module-text tb_0z10970  repeat \" data-lazy=\"1\">\n        <div  class=\"tb_text_wrap\">\n        <h2>Oder stellen Sie Ihre Frage \u00fcber unseren<\/h2>    <\/div>\n<\/div>\n<!-- \/module text --><!-- module icon -->\n<div  class=\"module module-icon tb_583m970  normal none icon_vertical \" data-lazy=\"1\">\n\t\t\t<div class=\"module-icon-item\">\n\t\t\t\t\t\t\t<a href=\"https:\/\/www.stimezo-zwolle.nl\/contact\/\">\n\t\t\t\t\t\t\t\t\t\t\t\t\t\t\t\t\t<em class=\"tf_boxlight-green\"\n\t\t\t\t\t\t\t\t\t\t\t\t\t\t\t\t\t><svg  class=\"tf_fa tf-fas-list-ul\" aria-hidden=\"true\"><use href=\"#tf-fas-list-ul\"><\/use><\/svg><\/em>\n\t\t\t\t\t\t\t\t\t\t\t\t\t\t\t\t\t\t\t<span>Unser Kontaktformular<\/span>\n\t\t\t\t\t\t\t\t\t\t\t\t\t\t\t\t\t<\/a>\n\t\t\t\t\t<\/div>\n\t\t\t<div class=\"module-icon-item\">\n\t\t\t\t\t\t\t<a href=\"mailto:vragen@stimezo-zwolle.nl\">\n\t\t\t\t\t\t\t\t\t\t\t\t\t\t\t\t\t<em class=\"tf_boxlight-green\"\n\t\t\t\t\t\t\t\t\t\t\t\t\t\t\t\t\t><svg  class=\"tf_fa tf-fas-envelope\" aria-hidden=\"true\"><use href=\"#tf-fas-envelope\"><\/use><\/svg><\/em>\n\t\t\t\t\t\t\t\t\t\t\t\t\t\t\t\t\t\t\t<span>vragen@stimezo-zwolle.nl<\/span>\n\t\t\t\t\t\t\t\t\t\t\t\t\t\t\t\t\t<\/a>\n\t\t\t\t\t<\/div>\n\t<\/div>\n<!-- \/module icon -->\n        <\/div>\n                        <\/div>\n        <\/div>\n            <\/div>\n<!--\/themify_builder_content--><\/div>\n<\/div>\n<!-- \/module template_part -->        <\/div>\n                    <div  data-lazy=\"1\" class=\"module_column tb-column col3-2 tb_3j3o214 last\">\n                    <!-- module text -->\n<div  class=\"module module-text tb_w5yn214   \" data-lazy=\"1\">\n        <div  class=\"tb_text_wrap\">\n        <div class=\"module h4 preamble\">\n<p>Sind Sie ungewollt schwanger und erw\u00e4gen Sie einen Schwangerschaftsabbruch? Klinik Stimezo in Zwolle bietet Ihnen eine sichere Umgebung f\u00fcr Ihre wohl\u00fcberlegte Entscheidung. Selbstverst\u00e4ndlich garantieren wir immer Ihre Privatsph\u00e4re.<\/p>\n<\/div>    <\/div>\n<\/div>\n<!-- \/module text --><!-- module button pro -->\n<div  id=\"tb_qtbi381\" class=\"module module-button tb_qtbi381 button-link-modal  tb_default_color\" data-lazy=\"1\">\n\t\n    <a  class=\"ui builder_button light-green themify_lightbox\" href=\"#modal-tb_qtbi381-1\">\n\t\t<span><svg  class=\"tf_fa tf-fas-virus\" aria-hidden=\"true\"><use href=\"#tf-fas-virus\"><\/use><\/svg><\/span> \t\t<span>Corona informationen<\/span>\n    <\/a>\n\n\t\t\t<div id=\"modal-tb_qtbi381-1\" class=\"tf_hide\">\n\t\t<h2>Informationen zum Coronavirus und Ihrem Termin (im Falle einer Behandlung)<\/h2>\n<p>COVID-19 hat auch gro\u00dfe Auswirkungen auf unser Gesundheitswesen. Aufgrund der 1,5-Meter-Regel und anderer Pr\u00e4ventionsvorschriften mussten wir die Klinikordnung darauf anpassen. Es ist daher vor\u00fcbergehend NICHT m\u00f6glich, dass Ihr Partner, Freund oder sonstiger Vorgesetzter die Klinik betreten darf. Da wir verstehen, dass die Anwesenheit eines Partners, Freundes oder Vorgesetzten w\u00e4hrend des Entscheidungsprozesses sehr sch\u00f6n f\u00fcr Sie sein kann, besteht die M\u00f6glichkeit von Videoanrufen, solange COVID-19 andauert. So kann Ihr Partner, Freund oder Vorgesetzter w\u00e4hrend des Gespr\u00e4chs per Videoanruf (auf dem eigenen Handy) weiterhin anwesend sein. Kommen Sie m\u00f6glichst alleine zum Termin und lassen Sie sich in der Klinik bringen und abholen. In unseren \u00f6ffentlichen Bereichen und Warter\u00e4umen bleibt der <strong>1,5 Meter Abstand<\/strong> in vollem Umfang bestehen und das Tragen einer <strong>Mundkappe ist Pflicht<\/strong>.<\/p>\n<p>\u00a0<\/p>\n<p><strong>Um unsere Hilfe auch weiterhin gew\u00e4hrleisten zu k\u00f6nnen, ist Ihre Mitarbeit sehr wichtig. Wir bitten Sie, sich bei (geringf\u00fcgigen) Grippesymptomen umgehend mit uns in Verbindung zu setzen. Wir pr\u00fcfen gemeinsam mit Ihnen die M\u00f6glichkeiten zur Verschiebung des Behandlungstermins.<\/strong><\/p>\n<p>\u00a0<\/p>\t\t<\/div>\n\t\n\t<\/div>\n<!-- \/module button pro -->\n<!-- module button pro -->\n<div  id=\"tb_45ev455\" class=\"module module-button tb_45ev455 button-link-row_scroll  tb_default_color\" data-lazy=\"1\">\n\t\n    <a  class=\"ui builder_button tb_default_color scroll-next-row\" href=\"#\">\n\t\t<span><svg  class=\"tf_fa tf-fas-chevron-down\" aria-hidden=\"true\"><use href=\"#tf-fas-chevron-down\"><\/use><\/svg><\/span> \t\t<span><\/span>\n    <\/a>\n\n\t\n\t<\/div>\n<!-- \/module button pro -->\n        <\/div>\n                        <\/div>\n        <\/div>\n                        <div  data-css_id=\"95u6708\" data-lazy=\"1\" class=\"module_row themify_builder_row fullwidth_row_container tb_95u6708 tf_w\">\n                        <div class=\"row_inner col_align_top tb_col_count_1 tf_box tf_rel\">\n                        <div  data-lazy=\"1\" class=\"module_column tb-column col-full tb_l3ch56 first\">\n                            <div  data-lazy=\"1\" class=\"module_subrow themify_builder_sub_row tf_w col_align_top tb_col_count_2 tb_6ccf57\">\n                <div  data-lazy=\"1\" class=\"module_column sub_column col4-2 tb_5ep457 first\">\n                    <!-- module text -->\n<div  class=\"module module-text tb_8usc58   \" data-lazy=\"1\">\n        <div  class=\"tb_text_wrap\">\n        <h2 class=\"module h2\">Kontaktdetails<\/h2>\n<p><strong>Abtreibungsklinik Stimezo Zwolle<\/strong><br>Oosterlaan 14<br>8011 GC\u00a0Zwolle<\/p>\n<p>Die Niederl\u00e4nde<\/p>\n<p><strong>E<\/strong>\u00a0<a href=\"mailto:vragen@stimezo-zwolle.nl\" data-track-event=\"click\" data-track-action=\"tapToEmail\">vragen@stimezo-zwolle.nl<\/a><\/p>\n<p><strong>T <\/strong><a href=\"tel:0031384217000\">+31 (0)38-4217000<\/a><br><strong>F<\/strong> <a href=\"tel:0031384223188\">+31 (0)38-4223188<\/a><\/p>    <\/div>\n<\/div>\n<!-- \/module text --><!-- module divider -->\n<div  class=\"module tf_mw module-divider tb_oh1u998 solid   \" style=\"border-width: 2px;border-color: #ffffff;margin-bottom: 30px;\" data-lazy=\"1\">\n    <\/div>\n<!-- \/module divider -->\n<!-- module text -->\n<div  class=\"module module-text tb_n4wm58   \" data-lazy=\"1\">\n        <div  class=\"tb_text_wrap\">\n        <h2>\u00d6ffnungszeiten<\/h2>\n<p>\u00a0<\/p>\n<p><strong>Montag bis Donnerstag<\/strong><br>8:15 \u2013 16:15 Uhr<\/p>\n<p>\u00a0<\/p>\n<p><strong>Freitag<\/strong><br>8:15 \u2013 12:15 Uhr<\/p>\n<p>\u00a0<\/p>\n<h3>Haben Sie nach Ihrer Behandlung au\u00dferhalb unserer \u00d6ffnungszeiten noch Fragen?<\/h3>\n<p>Au\u00dferhalb unserer \u00d6ffnungszeiten wenden Sie sich bitte an dem diensthabenden Bereitschaftsarzt.<\/p>    <\/div>\n<\/div>\n<!-- \/module text -->        <\/div>\n                    <div  data-lazy=\"1\" class=\"module_column sub_column col4-2 tb_v6mi58 last\">\n                    <!-- module text -->\n<div  class=\"module module-text tb_nc0h59   \" data-lazy=\"1\">\n        <div  class=\"tb_text_wrap\">\n        <form method=\"post\" enctype=\"multipart\/form-data\" id=\"vfbp-form-6\" class=\"vfbp-form\"><div style=\"display:none;\"><label for=\"vfbp-EMAIL-AN8fuQyoDLXem\">Wenn Sie ein Mensch sind, lassen Sie dieses Feld leer.<\/label><input size=\"25\" autocomplete=\"off\" type=\"text\" name=\"vfbp-EMAIL-AN8fuQyoDLXem\" value=\"\" id=\"\"><\/div><input type=\"hidden\" name=\"_vfb-timestamp-6\" value=\"1776418327\" id=\"\"><input type=\"hidden\" name=\"_vfb-form-id\" value=\"6\" id=\"\"><div class=\"vfb-well vfb-col-12\" id=\"vfbField213\"><div class=\"vfb-form-group vfb-col-12\"><div><div class=\"\"><\/div><\/div><\/div><div class=\"vfb-col-12 vfb-fieldType-heading\" id=\"vfbField213\"><\/div><div class=\"vfb-clearfix\"><\/div><div class=\"vfb-col-6 vfb-fieldType-text\" id=\"vfbField214\"><div class=\"vfb-form-group\"><label for=\"vfb-field-214\" class=\"vfb-control-label\">Naam <span class=\"vfb-required-asterisk\">*<\/span><\/label><div><input id=\"vfb-field-214\" class=\"vfb-form-control\" placeholder=\"Naam\" required=\"required\" type=\"text\" name=\"vfb-field-214\" value=\"\"><\/div><\/div><\/div><div class=\"vfb-col-6 vfb-fieldType-text\" id=\"vfbField215\"><div class=\"vfb-form-group\"><label for=\"vfb-field-215\" class=\"vfb-control-label\">Telefoon <span class=\"vfb-required-asterisk\">*<\/span><\/label><div><input id=\"vfb-field-215\" class=\"vfb-form-control\" placeholder=\"Telefon\" required=\"required\" type=\"text\" name=\"vfb-field-215\" value=\"\"><\/div><\/div><\/div><div class=\"vfb-clearfix\"><\/div><div class=\"vfb-col-12 vfb-fieldType-email\" id=\"vfbField216\"><div class=\"vfb-form-group\"><label for=\"vfb-field-216\" class=\"vfb-control-label\">E-Mail <span class=\"vfb-required-asterisk\">*<\/span><\/label><div><input id=\"vfb-field-216\" class=\"vfb-form-control\" placeholder=\"E-Mail\" required=\"required\" type=\"email\" name=\"vfb-field-216\" value=\"\"><\/div><\/div><\/div><div class=\"vfb-clearfix\"><\/div><div class=\"vfb-col-12 vfb-fieldType-text\" id=\"vfbField228\"><div class=\"vfb-form-group\"><label for=\"vfb-field-228\" class=\"vfb-control-label\">Land<\/label><div><input id=\"vfb-field-228\" class=\"vfb-form-control\" placeholder=\"Land\" type=\"text\" name=\"vfb-field-228\" value=\"\"><\/div><\/div><\/div><div class=\"vfb-clearfix\"><\/div><div class=\"vfb-col-12 vfb-fieldType-date\" id=\"vfbField219\"><div class=\"vfb-form-group\"><label for=\"vfb-field-219\" class=\"vfb-control-label\">Geboortedatum<\/label><div><input id=\"vfb-field-219\" class=\"vfb-form-control\" placeholder=\"Geburtsdatum\" data-provide=\"datepicker\" type=\"text\" name=\"vfb-field-219\" value=\"\"><\/div><\/div><\/div><div class=\"vfb-clearfix\"><\/div><div class=\"vfb-col-12 vfb-fieldType-select\" id=\"vfbField220\"><label for=\"vfb-field-220\" class=\"vfb-control-label\">Hoe lang denk je zwanger te zijn?<\/label><div><span class=\"vfb-help-block\">Wie lange denken Sie bereits schwanger zu sein?\r\n<\/span><div class=\"vfb-form-group\"><select id=\"vfb-field-220\" class=\"vfb-form-control\" placeholder=\"\" name=\"vfb-field-220\"><option value=\"W&auml;hle eine Option ...\">W\u00e4hle eine Option ...<\/option><option value=\"Weniger als 6 Wochen und 2 Tage\">Weniger als 6 Wochen und 2 Tage<\/option><option value=\"Weniger als 9 Wochen\">Weniger als 9 Wochen<\/option><option value=\"Weniger als 13 Wochen\">Weniger als 13 Wochen<\/option><option value=\"Mehr als 13 Wochen\">Mehr als 13 Wochen<\/option><\/select><\/div><\/div><\/div><div class=\"vfb-clearfix\"><\/div><div class=\"vfb-col-12 vfb-fieldType-textarea\" id=\"vfbField224\"><div class=\"vfb-form-group\"><label for=\"vfb-field-224\" class=\"vfb-control-label\">Vraag<\/label><div><span class=\"vfb-help-block\">Oder haben Sie eine andere Frage?<\/span><textarea id=\"vfb-field-224\" class=\"vfb-form-control\" placeholder=\"Frage\" rows=\"5\" name=\"vfb-field-224\" cols=\"50\"><\/textarea><\/div><\/div><\/div><div class=\"vfb-clearfix\"><\/div><div class=\"vfb-col-12 vfb-fieldType-captcha\" id=\"vfbField226\"><div class=\"vfb-form-group\"><div><div class=\"g-recaptcha-v3\" data-sitekey=\"6LdaVKwpAAAAAJJS2gHjtFFboOB5PN9_fuyUw9FK\"><\/div><input type=\"hidden\" name=\"_vfb_recaptcha_enabled\" value=\"1\" id=\"\"><input type=\"hidden\" id=\"g-recaptcha-response\" name=\"g-recaptcha-response\"><div class=\"vfb-has-error\" id=\"vfb-recaptcha-error\"><span class=\"vfb-help-block\">reCAPTCHA erforderlich.<\/span><\/div><\/div><\/div><\/div><div class=\"vfb-clearfix\"><\/div><div class=\"vfb-col-12 vfb-fieldType-submit\" id=\"vfbField227\"><button id=\"vfb-field-227\" class=\" btn btn-primary\" placeholder=\"\" type=\"submit\" name=\"_vfb-submit\">Abschicken<\/button><\/div><div class=\"vfb-clearfix\"><\/div><\/div> <!-- .vfb-well --><\/form>\n<p>\u00a0<\/p>    <\/div>\n<\/div>\n<!-- \/module text -->        <\/div>\n                    <\/div>\n                <\/div>\n                        <\/div>\n        <\/div>\n                        <div  data-css_id=\"kqpu792\" data-lazy=\"1\" class=\"module_row themify_builder_row fullwidth tb_kqpu792 tf_w\">\n                        <div class=\"row_inner col_align_top tb_col_count_1 tf_box tf_rel\">\n                        <div  data-lazy=\"1\" class=\"module_column tb-column col-full tb_ojrz794 first\">\n                    <!-- module image -->\n<div  class=\"module module-image tb_p6q1270 image-top   tf_mw\" data-lazy=\"1\">\n        <div class=\"image-wrap tf_rel tf_mw\">\n                \n        <\/div>\n    <!-- \/image-wrap -->\n    \n        <\/div>\n<!-- \/module image --><!-- module buttons -->\n<div  class=\"module module-buttons tb_r0u3860 buttons-horizontal solid \" data-lazy=\"1\">\n        <div class=\"module-buttons-item tf_in_flx\">\n                        <a href=\"https:\/\/www.google.com\/maps\/place\/Abortuskliniek+Stimezo+Zwolle\/@52.510895,6.1052348,11z\/data=!4m5!3m4!1s0x47c7df27db8b9c87:0x1ab7a016119d3c77!8m2!3d52.5050195!4d6.0935413\" class=\"ui builder_button tf_in_flx light-green\" >\n                                                Route                                        <em><svg  class=\"tf_fa tf-fas-chevron-right\" aria-hidden=\"true\"><use href=\"#tf-fas-chevron-right\"><\/use><\/svg><\/em>                            <\/a>\n                <\/div>\n            <\/div>\n<!-- \/module buttons -->\n        <\/div>\n                        <\/div>\n        <\/div>\n        <\/div>\n<!--\/themify_builder_content-->","protected":false},"excerpt":{"rendered":"<p>Einen Termin bei der Klinik Stimezo Zwolle vereinbaren Einen Termin vereinbaren Wir sind von Montag bis Donnerstag zwischen 8:15 Uhr und 16:15 Uhr sowie an Freitagen zwischen 8:15 und 12:15 Uhr telefonisch erreichbar. +31 (0)38 &#8211; 421 7000 Oder stellen Sie Ihre Frage \u00fcber unseren Unser Kontaktformular vragen@stimezo-zwolle.nl Sind Sie ungewollt schwanger und erw\u00e4gen Sie [&hellip;]<\/p>\n","protected":false},"author":1,"featured_media":0,"parent":0,"menu_order":0,"comment_status":"closed","ping_status":"closed","template":"","meta":{"inline_featured_image":false,"footnotes":""},"class_list":["post-2668","page","type-page","status-publish","hentry","has-post-title","has-post-date","has-post-category","has-post-tag","has-post-comment","has-post-author",""],"yoast_head":"<!-- This site is optimized with the Yoast SEO plugin v27.4 - https:\/\/yoast.com\/product\/yoast-seo-wordpress\/ -->\n<title>Kontakt - Abortuskliniek Stimezo - tel: 038-4217000<\/title>\n<meta name=\"description\" content=\"Een afspraak met abortuskliniek Stimezo maakt u via tel: 038-4217000 of e-mail: vragen@stimezo-zwolle.nl | Adres: Oosterlaan 14 in Zwolle.\" \/>\n<meta name=\"robots\" content=\"index, follow, max-snippet:-1, max-image-preview:large, max-video-preview:-1\" \/>\n<link rel=\"canonical\" href=\"https:\/\/www.stimezo-zwolle.nl\/de\/kontakt\/\" \/>\n<meta property=\"og:locale\" content=\"de_DE\" \/>\n<meta property=\"og:type\" content=\"article\" \/>\n<meta property=\"og:title\" content=\"Kontakt - Abortuskliniek Stimezo - tel: 038-4217000\" \/>\n<meta property=\"og:description\" content=\"Een afspraak met abortuskliniek Stimezo maakt u via tel: 038-4217000 of e-mail: vragen@stimezo-zwolle.nl | Adres: Oosterlaan 14 in Zwolle.\" \/>\n<meta property=\"og:url\" content=\"https:\/\/www.stimezo-zwolle.nl\/de\/kontakt\/\" \/>\n<meta property=\"og:site_name\" content=\"Abtreibungsklinik Stimezo Zwolle\" \/>\n<meta property=\"article:modified_time\" content=\"2021-12-09T09:10:39+00:00\" \/>\n<meta name=\"twitter:card\" content=\"summary_large_image\" \/>\n<meta name=\"twitter:label1\" content=\"Gesch\u00e4tzte Lesezeit\" \/>\n\t<meta name=\"twitter:data1\" content=\"2\u00a0Minuten\" \/>\n<script type=\"application\/ld+json\" class=\"yoast-schema-graph\">{\"@context\":\"https:\\\/\\\/schema.org\",\"@graph\":[{\"@type\":\"WebPage\",\"@id\":\"https:\\\/\\\/www.stimezo-zwolle.nl\\\/de\\\/kontakt\\\/\",\"url\":\"https:\\\/\\\/www.stimezo-zwolle.nl\\\/de\\\/kontakt\\\/\",\"name\":\"Kontakt - Abortuskliniek Stimezo - tel: 038-4217000\",\"isPartOf\":{\"@id\":\"https:\\\/\\\/www.stimezo-zwolle.nl\\\/de\\\/#website\"},\"datePublished\":\"2021-06-28T12:06:16+00:00\",\"dateModified\":\"2021-12-09T09:10:39+00:00\",\"description\":\"Een afspraak met abortuskliniek Stimezo maakt u via tel: 038-4217000 of e-mail: vragen@stimezo-zwolle.nl | Adres: Oosterlaan 14 in Zwolle.\",\"breadcrumb\":{\"@id\":\"https:\\\/\\\/www.stimezo-zwolle.nl\\\/de\\\/kontakt\\\/#breadcrumb\"},\"inLanguage\":\"de\",\"potentialAction\":[{\"@type\":\"ReadAction\",\"target\":[\"https:\\\/\\\/www.stimezo-zwolle.nl\\\/de\\\/kontakt\\\/\"]}]},{\"@type\":\"BreadcrumbList\",\"@id\":\"https:\\\/\\\/www.stimezo-zwolle.nl\\\/de\\\/kontakt\\\/#breadcrumb\",\"itemListElement\":[{\"@type\":\"ListItem\",\"position\":1,\"name\":\"Home\",\"item\":\"https:\\\/\\\/www.stimezo-zwolle.nl\\\/de\\\/\"},{\"@type\":\"ListItem\",\"position\":2,\"name\":\"Kontakt\"}]},{\"@type\":\"WebSite\",\"@id\":\"https:\\\/\\\/www.stimezo-zwolle.nl\\\/de\\\/#website\",\"url\":\"https:\\\/\\\/www.stimezo-zwolle.nl\\\/de\\\/\",\"name\":\"Abortuskliniek Stimezo Zwolle\",\"description\":\"Zorgt voor vrouwen\",\"publisher\":{\"@id\":\"https:\\\/\\\/www.stimezo-zwolle.nl\\\/de\\\/#organization\"},\"potentialAction\":[{\"@type\":\"SearchAction\",\"target\":{\"@type\":\"EntryPoint\",\"urlTemplate\":\"https:\\\/\\\/www.stimezo-zwolle.nl\\\/de\\\/?s={search_term_string}\"},\"query-input\":{\"@type\":\"PropertyValueSpecification\",\"valueRequired\":true,\"valueName\":\"search_term_string\"}}],\"inLanguage\":\"de\"},{\"@type\":\"Organization\",\"@id\":\"https:\\\/\\\/www.stimezo-zwolle.nl\\\/de\\\/#organization\",\"name\":\"Stimezo Zwolle\",\"url\":\"https:\\\/\\\/www.stimezo-zwolle.nl\\\/de\\\/\",\"logo\":{\"@type\":\"ImageObject\",\"inLanguage\":\"de\",\"@id\":\"https:\\\/\\\/www.stimezo-zwolle.nl\\\/de\\\/#\\\/schema\\\/logo\\\/image\\\/\",\"url\":\"https:\\\/\\\/www.stimezo-zwolle.nl\\\/wp-content\\\/uploads\\\/2021\\\/06\\\/Stimezo-logo_metslogan_RGB_transparant.png\",\"contentUrl\":\"https:\\\/\\\/www.stimezo-zwolle.nl\\\/wp-content\\\/uploads\\\/2021\\\/06\\\/Stimezo-logo_metslogan_RGB_transparant.png\",\"width\":200,\"height\":100,\"caption\":\"Stimezo Zwolle\"},\"image\":{\"@id\":\"https:\\\/\\\/www.stimezo-zwolle.nl\\\/de\\\/#\\\/schema\\\/logo\\\/image\\\/\"}}]}<\/script>\n<!-- \/ Yoast SEO plugin. -->","yoast_head_json":{"title":"Kontakt - Abortuskliniek Stimezo - tel: 038-4217000","description":"Een afspraak met abortuskliniek Stimezo maakt u via tel: 038-4217000 of e-mail: vragen@stimezo-zwolle.nl | Adres: Oosterlaan 14 in Zwolle.","robots":{"index":"index","follow":"follow","max-snippet":"max-snippet:-1","max-image-preview":"max-image-preview:large","max-video-preview":"max-video-preview:-1"},"canonical":"https:\/\/www.stimezo-zwolle.nl\/de\/kontakt\/","og_locale":"de_DE","og_type":"article","og_title":"Kontakt - Abortuskliniek Stimezo - tel: 038-4217000","og_description":"Een afspraak met abortuskliniek Stimezo maakt u via tel: 038-4217000 of e-mail: vragen@stimezo-zwolle.nl | Adres: Oosterlaan 14 in Zwolle.","og_url":"https:\/\/www.stimezo-zwolle.nl\/de\/kontakt\/","og_site_name":"Abtreibungsklinik Stimezo Zwolle","article_modified_time":"2021-12-09T09:10:39+00:00","twitter_card":"summary_large_image","twitter_misc":{"Gesch\u00e4tzte Lesezeit":"2\u00a0Minuten"},"schema":{"@context":"https:\/\/schema.org","@graph":[{"@type":"WebPage","@id":"https:\/\/www.stimezo-zwolle.nl\/de\/kontakt\/","url":"https:\/\/www.stimezo-zwolle.nl\/de\/kontakt\/","name":"Kontakt - Abortuskliniek Stimezo - tel: 038-4217000","isPartOf":{"@id":"https:\/\/www.stimezo-zwolle.nl\/de\/#website"},"datePublished":"2021-06-28T12:06:16+00:00","dateModified":"2021-12-09T09:10:39+00:00","description":"Een afspraak met abortuskliniek Stimezo maakt u via tel: 038-4217000 of e-mail: vragen@stimezo-zwolle.nl | Adres: Oosterlaan 14 in Zwolle.","breadcrumb":{"@id":"https:\/\/www.stimezo-zwolle.nl\/de\/kontakt\/#breadcrumb"},"inLanguage":"de","potentialAction":[{"@type":"ReadAction","target":["https:\/\/www.stimezo-zwolle.nl\/de\/kontakt\/"]}]},{"@type":"BreadcrumbList","@id":"https:\/\/www.stimezo-zwolle.nl\/de\/kontakt\/#breadcrumb","itemListElement":[{"@type":"ListItem","position":1,"name":"Home","item":"https:\/\/www.stimezo-zwolle.nl\/de\/"},{"@type":"ListItem","position":2,"name":"Kontakt"}]},{"@type":"WebSite","@id":"https:\/\/www.stimezo-zwolle.nl\/de\/#website","url":"https:\/\/www.stimezo-zwolle.nl\/de\/","name":"Abortuskliniek Stimezo Zwolle","description":"Zorgt voor vrouwen","publisher":{"@id":"https:\/\/www.stimezo-zwolle.nl\/de\/#organization"},"potentialAction":[{"@type":"SearchAction","target":{"@type":"EntryPoint","urlTemplate":"https:\/\/www.stimezo-zwolle.nl\/de\/?s={search_term_string}"},"query-input":{"@type":"PropertyValueSpecification","valueRequired":true,"valueName":"search_term_string"}}],"inLanguage":"de"},{"@type":"Organization","@id":"https:\/\/www.stimezo-zwolle.nl\/de\/#organization","name":"Stimezo Zwolle","url":"https:\/\/www.stimezo-zwolle.nl\/de\/","logo":{"@type":"ImageObject","inLanguage":"de","@id":"https:\/\/www.stimezo-zwolle.nl\/de\/#\/schema\/logo\/image\/","url":"https:\/\/www.stimezo-zwolle.nl\/wp-content\/uploads\/2021\/06\/Stimezo-logo_metslogan_RGB_transparant.png","contentUrl":"https:\/\/www.stimezo-zwolle.nl\/wp-content\/uploads\/2021\/06\/Stimezo-logo_metslogan_RGB_transparant.png","width":200,"height":100,"caption":"Stimezo Zwolle"},"image":{"@id":"https:\/\/www.stimezo-zwolle.nl\/de\/#\/schema\/logo\/image\/"}}]}},"_links":{"self":[{"href":"https:\/\/www.stimezo-zwolle.nl\/de\/wp-json\/wp\/v2\/pages\/2668","targetHints":{"allow":["GET"]}}],"collection":[{"href":"https:\/\/www.stimezo-zwolle.nl\/de\/wp-json\/wp\/v2\/pages"}],"about":[{"href":"https:\/\/www.stimezo-zwolle.nl\/de\/wp-json\/wp\/v2\/types\/page"}],"author":[{"embeddable":true,"href":"https:\/\/www.stimezo-zwolle.nl\/de\/wp-json\/wp\/v2\/users\/1"}],"replies":[{"embeddable":true,"href":"https:\/\/www.stimezo-zwolle.nl\/de\/wp-json\/wp\/v2\/comments?post=2668"}],"version-history":[{"count":10,"href":"https:\/\/www.stimezo-zwolle.nl\/de\/wp-json\/wp\/v2\/pages\/2668\/revisions"}],"predecessor-version":[{"id":3415,"href":"https:\/\/www.stimezo-zwolle.nl\/de\/wp-json\/wp\/v2\/pages\/2668\/revisions\/3415"}],"wp:attachment":[{"href":"https:\/\/www.stimezo-zwolle.nl\/de\/wp-json\/wp\/v2\/media?parent=2668"}],"curies":[{"name":"wp","href":"https:\/\/api.w.org\/{rel}","templated":true}]}}