{"id":2665,"date":"2021-06-28T11:50:48","date_gmt":"2021-06-28T11:50:48","guid":{"rendered":"https:\/\/stimezo.naareva.nl\/na-een-zuigcurettage\/"},"modified":"2026-02-23T14:30:03","modified_gmt":"2026-02-23T14:30:03","slug":"nach-einer-saugkuerettage","status":"publish","type":"page","link":"https:\/\/www.stimezo-zwolle.nl\/de\/nach-einer-saugkuerettage\/","title":{"rendered":"Nach einer Saugk\u00fcrettage"},"content":{"rendered":"<!--themify_builder_content-->\n<div id=\"themify_builder_content-2665\" data-postid=\"2665\" class=\"themify_builder_content themify_builder_content-2665 themify_builder tf_clear\">\n                    <div  data-css_id=\"lq2k902\" data-lazy=\"1\" class=\"module_row themify_builder_row fullheight fullwidth_row_container tb_lq2k902 tb_first tf_w\">\n                        <div class=\"row_inner col_align_top tb_col_count_2 tf_box tf_rel\">\n                        <div  data-lazy=\"1\" class=\"module_column tb-column col4-2 tb_v801495 first\">\n                    <!-- module text -->\n<div  class=\"module module-text tb_b951495   \" data-lazy=\"1\">\n        <div  class=\"tb_text_wrap\">\n        <h1 class=\"module h1\">Nach einer Saugk\u00fcrettage<\/h1>\n<article class=\"module text\"><\/article>    <\/div>\n<\/div>\n<!-- \/module text -->        <\/div>\n                    <div  data-lazy=\"1\" class=\"module_column tb-column col4-2 tb_b06o904 last\">\n                            <\/div>\n                        <\/div>\n        <\/div>\n                        <div  data-lazy=\"1\" class=\"module_row themify_builder_row tb_c4vu902 tf_w\">\n                        <div class=\"row_inner col_align_top tb_col_count_2 tf_box tf_rel\">\n                        <div  data-lazy=\"1\" class=\"module_column tb-column col3-1 tb_gmxr905 first\">\n                    <!-- module template_part -->\n<div  class=\"module module-layout-part tb_3w4m905 \">\n    <div class=\"tb_layout_part_wrap tf_w\"><!--themify_builder_content-->\n    <div  class=\"themify_builder_content themify_builder_content-2729 themify_builder not_editable_builder in_the_loop\" data-postid=\"2729\">\n                        <div  data-lazy=\"1\" class=\"module_row themify_builder_row tb_rym8450 tf_w\">\n                        <div class=\"row_inner col_align_top tb_col_count_1 tf_box tf_rel\">\n                        <div  data-lazy=\"1\" class=\"module_column tb-column col-full tb_yiqb606 first\">\n                    <!-- module text -->\n<div  class=\"module module-text tb_w8e7641  repeat \" data-lazy=\"1\">\n        <div  class=\"tb_text_wrap\">\n        <h2>Haben Sie nach Ihrer Behandlung au\u00dferhalb unserer \u00d6ffnungszeiten noch Fragen?<\/h2>    <\/div>\n<\/div>\n<!-- \/module text --><!-- module text -->\n<div  class=\"module module-text tb_lt2b466   \" data-lazy=\"1\">\n        <div  class=\"tb_text_wrap\">\n        <h2>Wir sind von Montag bis Donnerstag zwischen 8:15 Uhr und 16:15 Uhr sowie an Freitagen zwischen 8:15 und 12:15 Uhr telefonisch erreichbar.<\/h2>    <\/div>\n<\/div>\n<!-- \/module text --><!-- module icon -->\n<div  class=\"module module-icon tb_nyyp661  normal none icon_horizontal \" data-lazy=\"1\">\n\t\t\t<div class=\"module-icon-item\">\n\t\t\t\t\t\t\t<a href=\"tel:0031384217000\">\n\t\t\t\t\t\t\t\t\t\t\t\t\t\t\t\t\t<em class=\"tf_box\"\n\t\t\t\t\t\t\t\t\t\t\t\t\t\t\t\t\t><svg  class=\"tf_fa tf-fas-phone-alt\" aria-hidden=\"true\"><use href=\"#tf-fas-phone-alt\"><\/use><\/svg><\/em>\n\t\t\t\t\t\t\t\t\t\t\t\t\t\t\t\t\t\t\t<span>+31 (0)38 - 421 7000<\/span>\n\t\t\t\t\t\t\t\t\t\t\t\t\t\t\t\t\t<\/a>\n\t\t\t\t\t<\/div>\n\t<\/div>\n<!-- \/module icon -->\n<!-- module text -->\n<div  class=\"module module-text tb_xnbn640   \" data-lazy=\"1\">\n        <div  class=\"tb_text_wrap\">\n        <h2>Au\u00dferhalb unserer \u00d6ffnungszeiten wenden Sie sich bitte an dem diensthabenden Bereitschaftsarzt.<\/h2>    <\/div>\n<\/div>\n<!-- \/module text -->        <\/div>\n                        <\/div>\n        <\/div>\n            <\/div>\n<!--\/themify_builder_content--><\/div>\n<\/div>\n<!-- \/module template_part -->        <\/div>\n                    <div  data-lazy=\"1\" class=\"module_column tb-column col3-2 tb_ww6p905 last\">\n                    <!-- module text -->\n<div  class=\"module module-text tb_uws9906   \" data-lazy=\"1\">\n        <div  class=\"tb_text_wrap\">\n        <h2 class=\"module text\">Ein Schwangerschaftsabbruch ist ein risikoarmer medizinischer Eingriff<\/h2>\n<p>Bei einem Schwangerschaftsabbruch in unserer Klinik handelt es sich um einen medizinischen Eingriff bei dem das Komplikationsrisiko besonders gering ist. In der ersten Zeit nach dem Eingriff m\u00fcssen Sie ein paar Dinge beachten.\u00a0<strong>Das Komplikationsrisiko ist direkt nach dem Schwangerschaftsabbruch<\/strong>\u00a0am h\u00f6chsten. Wir empfehlen Ihnen, sich einige Tage zu schonen und sich ausreichend auszuruhen.\u00a0 Durch die pl\u00f6tzlichen hormonellen Ver\u00e4nderungen k\u00f6nnen Sie sich m\u00fcder und unausgeglichener f\u00fchlen. Nach der Behandlung ist die K\u00f6rpertemperatur h\u00e4ufig etwas erh\u00f6ht. Sofern keine weiteren Symptome auftreten ist eine K\u00f6rpertemperatur bis 38,5\u00b0C kein Grund zur Sorge.<\/p>\n    <\/div>\n<\/div>\n<!-- \/module text --><!-- module button pro -->\n<div  id=\"tb_9xkv906\" class=\"module module-button tb_9xkv906 button-link-row_scroll  tb_default_color\" data-lazy=\"1\">\n\t\n    <a  class=\"ui builder_button tb_default_color scroll-next-row\" href=\"#\">\n\t\t<span><svg  class=\"tf_fa tf-fas-chevron-down\" aria-hidden=\"true\"><use href=\"#tf-fas-chevron-down\"><\/use><\/svg><\/span> \t\t<span><\/span>\n    <\/a>\n\n\t\n\t<\/div>\n<!-- \/module button pro -->\n        <\/div>\n                        <\/div>\n        <\/div>\n                        <div  data-css_id=\"t5er902\" data-lazy=\"1\" class=\"module_row themify_builder_row fullwidth_row_container tb_t5er902 tf_w\">\n                        <div class=\"row_inner col_align_top tb_col_count_2 tf_box tf_rel\">\n                        <div  data-lazy=\"1\" class=\"module_column tb-column col3-2 tb_hrof683 first\">\n                    <!-- module text -->\n<div  class=\"module module-text tb_tfg7683   \" data-lazy=\"1\">\n        <div  class=\"tb_text_wrap\">\n        <h2>Was erwartet Sie nach einer K\u00fcrettage?<\/h2>\n<ul>\n<li>Die Blutungen in den ersten 10 bis 14 Tagen nach dem Schwangerschaftsabbruch k\u00f6nnen stark variieren und mit Kl\u00fcmpchen und Bauchkr\u00e4mpfen einhergehen.<\/li>\n<li>H\u00e4ufig sind die Blutungen in den ersten Tagen nach der Saugk\u00fcrettage m\u00e4\u00dfig bis schwach und nehmen diese nach dem dritter Tag zu.<\/li>\n<li>Die Blutungen k\u00f6nnen bis zur n\u00e4chsten Menstruation anhalten.<\/li>\n<li>Sollte Ihnen nach der Behandlung eine Spirale eingesetzt worden sein, k\u00f6nnen die Beschwerden l\u00e4nger anhalten.<\/li>\n<\/ul>\n<p>&nbsp;<\/p>\n<h2>Was sollten Sie tun bzw. nicht tun?<\/h2>\n<ul>\n<li>In der Klinik haben Sie ein Antibiotikum bekommen (2 Tabletten Azitromycine 500 mg). Um das Infektionsrisiko zu reduzieren, sollten Sie in den ersten 10-14 Tagen nach dem Abbruch\u00a0<strong>KEINE\u00a0<\/strong>Tampons oder Menstruationstassen verwenden,\u00a0<strong>KEINEN<\/strong>\u00a0vaginalen Geschlechtsverkehr haben,\u00a0<strong>NICHT<\/strong>\u00a0schwimmen gehen und\u00a0<strong>NICHT<\/strong>\u00a0baden.<strong><br><\/strong><\/li>\n<li>Zur Schmerzlinderung k\u00f6nnen Sie Schmerzmittel nehmen (500 mg Naproxen, 400 mg Ibuprofen oder 50\u00a0mg Diclofenac). Eventuell k\u00f6nnen Sie zus\u00e4tzlich 1000 mg Paracetamol nehmen.<\/li>\n<\/ul>\n    <\/div>\n<\/div>\n<!-- \/module text --><!-- module box -->\n<div  class=\"module module-box tb_ey7l123  hide-desktop hide-tablet hide-tablet_landscape\" data-lazy=\"1\">\n    <div class=\"module-box-content ui  tb_default_color\">\n                <div class=\"tb_text_wrap\"><h2>Wann kontaktieren Sie uns?<\/h2>\n<p>Wir empfehlen Ihnen,\u00a0<strong>innerhalb der \u00d6ffnungszeiten die Klinik<\/strong>\u00a0und au\u00dferhalb dieser den\u00a0<strong>Hausarzt\/Bereitschaftsarzt<\/strong>\u00a0 zu kontaktieren, sofern:<\/p>\n<ul>\n<li>Sie Fieber bekommen (mindestens 38,5\u00a0Grad), das nach 24 Stunden nicht gesunken ist.<\/li>\n<li>Sie trotz der Einnahme oben genannter Schmerzmittel unter anhaltenden, starken Schmerzen leiden.<\/li>\n<\/ul>\n<p>&nbsp;<\/p>\n<p>Unsere Telefonnummer lautet +31 (0)38 4217000 und unsere E-Mail-Adresse ist\u00a0<a href=\"mailto:vragen@stimezo-zwolle.nl\">vragen@stimezo-zwolle.nl<\/a>.<\/p>\n<\/div>\n    <\/div>\n<\/div>\n<!-- \/module box -->\n<!-- module text -->\n<div  class=\"module module-text tb_5770288   \" data-lazy=\"1\">\n        <div  class=\"tb_text_wrap\">\n        <p>Sollten Sie noch Fragen oder Zweifel hinsichtlich Ihrer Gesundheit nach einer Saugk\u00fcrettage haben, k\u00f6nnen Sie sich jederzeit an unsere Klinik oder Ihren Hausarzt wenden.<\/p>\n<p>\u00a0<\/p>    <\/div>\n<\/div>\n<!-- \/module text -->        <\/div>\n                    <div  data-lazy=\"1\" class=\"module_column tb-column col3-1 tb_l1nz241 last\">\n                    <!-- module box -->\n<div  class=\"module module-box tb_4zbs736  hide-mobile\" data-lazy=\"1\">\n    <div class=\"module-box-content ui  tb_default_color\">\n                <div class=\"tb_text_wrap\"><h2>Wann kontaktieren Sie uns?<\/h2>\n<p>Wir empfehlen Ihnen,\u00a0<strong>innerhalb der \u00d6ffnungszeiten die Klinik<\/strong>\u00a0und au\u00dferhalb dieser den\u00a0<strong>Hausarzt\/Bereitschaftsarzt<\/strong>\u00a0 zu kontaktieren, sofern:<\/p>\n<ul>\n<li>Sie Fieber bekommen (mindestens 38,5\u00a0Grad), das nach 24 Stunden nicht gesunken ist.<\/li>\n<li>Sie trotz der Einnahme oben genannter Schmerzmittel unter anhaltenden, starken Schmerzen leiden.<\/li>\n<\/ul>\n<p>&nbsp;<\/p>\n<p>Unsere Telefonnummer lautet +31 (0)38 4217000 und unsere E-Mail-Adresse ist\u00a0<a href=\"mailto:vragen@stimezo-zwolle.nl\">vragen@stimezo-zwolle.nl<\/a>.<\/p>\n<\/div>\n    <\/div>\n<\/div>\n<!-- \/module box -->\n        <\/div>\n                        <\/div>\n        <\/div>\n        <\/div>\n<!--\/themify_builder_content-->","protected":false},"excerpt":{"rendered":"<p>Nach einer Saugk\u00fcrettage Ein Schwangerschaftsabbruch ist ein risikoarmer medizinischer Eingriff Bei einem Schwangerschaftsabbruch in unserer Klinik handelt es sich um einen medizinischen Eingriff bei dem das Komplikationsrisiko besonders gering ist. In der ersten Zeit nach dem Eingriff m\u00fcssen Sie ein paar Dinge beachten.\u00a0Das Komplikationsrisiko ist direkt nach dem Schwangerschaftsabbruch\u00a0am h\u00f6chsten. Wir empfehlen Ihnen, sich einige [&hellip;]<\/p>\n","protected":false},"author":1,"featured_media":0,"parent":0,"menu_order":0,"comment_status":"closed","ping_status":"closed","template":"","meta":{"inline_featured_image":false,"footnotes":""},"class_list":["post-2665","page","type-page","status-publish","hentry","has-post-title","has-post-date","has-post-category","has-post-tag","has-post-comment","has-post-author",""],"yoast_head":"<!-- This site is optimized with the Yoast SEO plugin v27.5 - https:\/\/yoast.com\/product\/yoast-seo-wordpress\/ -->\n<title>Nach einer Saugk\u00fcrettage - Abtreibungsklinik Stimezo Zwolle<\/title>\n<meta name=\"description\" content=\"Wat kunt u verwachten na een zuigcurettage? Wat moet u doen en wat moet u laten? Abortuskliniek Stimezo helpt bij zwangerschapsafbreking.\" \/>\n<meta name=\"robots\" content=\"index, follow, max-snippet:-1, max-image-preview:large, max-video-preview:-1\" \/>\n<link rel=\"canonical\" href=\"https:\/\/www.stimezo-zwolle.nl\/de\/nach-einer-saugkuerettage\/\" \/>\n<meta property=\"og:locale\" content=\"de_DE\" \/>\n<meta property=\"og:type\" content=\"article\" \/>\n<meta property=\"og:title\" content=\"Nach einer Saugk\u00fcrettage - Abtreibungsklinik Stimezo Zwolle\" \/>\n<meta property=\"og:description\" content=\"Wat kunt u verwachten na een zuigcurettage? Wat moet u doen en wat moet u laten? Abortuskliniek Stimezo helpt bij zwangerschapsafbreking.\" \/>\n<meta property=\"og:url\" content=\"https:\/\/www.stimezo-zwolle.nl\/de\/nach-einer-saugkuerettage\/\" \/>\n<meta property=\"og:site_name\" content=\"Abtreibungsklinik Stimezo Zwolle\" \/>\n<meta property=\"article:modified_time\" content=\"2026-02-23T14:30:03+00:00\" \/>\n<meta name=\"twitter:card\" content=\"summary_large_image\" \/>\n<meta name=\"twitter:label1\" content=\"Gesch\u00e4tzte Lesezeit\" \/>\n\t<meta name=\"twitter:data1\" content=\"2\u00a0Minuten\" \/>\n<script type=\"application\/ld+json\" class=\"yoast-schema-graph\">{\"@context\":\"https:\\\/\\\/schema.org\",\"@graph\":[{\"@type\":\"WebPage\",\"@id\":\"https:\\\/\\\/www.stimezo-zwolle.nl\\\/de\\\/nach-einer-saugkuerettage\\\/\",\"url\":\"https:\\\/\\\/www.stimezo-zwolle.nl\\\/de\\\/nach-einer-saugkuerettage\\\/\",\"name\":\"Nach einer Saugk\u00fcrettage - Abtreibungsklinik Stimezo Zwolle\",\"isPartOf\":{\"@id\":\"https:\\\/\\\/www.stimezo-zwolle.nl\\\/de\\\/#website\"},\"datePublished\":\"2021-06-28T11:50:48+00:00\",\"dateModified\":\"2026-02-23T14:30:03+00:00\",\"description\":\"Wat kunt u verwachten na een zuigcurettage? Wat moet u doen en wat moet u laten? Abortuskliniek Stimezo helpt bij zwangerschapsafbreking.\",\"breadcrumb\":{\"@id\":\"https:\\\/\\\/www.stimezo-zwolle.nl\\\/de\\\/nach-einer-saugkuerettage\\\/#breadcrumb\"},\"inLanguage\":\"de\",\"potentialAction\":[{\"@type\":\"ReadAction\",\"target\":[\"https:\\\/\\\/www.stimezo-zwolle.nl\\\/de\\\/nach-einer-saugkuerettage\\\/\"]}]},{\"@type\":\"BreadcrumbList\",\"@id\":\"https:\\\/\\\/www.stimezo-zwolle.nl\\\/de\\\/nach-einer-saugkuerettage\\\/#breadcrumb\",\"itemListElement\":[{\"@type\":\"ListItem\",\"position\":1,\"name\":\"Home\",\"item\":\"https:\\\/\\\/www.stimezo-zwolle.nl\\\/de\\\/\"},{\"@type\":\"ListItem\",\"position\":2,\"name\":\"Nach einer Saugk\u00fcrettage\"}]},{\"@type\":\"WebSite\",\"@id\":\"https:\\\/\\\/www.stimezo-zwolle.nl\\\/de\\\/#website\",\"url\":\"https:\\\/\\\/www.stimezo-zwolle.nl\\\/de\\\/\",\"name\":\"Abortuskliniek Stimezo Zwolle\",\"description\":\"Zorgt voor vrouwen\",\"publisher\":{\"@id\":\"https:\\\/\\\/www.stimezo-zwolle.nl\\\/de\\\/#organization\"},\"potentialAction\":[{\"@type\":\"SearchAction\",\"target\":{\"@type\":\"EntryPoint\",\"urlTemplate\":\"https:\\\/\\\/www.stimezo-zwolle.nl\\\/de\\\/?s={search_term_string}\"},\"query-input\":{\"@type\":\"PropertyValueSpecification\",\"valueRequired\":true,\"valueName\":\"search_term_string\"}}],\"inLanguage\":\"de\"},{\"@type\":\"Organization\",\"@id\":\"https:\\\/\\\/www.stimezo-zwolle.nl\\\/de\\\/#organization\",\"name\":\"Stimezo Zwolle\",\"url\":\"https:\\\/\\\/www.stimezo-zwolle.nl\\\/de\\\/\",\"logo\":{\"@type\":\"ImageObject\",\"inLanguage\":\"de\",\"@id\":\"https:\\\/\\\/www.stimezo-zwolle.nl\\\/de\\\/#\\\/schema\\\/logo\\\/image\\\/\",\"url\":\"https:\\\/\\\/www.stimezo-zwolle.nl\\\/wp-content\\\/uploads\\\/2021\\\/06\\\/Stimezo-logo_metslogan_RGB_transparant.png\",\"contentUrl\":\"https:\\\/\\\/www.stimezo-zwolle.nl\\\/wp-content\\\/uploads\\\/2021\\\/06\\\/Stimezo-logo_metslogan_RGB_transparant.png\",\"width\":200,\"height\":100,\"caption\":\"Stimezo Zwolle\"},\"image\":{\"@id\":\"https:\\\/\\\/www.stimezo-zwolle.nl\\\/de\\\/#\\\/schema\\\/logo\\\/image\\\/\"}}]}<\/script>\n<!-- \/ Yoast SEO plugin. -->","yoast_head_json":{"title":"Nach einer Saugk\u00fcrettage - Abtreibungsklinik Stimezo Zwolle","description":"Wat kunt u verwachten na een zuigcurettage? Wat moet u doen en wat moet u laten? Abortuskliniek Stimezo helpt bij zwangerschapsafbreking.","robots":{"index":"index","follow":"follow","max-snippet":"max-snippet:-1","max-image-preview":"max-image-preview:large","max-video-preview":"max-video-preview:-1"},"canonical":"https:\/\/www.stimezo-zwolle.nl\/de\/nach-einer-saugkuerettage\/","og_locale":"de_DE","og_type":"article","og_title":"Nach einer Saugk\u00fcrettage - Abtreibungsklinik Stimezo Zwolle","og_description":"Wat kunt u verwachten na een zuigcurettage? Wat moet u doen en wat moet u laten? Abortuskliniek Stimezo helpt bij zwangerschapsafbreking.","og_url":"https:\/\/www.stimezo-zwolle.nl\/de\/nach-einer-saugkuerettage\/","og_site_name":"Abtreibungsklinik Stimezo Zwolle","article_modified_time":"2026-02-23T14:30:03+00:00","twitter_card":"summary_large_image","twitter_misc":{"Gesch\u00e4tzte Lesezeit":"2\u00a0Minuten"},"schema":{"@context":"https:\/\/schema.org","@graph":[{"@type":"WebPage","@id":"https:\/\/www.stimezo-zwolle.nl\/de\/nach-einer-saugkuerettage\/","url":"https:\/\/www.stimezo-zwolle.nl\/de\/nach-einer-saugkuerettage\/","name":"Nach einer Saugk\u00fcrettage - Abtreibungsklinik Stimezo Zwolle","isPartOf":{"@id":"https:\/\/www.stimezo-zwolle.nl\/de\/#website"},"datePublished":"2021-06-28T11:50:48+00:00","dateModified":"2026-02-23T14:30:03+00:00","description":"Wat kunt u verwachten na een zuigcurettage? Wat moet u doen en wat moet u laten? Abortuskliniek Stimezo helpt bij zwangerschapsafbreking.","breadcrumb":{"@id":"https:\/\/www.stimezo-zwolle.nl\/de\/nach-einer-saugkuerettage\/#breadcrumb"},"inLanguage":"de","potentialAction":[{"@type":"ReadAction","target":["https:\/\/www.stimezo-zwolle.nl\/de\/nach-einer-saugkuerettage\/"]}]},{"@type":"BreadcrumbList","@id":"https:\/\/www.stimezo-zwolle.nl\/de\/nach-einer-saugkuerettage\/#breadcrumb","itemListElement":[{"@type":"ListItem","position":1,"name":"Home","item":"https:\/\/www.stimezo-zwolle.nl\/de\/"},{"@type":"ListItem","position":2,"name":"Nach einer Saugk\u00fcrettage"}]},{"@type":"WebSite","@id":"https:\/\/www.stimezo-zwolle.nl\/de\/#website","url":"https:\/\/www.stimezo-zwolle.nl\/de\/","name":"Abortuskliniek Stimezo Zwolle","description":"Zorgt voor vrouwen","publisher":{"@id":"https:\/\/www.stimezo-zwolle.nl\/de\/#organization"},"potentialAction":[{"@type":"SearchAction","target":{"@type":"EntryPoint","urlTemplate":"https:\/\/www.stimezo-zwolle.nl\/de\/?s={search_term_string}"},"query-input":{"@type":"PropertyValueSpecification","valueRequired":true,"valueName":"search_term_string"}}],"inLanguage":"de"},{"@type":"Organization","@id":"https:\/\/www.stimezo-zwolle.nl\/de\/#organization","name":"Stimezo Zwolle","url":"https:\/\/www.stimezo-zwolle.nl\/de\/","logo":{"@type":"ImageObject","inLanguage":"de","@id":"https:\/\/www.stimezo-zwolle.nl\/de\/#\/schema\/logo\/image\/","url":"https:\/\/www.stimezo-zwolle.nl\/wp-content\/uploads\/2021\/06\/Stimezo-logo_metslogan_RGB_transparant.png","contentUrl":"https:\/\/www.stimezo-zwolle.nl\/wp-content\/uploads\/2021\/06\/Stimezo-logo_metslogan_RGB_transparant.png","width":200,"height":100,"caption":"Stimezo Zwolle"},"image":{"@id":"https:\/\/www.stimezo-zwolle.nl\/de\/#\/schema\/logo\/image\/"}}]}},"_links":{"self":[{"href":"https:\/\/www.stimezo-zwolle.nl\/de\/wp-json\/wp\/v2\/pages\/2665","targetHints":{"allow":["GET"]}}],"collection":[{"href":"https:\/\/www.stimezo-zwolle.nl\/de\/wp-json\/wp\/v2\/pages"}],"about":[{"href":"https:\/\/www.stimezo-zwolle.nl\/de\/wp-json\/wp\/v2\/types\/page"}],"author":[{"embeddable":true,"href":"https:\/\/www.stimezo-zwolle.nl\/de\/wp-json\/wp\/v2\/users\/1"}],"replies":[{"embeddable":true,"href":"https:\/\/www.stimezo-zwolle.nl\/de\/wp-json\/wp\/v2\/comments?post=2665"}],"version-history":[{"count":17,"href":"https:\/\/www.stimezo-zwolle.nl\/de\/wp-json\/wp\/v2\/pages\/2665\/revisions"}],"predecessor-version":[{"id":11478,"href":"https:\/\/www.stimezo-zwolle.nl\/de\/wp-json\/wp\/v2\/pages\/2665\/revisions\/11478"}],"wp:attachment":[{"href":"https:\/\/www.stimezo-zwolle.nl\/de\/wp-json\/wp\/v2\/media?parent=2665"}],"curies":[{"name":"wp","href":"https:\/\/api.w.org\/{rel}","templated":true}]}}