{"id":2662,"date":"2021-06-28T11:44:43","date_gmt":"2021-06-28T11:44:43","guid":{"rendered":"https:\/\/stimezo.naareva.nl\/kosten-abortus\/"},"modified":"2026-02-19T17:04:15","modified_gmt":"2026-02-19T17:04:15","slug":"kosten-eines-schwangerschaftsabbruchs","status":"publish","type":"page","link":"https:\/\/www.stimezo-zwolle.nl\/de\/kosten-eines-schwangerschaftsabbruchs\/","title":{"rendered":"Kosten eines Schwangerschaftsabbruchs"},"content":{"rendered":"<!--themify_builder_content-->\n<div id=\"themify_builder_content-2662\" data-postid=\"2662\" class=\"themify_builder_content themify_builder_content-2662 themify_builder tf_clear\">\n                    <div  data-css_id=\"jtgp830\" data-lazy=\"1\" class=\"module_row themify_builder_row fullheight fullwidth_row_container tb_jtgp830 tb_first tf_w\">\n                        <div class=\"row_inner col_align_top tb_col_count_2 tf_box tf_rel\">\n                        <div  data-lazy=\"1\" class=\"module_column tb-column col4-2 tb_vb5y810 first\">\n                    <!-- module text -->\n<div  class=\"module module-text tb_i80c811   \" data-lazy=\"1\">\n        <div  class=\"tb_text_wrap\">\n        <h1>Kosten f\u00fcr eine Behandlung in einer Abtreibungsklinik<\/h1>    <\/div>\n<\/div>\n<!-- \/module text -->        <\/div>\n                    <div  data-lazy=\"1\" class=\"module_column tb-column col4-2 tb_0n9y833 last\">\n                            <\/div>\n                        <\/div>\n        <\/div>\n                        <div  data-lazy=\"1\" class=\"module_row themify_builder_row tb_nmxp830 tf_w\">\n                        <div class=\"row_inner col_align_top tb_col_count_2 tf_box tf_rel\">\n                        <div  data-lazy=\"1\" class=\"module_column tb-column col3-1 tb_exzo833 first\">\n                    <!-- module template_part -->\n<div  class=\"module module-layout-part tb_v33g834 \">\n    <div class=\"tb_layout_part_wrap tf_w\"><!--themify_builder_content-->\n    <div  class=\"themify_builder_content themify_builder_content-2647 themify_builder not_editable_builder in_the_loop\" data-postid=\"2647\">\n                        <div  data-lazy=\"1\" class=\"module_row themify_builder_row tb_z8h5968 tf_w\">\n                        <div class=\"row_inner col_align_top tb_col_count_1 tf_box tf_rel\">\n                        <div  data-lazy=\"1\" class=\"module_column tb-column col-full tb_65jk969 first\">\n                    <!-- module text -->\n<div  class=\"module module-text tb_y9k7969  repeat \" data-lazy=\"1\">\n        <div  class=\"tb_text_wrap\">\n        <h2>Einen Termin vereinbaren<\/h2>    <\/div>\n<\/div>\n<!-- \/module text --><!-- module text -->\n<div  class=\"module module-text tb_a16r970   \" data-lazy=\"1\">\n        <div  class=\"tb_text_wrap\">\n        <h2>Wir sind von Montag bis Donnerstag zwischen 8:15 Uhr und 16:15 Uhr sowie an Freitagen zwischen 8:15 und 12:15 Uhr telefonisch erreichbar.<\/h2>    <\/div>\n<\/div>\n<!-- \/module text --><!-- module icon -->\n<div  class=\"module module-icon tb_a6vq970  normal none icon_horizontal \" data-lazy=\"1\">\n\t\t\t<div class=\"module-icon-item\">\n\t\t\t\t\t\t\t<a href=\"tel:0031384217000\">\n\t\t\t\t\t\t\t\t\t\t\t\t\t\t\t\t\t<em class=\"tf_box\"\n\t\t\t\t\t\t\t\t\t\t\t\t\t\t\t\t\t><svg  class=\"tf_fa tf-fas-phone-alt\" aria-hidden=\"true\"><use href=\"#tf-fas-phone-alt\"><\/use><\/svg><\/em>\n\t\t\t\t\t\t\t\t\t\t\t\t\t\t\t\t\t\t\t<span>+31 (0)38 - 421 7000<\/span>\n\t\t\t\t\t\t\t\t\t\t\t\t\t\t\t\t\t<\/a>\n\t\t\t\t\t<\/div>\n\t<\/div>\n<!-- \/module icon -->\n<!-- module text -->\n<div  class=\"module module-text tb_0z10970  repeat \" data-lazy=\"1\">\n        <div  class=\"tb_text_wrap\">\n        <h2>Oder stellen Sie Ihre Frage \u00fcber unseren<\/h2>    <\/div>\n<\/div>\n<!-- \/module text --><!-- module icon -->\n<div  class=\"module module-icon tb_583m970  normal none icon_vertical \" data-lazy=\"1\">\n\t\t\t<div class=\"module-icon-item\">\n\t\t\t\t\t\t\t<a href=\"https:\/\/www.stimezo-zwolle.nl\/contact\/\">\n\t\t\t\t\t\t\t\t\t\t\t\t\t\t\t\t\t<em class=\"tf_boxlight-green\"\n\t\t\t\t\t\t\t\t\t\t\t\t\t\t\t\t\t><svg  class=\"tf_fa tf-fas-list-ul\" aria-hidden=\"true\"><use href=\"#tf-fas-list-ul\"><\/use><\/svg><\/em>\n\t\t\t\t\t\t\t\t\t\t\t\t\t\t\t\t\t\t\t<span>Unser Kontaktformular<\/span>\n\t\t\t\t\t\t\t\t\t\t\t\t\t\t\t\t\t<\/a>\n\t\t\t\t\t<\/div>\n\t\t\t<div class=\"module-icon-item\">\n\t\t\t\t\t\t\t<a href=\"mailto:vragen@stimezo-zwolle.nl\">\n\t\t\t\t\t\t\t\t\t\t\t\t\t\t\t\t\t<em class=\"tf_boxlight-green\"\n\t\t\t\t\t\t\t\t\t\t\t\t\t\t\t\t\t><svg  class=\"tf_fa tf-fas-envelope\" aria-hidden=\"true\"><use href=\"#tf-fas-envelope\"><\/use><\/svg><\/em>\n\t\t\t\t\t\t\t\t\t\t\t\t\t\t\t\t\t\t\t<span>vragen@stimezo-zwolle.nl<\/span>\n\t\t\t\t\t\t\t\t\t\t\t\t\t\t\t\t\t<\/a>\n\t\t\t\t\t<\/div>\n\t<\/div>\n<!-- \/module icon -->\n        <\/div>\n                        <\/div>\n        <\/div>\n            <\/div>\n<!--\/themify_builder_content--><\/div>\n<\/div>\n<!-- \/module template_part -->        <\/div>\n                    <div  data-lazy=\"1\" class=\"module_column tb-column col3-2 tb_vk8r834 last\">\n                    <!-- module text -->\n<div  class=\"module module-text tb_2wh3834   \" data-lazy=\"1\">\n        <div  class=\"tb_text_wrap\">\n        <h2>Was kostet ein Schwangerschaftsabbruch in den Niederlanden?<\/h2>\n<p>F\u00fcr Einwohner der Niederlande ist dieser Eingriff kostenlos. Die Kosten werden vom Ministerium f\u00fcr Volksgesundheit \u00fcbernommen. Wenn Sie nicht in den Niederlanden wohnen, k\u00f6nnen Sie sich in unserer Klinik \u00fcber die Kosten eines Schwangerschaftsabbruchs informieren.<\/p>    <\/div>\n<\/div>\n<!-- \/module text --><!-- module button pro -->\n<div  id=\"tb_3qz8834\" class=\"module module-button tb_3qz8834 button-link-row_scroll  tb_default_color\" data-lazy=\"1\">\n\t\n    <a  class=\"ui builder_button tb_default_color scroll-next-row\" href=\"#\">\n\t\t<span><svg  class=\"tf_fa tf-fas-chevron-down\" aria-hidden=\"true\"><use href=\"#tf-fas-chevron-down\"><\/use><\/svg><\/span> \t\t<span><\/span>\n    <\/a>\n\n\t\n\t<\/div>\n<!-- \/module button pro -->\n        <\/div>\n                        <\/div>\n        <\/div>\n                        <div  data-css_id=\"acn1830\" data-lazy=\"1\" class=\"module_row themify_builder_row fullwidth_row_container tb_acn1830 tf_w\">\n                        <div class=\"row_inner col_align_top tb_col_count_1 tf_box tf_rel\">\n                        <div  data-lazy=\"1\" class=\"module_column tb-column col-full tb_lsdx236 first\">\n                    <!-- module text -->\n<div  class=\"module module-text tb_i3v4236   \" data-lazy=\"1\">\n        <div  class=\"tb_text_wrap\">\n        <h2 style=\"text-align: center;\">Behandlungsmethoden<\/h2>    <\/div>\n<\/div>\n<!-- \/module text -->        <div  data-lazy=\"1\" class=\"module_subrow themify_builder_sub_row tf_w col_align_top tb_col_count_3 tb_umpr236\">\n                <div  data-lazy=\"1\" class=\"module_column sub_column col3-1 tb_n7i3236 first\">\n                            <\/div>\n                    <div  data-lazy=\"1\" class=\"module_column sub_column col3-1 tb_6yor237\">\n                    <!-- module image -->\n<div  class=\"module module-image tb_tufx237 image-center   tf_mw\" data-lazy=\"1\">\n        <div class=\"image-wrap tf_rel tf_mw\">\n            <a href=\"https:\/\/www.stimezo-zwolle.nl\/de\/saugkuerettage-unter-narkose\/\">\n                   <img decoding=\"async\" src=\"https:\/\/www.stimezo-zwolle.nl\/wp-content\/uploads\/2021\/06\/curretage-narcose-wit.svg\" class=\"wp-post-image wp-image-702\" title=\"K\u00fcrettage unter Narkose\" alt=\"Bis zum Ende der 13. SSW\">        <\/a>\n    \n        <\/div>\n    <!-- \/image-wrap -->\n    \n        <div class=\"image-content\">\n                    <h3 class=\"image-title\">\n                                    <a href=\"https:\/\/www.stimezo-zwolle.nl\/de\/saugkuerettage-unter-narkose\/\">\n                        K\u00fcrettage unter Narkose                    <\/a>\n                            <\/h3>\n                        <div class=\"image-caption tb_text_wrap\">\n            Bis zum Ende der 13. SSW        <\/div>\n        <!-- \/image-caption -->\n            <\/div>\n    <!-- \/image-content -->\n        <\/div>\n<!-- \/module image --><!-- module buttons -->\n<div  class=\"module module-buttons tb_l9u880 buttons-horizontal solid  \" data-lazy=\"1\">\n        <div class=\"module-buttons-item tf_in_flx\">\n                        <a href=\"https:\/\/www.stimezo-zwolle.nl\/de\/saugkuerettage-unter-narkose\/\" class=\"ui builder_button tf_in_flx light-green\" >\n                                                Weitere informationen                                        <\/a>\n                <\/div>\n            <\/div>\n<!-- \/module buttons -->\n        <\/div>\n                    <div  data-lazy=\"1\" class=\"module_column sub_column col3-1 tb_vlyj238 last\">\n                            <\/div>\n                    <\/div>\n                <\/div>\n                        <\/div>\n        <\/div>\n        <\/div>\n<!--\/themify_builder_content-->","protected":false},"excerpt":{"rendered":"<p>Kosten f\u00fcr eine Behandlung in einer Abtreibungsklinik Was kostet ein Schwangerschaftsabbruch in den Niederlanden? F\u00fcr Einwohner der Niederlande ist dieser Eingriff kostenlos. Die Kosten werden vom Ministerium f\u00fcr Volksgesundheit \u00fcbernommen. Wenn Sie nicht in den Niederlanden wohnen, k\u00f6nnen Sie sich in unserer Klinik \u00fcber die Kosten eines Schwangerschaftsabbruchs informieren. Behandlungsmethoden K\u00fcrettage unter Narkose Bis zum [&hellip;]<\/p>\n","protected":false},"author":1,"featured_media":0,"parent":0,"menu_order":0,"comment_status":"closed","ping_status":"closed","template":"","meta":{"inline_featured_image":false,"footnotes":""},"class_list":["post-2662","page","type-page","status-publish","hentry","has-post-title","has-post-date","has-post-category","has-post-tag","has-post-comment","has-post-author",""],"yoast_head":"<!-- This site is optimized with the Yoast SEO plugin v27.5 - https:\/\/yoast.com\/product\/yoast-seo-wordpress\/ -->\n<title>Kosten van abortus - abortuskliniek Stimezo - Zwolle<\/title>\n<meta name=\"description\" content=\"Welke kosten zijn verbonden aan een abortusbehandeling in een abortuskliniek? In Nederland is een zwangerschapsafbreking voor vrouwen kosteloos.\" \/>\n<meta name=\"robots\" content=\"index, follow, max-snippet:-1, max-image-preview:large, max-video-preview:-1\" \/>\n<link rel=\"canonical\" href=\"https:\/\/www.stimezo-zwolle.nl\/de\/kosten-eines-schwangerschaftsabbruchs\/\" \/>\n<meta property=\"og:locale\" content=\"de_DE\" \/>\n<meta property=\"og:type\" content=\"article\" \/>\n<meta property=\"og:title\" content=\"Kosten van abortus - abortuskliniek Stimezo - Zwolle\" \/>\n<meta property=\"og:description\" content=\"Welke kosten zijn verbonden aan een abortusbehandeling in een abortuskliniek? In Nederland is een zwangerschapsafbreking voor vrouwen kosteloos.\" \/>\n<meta property=\"og:url\" content=\"https:\/\/www.stimezo-zwolle.nl\/de\/kosten-eines-schwangerschaftsabbruchs\/\" \/>\n<meta property=\"og:site_name\" content=\"Abtreibungsklinik Stimezo Zwolle\" \/>\n<meta property=\"article:modified_time\" content=\"2026-02-19T17:04:15+00:00\" \/>\n<meta name=\"twitter:card\" content=\"summary_large_image\" \/>\n<script type=\"application\/ld+json\" class=\"yoast-schema-graph\">{\"@context\":\"https:\\\/\\\/schema.org\",\"@graph\":[{\"@type\":\"WebPage\",\"@id\":\"https:\\\/\\\/www.stimezo-zwolle.nl\\\/de\\\/kosten-eines-schwangerschaftsabbruchs\\\/\",\"url\":\"https:\\\/\\\/www.stimezo-zwolle.nl\\\/de\\\/kosten-eines-schwangerschaftsabbruchs\\\/\",\"name\":\"Kosten van abortus - abortuskliniek Stimezo - Zwolle\",\"isPartOf\":{\"@id\":\"https:\\\/\\\/www.stimezo-zwolle.nl\\\/de\\\/#website\"},\"primaryImageOfPage\":{\"@id\":\"https:\\\/\\\/www.stimezo-zwolle.nl\\\/de\\\/kosten-eines-schwangerschaftsabbruchs\\\/#primaryimage\"},\"image\":{\"@id\":\"https:\\\/\\\/www.stimezo-zwolle.nl\\\/de\\\/kosten-eines-schwangerschaftsabbruchs\\\/#primaryimage\"},\"thumbnailUrl\":\"https:\\\/\\\/www.stimezo-zwolle.nl\\\/wp-content\\\/uploads\\\/2021\\\/06\\\/curretage-narcose-wit.svg\",\"datePublished\":\"2021-06-28T11:44:43+00:00\",\"dateModified\":\"2026-02-19T17:04:15+00:00\",\"description\":\"Welke kosten zijn verbonden aan een abortusbehandeling in een abortuskliniek? In Nederland is een zwangerschapsafbreking voor vrouwen kosteloos.\",\"breadcrumb\":{\"@id\":\"https:\\\/\\\/www.stimezo-zwolle.nl\\\/de\\\/kosten-eines-schwangerschaftsabbruchs\\\/#breadcrumb\"},\"inLanguage\":\"de\",\"potentialAction\":[{\"@type\":\"ReadAction\",\"target\":[\"https:\\\/\\\/www.stimezo-zwolle.nl\\\/de\\\/kosten-eines-schwangerschaftsabbruchs\\\/\"]}]},{\"@type\":\"ImageObject\",\"inLanguage\":\"de\",\"@id\":\"https:\\\/\\\/www.stimezo-zwolle.nl\\\/de\\\/kosten-eines-schwangerschaftsabbruchs\\\/#primaryimage\",\"url\":\"https:\\\/\\\/www.stimezo-zwolle.nl\\\/wp-content\\\/uploads\\\/2021\\\/06\\\/curretage-narcose-wit.svg\",\"contentUrl\":\"https:\\\/\\\/www.stimezo-zwolle.nl\\\/wp-content\\\/uploads\\\/2021\\\/06\\\/curretage-narcose-wit.svg\"},{\"@type\":\"BreadcrumbList\",\"@id\":\"https:\\\/\\\/www.stimezo-zwolle.nl\\\/de\\\/kosten-eines-schwangerschaftsabbruchs\\\/#breadcrumb\",\"itemListElement\":[{\"@type\":\"ListItem\",\"position\":1,\"name\":\"Home\",\"item\":\"https:\\\/\\\/www.stimezo-zwolle.nl\\\/de\\\/\"},{\"@type\":\"ListItem\",\"position\":2,\"name\":\"Kosten eines Schwangerschaftsabbruchs\"}]},{\"@type\":\"WebSite\",\"@id\":\"https:\\\/\\\/www.stimezo-zwolle.nl\\\/de\\\/#website\",\"url\":\"https:\\\/\\\/www.stimezo-zwolle.nl\\\/de\\\/\",\"name\":\"Abortuskliniek Stimezo Zwolle\",\"description\":\"Zorgt voor vrouwen\",\"publisher\":{\"@id\":\"https:\\\/\\\/www.stimezo-zwolle.nl\\\/de\\\/#organization\"},\"potentialAction\":[{\"@type\":\"SearchAction\",\"target\":{\"@type\":\"EntryPoint\",\"urlTemplate\":\"https:\\\/\\\/www.stimezo-zwolle.nl\\\/de\\\/?s={search_term_string}\"},\"query-input\":{\"@type\":\"PropertyValueSpecification\",\"valueRequired\":true,\"valueName\":\"search_term_string\"}}],\"inLanguage\":\"de\"},{\"@type\":\"Organization\",\"@id\":\"https:\\\/\\\/www.stimezo-zwolle.nl\\\/de\\\/#organization\",\"name\":\"Stimezo Zwolle\",\"url\":\"https:\\\/\\\/www.stimezo-zwolle.nl\\\/de\\\/\",\"logo\":{\"@type\":\"ImageObject\",\"inLanguage\":\"de\",\"@id\":\"https:\\\/\\\/www.stimezo-zwolle.nl\\\/de\\\/#\\\/schema\\\/logo\\\/image\\\/\",\"url\":\"https:\\\/\\\/www.stimezo-zwolle.nl\\\/wp-content\\\/uploads\\\/2021\\\/06\\\/Stimezo-logo_metslogan_RGB_transparant.png\",\"contentUrl\":\"https:\\\/\\\/www.stimezo-zwolle.nl\\\/wp-content\\\/uploads\\\/2021\\\/06\\\/Stimezo-logo_metslogan_RGB_transparant.png\",\"width\":200,\"height\":100,\"caption\":\"Stimezo Zwolle\"},\"image\":{\"@id\":\"https:\\\/\\\/www.stimezo-zwolle.nl\\\/de\\\/#\\\/schema\\\/logo\\\/image\\\/\"}}]}<\/script>\n<!-- \/ Yoast SEO plugin. -->","yoast_head_json":{"title":"Kosten van abortus - abortuskliniek Stimezo - Zwolle","description":"Welke kosten zijn verbonden aan een abortusbehandeling in een abortuskliniek? In Nederland is een zwangerschapsafbreking voor vrouwen kosteloos.","robots":{"index":"index","follow":"follow","max-snippet":"max-snippet:-1","max-image-preview":"max-image-preview:large","max-video-preview":"max-video-preview:-1"},"canonical":"https:\/\/www.stimezo-zwolle.nl\/de\/kosten-eines-schwangerschaftsabbruchs\/","og_locale":"de_DE","og_type":"article","og_title":"Kosten van abortus - abortuskliniek Stimezo - Zwolle","og_description":"Welke kosten zijn verbonden aan een abortusbehandeling in een abortuskliniek? In Nederland is een zwangerschapsafbreking voor vrouwen kosteloos.","og_url":"https:\/\/www.stimezo-zwolle.nl\/de\/kosten-eines-schwangerschaftsabbruchs\/","og_site_name":"Abtreibungsklinik Stimezo Zwolle","article_modified_time":"2026-02-19T17:04:15+00:00","twitter_card":"summary_large_image","schema":{"@context":"https:\/\/schema.org","@graph":[{"@type":"WebPage","@id":"https:\/\/www.stimezo-zwolle.nl\/de\/kosten-eines-schwangerschaftsabbruchs\/","url":"https:\/\/www.stimezo-zwolle.nl\/de\/kosten-eines-schwangerschaftsabbruchs\/","name":"Kosten van abortus - abortuskliniek Stimezo - Zwolle","isPartOf":{"@id":"https:\/\/www.stimezo-zwolle.nl\/de\/#website"},"primaryImageOfPage":{"@id":"https:\/\/www.stimezo-zwolle.nl\/de\/kosten-eines-schwangerschaftsabbruchs\/#primaryimage"},"image":{"@id":"https:\/\/www.stimezo-zwolle.nl\/de\/kosten-eines-schwangerschaftsabbruchs\/#primaryimage"},"thumbnailUrl":"https:\/\/www.stimezo-zwolle.nl\/wp-content\/uploads\/2021\/06\/curretage-narcose-wit.svg","datePublished":"2021-06-28T11:44:43+00:00","dateModified":"2026-02-19T17:04:15+00:00","description":"Welke kosten zijn verbonden aan een abortusbehandeling in een abortuskliniek? In Nederland is een zwangerschapsafbreking voor vrouwen kosteloos.","breadcrumb":{"@id":"https:\/\/www.stimezo-zwolle.nl\/de\/kosten-eines-schwangerschaftsabbruchs\/#breadcrumb"},"inLanguage":"de","potentialAction":[{"@type":"ReadAction","target":["https:\/\/www.stimezo-zwolle.nl\/de\/kosten-eines-schwangerschaftsabbruchs\/"]}]},{"@type":"ImageObject","inLanguage":"de","@id":"https:\/\/www.stimezo-zwolle.nl\/de\/kosten-eines-schwangerschaftsabbruchs\/#primaryimage","url":"https:\/\/www.stimezo-zwolle.nl\/wp-content\/uploads\/2021\/06\/curretage-narcose-wit.svg","contentUrl":"https:\/\/www.stimezo-zwolle.nl\/wp-content\/uploads\/2021\/06\/curretage-narcose-wit.svg"},{"@type":"BreadcrumbList","@id":"https:\/\/www.stimezo-zwolle.nl\/de\/kosten-eines-schwangerschaftsabbruchs\/#breadcrumb","itemListElement":[{"@type":"ListItem","position":1,"name":"Home","item":"https:\/\/www.stimezo-zwolle.nl\/de\/"},{"@type":"ListItem","position":2,"name":"Kosten eines Schwangerschaftsabbruchs"}]},{"@type":"WebSite","@id":"https:\/\/www.stimezo-zwolle.nl\/de\/#website","url":"https:\/\/www.stimezo-zwolle.nl\/de\/","name":"Abortuskliniek Stimezo Zwolle","description":"Zorgt voor vrouwen","publisher":{"@id":"https:\/\/www.stimezo-zwolle.nl\/de\/#organization"},"potentialAction":[{"@type":"SearchAction","target":{"@type":"EntryPoint","urlTemplate":"https:\/\/www.stimezo-zwolle.nl\/de\/?s={search_term_string}"},"query-input":{"@type":"PropertyValueSpecification","valueRequired":true,"valueName":"search_term_string"}}],"inLanguage":"de"},{"@type":"Organization","@id":"https:\/\/www.stimezo-zwolle.nl\/de\/#organization","name":"Stimezo Zwolle","url":"https:\/\/www.stimezo-zwolle.nl\/de\/","logo":{"@type":"ImageObject","inLanguage":"de","@id":"https:\/\/www.stimezo-zwolle.nl\/de\/#\/schema\/logo\/image\/","url":"https:\/\/www.stimezo-zwolle.nl\/wp-content\/uploads\/2021\/06\/Stimezo-logo_metslogan_RGB_transparant.png","contentUrl":"https:\/\/www.stimezo-zwolle.nl\/wp-content\/uploads\/2021\/06\/Stimezo-logo_metslogan_RGB_transparant.png","width":200,"height":100,"caption":"Stimezo Zwolle"},"image":{"@id":"https:\/\/www.stimezo-zwolle.nl\/de\/#\/schema\/logo\/image\/"}}]}},"_links":{"self":[{"href":"https:\/\/www.stimezo-zwolle.nl\/de\/wp-json\/wp\/v2\/pages\/2662","targetHints":{"allow":["GET"]}}],"collection":[{"href":"https:\/\/www.stimezo-zwolle.nl\/de\/wp-json\/wp\/v2\/pages"}],"about":[{"href":"https:\/\/www.stimezo-zwolle.nl\/de\/wp-json\/wp\/v2\/types\/page"}],"author":[{"embeddable":true,"href":"https:\/\/www.stimezo-zwolle.nl\/de\/wp-json\/wp\/v2\/users\/1"}],"replies":[{"embeddable":true,"href":"https:\/\/www.stimezo-zwolle.nl\/de\/wp-json\/wp\/v2\/comments?post=2662"}],"version-history":[{"count":11,"href":"https:\/\/www.stimezo-zwolle.nl\/de\/wp-json\/wp\/v2\/pages\/2662\/revisions"}],"predecessor-version":[{"id":11335,"href":"https:\/\/www.stimezo-zwolle.nl\/de\/wp-json\/wp\/v2\/pages\/2662\/revisions\/11335"}],"wp:attachment":[{"href":"https:\/\/www.stimezo-zwolle.nl\/de\/wp-json\/wp\/v2\/media?parent=2662"}],"curies":[{"name":"wp","href":"https:\/\/api.w.org\/{rel}","templated":true}]}}