{"id":2659,"date":"2021-06-28T11:44:06","date_gmt":"2021-06-28T11:44:06","guid":{"rendered":"https:\/\/stimezo.naareva.nl\/zuigcurettage-onder-narcose\/"},"modified":"2026-02-23T14:26:44","modified_gmt":"2026-02-23T14:26:44","slug":"saugkuerettage-unter-narkose","status":"publish","type":"page","link":"https:\/\/www.stimezo-zwolle.nl\/de\/saugkuerettage-unter-narkose\/","title":{"rendered":"Saugk\u00fcrettage unter Narkose"},"content":{"rendered":"<!--themify_builder_content-->\n<div id=\"themify_builder_content-2659\" data-postid=\"2659\" class=\"themify_builder_content themify_builder_content-2659 themify_builder tf_clear\">\n                    <div  data-css_id=\"2x2e266\" data-lazy=\"1\" class=\"module_row themify_builder_row fullheight fullwidth_row_container tb_2x2e266 tb_first tf_w\">\n                        <div class=\"row_inner col_align_top tb_col_count_2 tf_box tf_rel\">\n                        <div  data-lazy=\"1\" class=\"module_column tb-column col4-2 tb_37gp989 first\">\n                    <!-- module text -->\n<div  class=\"module module-text tb_gcbp989 shadow  \" data-lazy=\"1\">\n        <div  class=\"tb_text_wrap\">\n        <h1>Saugk\u00fcrettage mit Narkose<\/h1>    <\/div>\n<\/div>\n<!-- \/module text -->        <\/div>\n                    <div  data-lazy=\"1\" class=\"module_column tb-column col4-2 tb_q1bh266 last\">\n                            <\/div>\n                        <\/div>\n        <\/div>\n                        <div  data-lazy=\"1\" class=\"module_row themify_builder_row tb_p0fw389 tf_w\">\n                        <div class=\"row_inner col_align_top tb_col_count_2 tf_box tf_rel\">\n                        <div  data-lazy=\"1\" class=\"module_column tb-column col3-1 tb_2dna390 first\">\n                    <!-- module image -->\n<div  class=\"module module-image tb_mah9518 image-top   tf_mw\" data-lazy=\"1\">\n        <div class=\"image-wrap tf_rel tf_mw\">\n            <img decoding=\"async\" src=\"https:\/\/www.stimezo-zwolle.nl\/wp-content\/uploads\/2021\/06\/curretage-narcose-1.svg\" class=\"wp-post-image wp-image-428\" title=\"curretage-narcose\" alt=\"curretage-narcose\">    \n        <\/div>\n    <!-- \/image-wrap -->\n    \n        <\/div>\n<!-- \/module image -->        <\/div>\n                    <div  data-lazy=\"1\" class=\"module_column tb-column col3-2 tb_rj5g392 last\">\n                    <!-- module text -->\n<div  class=\"module module-text tb_9wuk392   \" data-lazy=\"1\">\n        <div  class=\"tb_text_wrap\">\n        <h2>Die Behandlung<\/h2>\n<p>Bei einer Saugk\u00fcrettage mit Narkose werden Sie kurz schlafen und nichts von der Behandlung mitbekommen. Bei der so genannten peroperativen Untersuchung (Ultraschall) und dem Gespr\u00e4ch werden Sie \u00fcber alle An\u00e4sthesieanforderungen informiert. Bei s\u00e4mtlichen Gespr\u00e4chen ist ein vereidigter Dolmetscher anwesend. Diesen rufen wir am Tag Ihrer Behandlung f\u00fcr Sie an. Am Tag der Behandlung wird Ihnen der An\u00e4sthesist auch einige Fragen in Ihrer Muttersprache stellen. Auch die offiziellen Dokumente, z. B. die Behandlungsvereinbarung, die N\u00fcchternheitserkl\u00e4rung und die Informationen f\u00fcr Daheim sind in Ihrer Muttersprache verf\u00fcgbar.<\/p>\n<p>&nbsp;<\/p>\n<h2>Aufgrund der Narkose ist es notwendig, dass Sie zum Zeitpunkt der Behandlung n\u00fcchtern sind.<\/h2>\n<p>Im Falle einer Behandlung, die eine Narkose oder die Vergabe starker Schmerzmittel erforderlich machen,\u00a0<strong>m\u00fcssen Sie n\u00fcchtern<\/strong>\u00a0zu Ihrem Termin erscheinen. Das bedeutet, dass Ihr Magen leer sein muss und<\/p>\n<ul>\n<li><strong>Sie\u00a0<\/strong>6 Stunden vor der Operation nichts mehr gegessen haben.<\/li>\n<li>In den\u00a02 Stunden vor der Operation d\u00fcrfen Sie auch\u00a0NICHTS\u00a0mehr trinken. 6 bis 2 Stunden davor, ist das Trinken von Wasser, Tee oder Kaffee (ohne Milch) m\u00f6glich.<\/li>\n<li>Medikamente\u00a0bis zu 1 Stunde vor dem Termin k\u00f6nnen Sie Ihre \u00fcblichen Medikamente mit einem Schluck Wasser einnehmen.\u00a0<br>Eine AUSNAHME bilden\u00a0blutverd\u00fcnnende Mittel und Medikamente zur Behandlung von Diabetes mellitus (Zucker). Sofern Sie diese Medikamente nehmen, wenden Sie sich bitte an die Klinik.<\/li>\n<\/ul>\n    <\/div>\n<\/div>\n<!-- \/module text --><!-- module text -->\n<div  class=\"module module-text tb_wwg7501   \" data-lazy=\"1\">\n        <div  class=\"tb_text_wrap\">\n        <p><strong>Sollten Sie NICHT n\u00fcchtern sein, k\u00f6nnen Sie KEINE Narkose oder zus\u00e4tzliche Schmerzmittel bekommen.<\/strong><\/p>    <\/div>\n<\/div>\n<!-- \/module text --><!-- module video -->\n<div  class=\"module module-video tb_gi4582 video-top  \" data-lazy=\"1\">\n                    <div class=\"video-wrap-outer\">\n            <div class=\"video-wrap tf_rel tf_overflow\">\n                                    <noscript><iframe data-no-script src=\"https:\/\/www.youtube.com\/embed\/OHAE_xhOo9M?pip=1&#038;playsinline=1\" allow=\"accelerometer;encrypted-media;gyroscope;picture-in-picture;fullscreen\" class=\"tf_abs tf_w tf_h\"><\/iframe><\/noscript>\n                                <\/div>\n            <!-- \/video-wrap -->\n        <\/div>\n        <!-- \/video-wrap-outer -->\n            <\/div>\n<!-- module button pro -->\n<div  id=\"tb_kln8352\" class=\"module module-button tb_kln8352 button-link-row_scroll  tb_default_color wow\" data-tf-animation=\"bounce\" data-tf-animation_repeat=\"2\" data-lazy=\"1\">\n\t\n    <a  class=\"ui builder_button tb_default_color scroll-next-row\" href=\"#\">\n\t\t<span><svg  class=\"tf_fa tf-fas-chevron-down\" aria-hidden=\"true\"><use href=\"#tf-fas-chevron-down\"><\/use><\/svg><\/span> \t\t<span><\/span>\n    <\/a>\n\n\t\n\t<\/div>\n<!-- \/module button pro -->\n        <\/div>\n                        <\/div>\n        <\/div>\n                        <div  data-css_id=\"d616665\" data-lazy=\"1\" class=\"module_row themify_builder_row fullwidth_row_container tb_d616665 tf_w\">\n                        <div class=\"row_inner col_align_top tb_col_count_2 tf_box tf_rel\">\n                        <div  data-lazy=\"1\" class=\"module_column tb-column col3-1 tb_l1yb666 first\">\n                    <!-- module template_part -->\n<div  class=\"module module-layout-part tb_yh7r666 \">\n    <div class=\"tb_layout_part_wrap tf_w\"><!--themify_builder_content-->\n    <div  class=\"themify_builder_content themify_builder_content-2647 themify_builder not_editable_builder in_the_loop\" data-postid=\"2647\">\n                        <div  data-lazy=\"1\" class=\"module_row themify_builder_row tb_z8h5968 tf_w\">\n                        <div class=\"row_inner col_align_top tb_col_count_1 tf_box tf_rel\">\n                        <div  data-lazy=\"1\" class=\"module_column tb-column col-full tb_65jk969 first\">\n                    <!-- module text -->\n<div  class=\"module module-text tb_y9k7969  repeat \" data-lazy=\"1\">\n        <div  class=\"tb_text_wrap\">\n        <h2>Einen Termin vereinbaren<\/h2>    <\/div>\n<\/div>\n<!-- \/module text --><!-- module text -->\n<div  class=\"module module-text tb_a16r970   \" data-lazy=\"1\">\n        <div  class=\"tb_text_wrap\">\n        <h2>Wir sind von Montag bis Donnerstag zwischen 8:15 Uhr und 16:15 Uhr sowie an Freitagen zwischen 8:15 und 12:15 Uhr telefonisch erreichbar.<\/h2>    <\/div>\n<\/div>\n<!-- \/module text --><!-- module icon -->\n<div  class=\"module module-icon tb_a6vq970  normal none icon_horizontal \" data-lazy=\"1\">\n\t\t\t<div class=\"module-icon-item\">\n\t\t\t\t\t\t\t<a href=\"tel:0031384217000\">\n\t\t\t\t\t\t\t\t\t\t\t\t\t\t\t\t\t<em class=\"tf_box\"\n\t\t\t\t\t\t\t\t\t\t\t\t\t\t\t\t\t><svg  class=\"tf_fa tf-fas-phone-alt\" aria-hidden=\"true\"><use href=\"#tf-fas-phone-alt\"><\/use><\/svg><\/em>\n\t\t\t\t\t\t\t\t\t\t\t\t\t\t\t\t\t\t\t<span>+31 (0)38 - 421 7000<\/span>\n\t\t\t\t\t\t\t\t\t\t\t\t\t\t\t\t\t<\/a>\n\t\t\t\t\t<\/div>\n\t<\/div>\n<!-- \/module icon -->\n<!-- module text -->\n<div  class=\"module module-text tb_0z10970  repeat \" data-lazy=\"1\">\n        <div  class=\"tb_text_wrap\">\n        <h2>Oder stellen Sie Ihre Frage \u00fcber unseren<\/h2>    <\/div>\n<\/div>\n<!-- \/module text --><!-- module icon -->\n<div  class=\"module module-icon tb_583m970  normal none icon_vertical \" data-lazy=\"1\">\n\t\t\t<div class=\"module-icon-item\">\n\t\t\t\t\t\t\t<a href=\"https:\/\/www.stimezo-zwolle.nl\/contact\/\">\n\t\t\t\t\t\t\t\t\t\t\t\t\t\t\t\t\t<em class=\"tf_boxlight-green\"\n\t\t\t\t\t\t\t\t\t\t\t\t\t\t\t\t\t><svg  class=\"tf_fa tf-fas-list-ul\" aria-hidden=\"true\"><use href=\"#tf-fas-list-ul\"><\/use><\/svg><\/em>\n\t\t\t\t\t\t\t\t\t\t\t\t\t\t\t\t\t\t\t<span>Unser Kontaktformular<\/span>\n\t\t\t\t\t\t\t\t\t\t\t\t\t\t\t\t\t<\/a>\n\t\t\t\t\t<\/div>\n\t\t\t<div class=\"module-icon-item\">\n\t\t\t\t\t\t\t<a href=\"mailto:vragen@stimezo-zwolle.nl\">\n\t\t\t\t\t\t\t\t\t\t\t\t\t\t\t\t\t<em class=\"tf_boxlight-green\"\n\t\t\t\t\t\t\t\t\t\t\t\t\t\t\t\t\t><svg  class=\"tf_fa tf-fas-envelope\" aria-hidden=\"true\"><use href=\"#tf-fas-envelope\"><\/use><\/svg><\/em>\n\t\t\t\t\t\t\t\t\t\t\t\t\t\t\t\t\t\t\t<span>vragen@stimezo-zwolle.nl<\/span>\n\t\t\t\t\t\t\t\t\t\t\t\t\t\t\t\t\t<\/a>\n\t\t\t\t\t<\/div>\n\t<\/div>\n<!-- \/module icon -->\n        <\/div>\n                        <\/div>\n        <\/div>\n            <\/div>\n<!--\/themify_builder_content--><\/div>\n<\/div>\n<!-- \/module template_part -->        <\/div>\n                    <div  data-lazy=\"1\" class=\"module_column tb-column col3-2 tb_0bjp666 last\">\n                    <!-- module text -->\n<div  class=\"module module-text tb_09nk666   \" data-lazy=\"1\">\n        <div  class=\"tb_text_wrap\">\n        <h2>Mitnehmen<\/h2>\n<ul>\n<li>\u00dcberweisung des Hausarztes, sofern vorhanden<\/li>\n<li>Blutgruppenausweis, sofern vorhanden, aufgrund des Rhesusfaktors.<\/li>\n<li>Reisepass oder Personalausweis<\/li>\n<li>Nachthemd\/langes T-Shirt, Hausschuhe (oder Socken), zus\u00e4tzliche Unterw\u00e4sche (kein String), Bademantel.<\/li>\n<li>Monatsbinden (keine Tampons).<\/li>\n<li>Geld oder EC-Karte (Maestro), sofern Sie eine Spirale bei uns erwerben m\u00f6chten.<\/li>\n<li>Medikamente und Medikamentenaufstellung. Nehmen Sie Medikamente? Nehmen Sie diese bitte mit. Ihre Medikamentenaufstellung erhalten Sie bei Ihrer Apotheke.\u00a0<\/li>\n<\/ul>\n<p>\u00a0<\/p>\n<h2>Gehen Sie nach der Behandlung NICHT allein nach Hause<\/h2>\n<p>Wenn Sie unter Narkose behandelt wurden, d\u00fcrfen Sie\u00a0<strong>NICHT<\/strong>\u00a0allein nach Hause. In den ersten 24 Stunden nach der Behandlung unter Narkose sind Sie auch\u00a0<strong>NICHT\u00a0<\/strong>berechtigt, selbst am Verkehr teilzunehmen. Das F\u00fchren eines Fahrzeugs oder Fahrrad fahren sind\u00a0<strong>UNTERSAGT<\/strong>. Ca. 3,5 bis 4 Stunden nach der Behandlung kann Ihr Partner oder Ihre Begleitperson Sie wieder abholen.\u00a0<\/p>\n<p>\u00a0<\/p>\n<h2>Nach der Behandlung<\/h2>\n<p>Gegen Ende Ihres Klinikaufenthalts bekommen Sie ein Informationsblatt in Ihrer Muttersprache\u00a0 ausgeh\u00e4ndigt. Um das Infektionsrisiko einzud\u00e4mmen, bekommen Sie ein Antibiotikum.<\/p>\n<p>\u00a0<\/p>    <\/div>\n<\/div>\n<!-- \/module text --><!-- module buttons -->\n<div  class=\"module module-buttons tb_c5k4667 buttons-horizontal solid  \" data-lazy=\"1\">\n        <div class=\"module-buttons-item tf_in_flx\">\n                        <a href=\"https:\/\/www.stimezo-zwolle.nl\/de\/nach-einer-saugkuerettage\/\" class=\"ui builder_button tf_in_flx light-green\" >\n                                                Ausf\u00fchrliche Informationen nach der Behandlung                                        <\/a>\n                <\/div>\n            <\/div>\n<!-- \/module buttons -->\n        <\/div>\n                        <\/div>\n        <\/div>\n        <\/div>\n<!--\/themify_builder_content-->","protected":false},"excerpt":{"rendered":"<p>Saugk\u00fcrettage mit Narkose Die Behandlung Bei einer Saugk\u00fcrettage mit Narkose werden Sie kurz schlafen und nichts von der Behandlung mitbekommen. Bei der so genannten peroperativen Untersuchung (Ultraschall) und dem Gespr\u00e4ch werden Sie \u00fcber alle An\u00e4sthesieanforderungen informiert. Bei s\u00e4mtlichen Gespr\u00e4chen ist ein vereidigter Dolmetscher anwesend. Diesen rufen wir am Tag Ihrer Behandlung f\u00fcr Sie an. Am [&hellip;]<\/p>\n","protected":false},"author":1,"featured_media":0,"parent":0,"menu_order":0,"comment_status":"closed","ping_status":"closed","template":"","meta":{"inline_featured_image":false,"footnotes":""},"class_list":["post-2659","page","type-page","status-publish","hentry","has-post-title","has-post-date","has-post-category","has-post-tag","has-post-comment","has-post-author",""],"yoast_head":"<!-- This site is optimized with the Yoast SEO plugin v27.5 - https:\/\/yoast.com\/product\/yoast-seo-wordpress\/ -->\n<title>Saugk\u00fcrettage unter Narkose - Abortuskliniek Stimezo - T. 038-4217000<\/title>\n<meta name=\"description\" content=\"Een zuigcurettage is in onze kliniek ook mogelijk onder narcose. Deze wordt gegeven door een anesthesioloog.\" \/>\n<meta name=\"robots\" content=\"index, follow, max-snippet:-1, max-image-preview:large, max-video-preview:-1\" \/>\n<link rel=\"canonical\" href=\"https:\/\/www.stimezo-zwolle.nl\/de\/saugkuerettage-unter-narkose\/\" \/>\n<meta property=\"og:locale\" content=\"de_DE\" \/>\n<meta property=\"og:type\" content=\"article\" \/>\n<meta property=\"og:title\" content=\"Saugk\u00fcrettage unter Narkose - Abortuskliniek Stimezo - T. 038-4217000\" \/>\n<meta property=\"og:description\" content=\"Een zuigcurettage is in onze kliniek ook mogelijk onder narcose. Deze wordt gegeven door een anesthesioloog.\" \/>\n<meta property=\"og:url\" content=\"https:\/\/www.stimezo-zwolle.nl\/de\/saugkuerettage-unter-narkose\/\" \/>\n<meta property=\"og:site_name\" content=\"Abtreibungsklinik Stimezo Zwolle\" \/>\n<meta property=\"article:modified_time\" content=\"2026-02-23T14:26:44+00:00\" \/>\n<meta name=\"twitter:card\" content=\"summary_large_image\" \/>\n<meta name=\"twitter:label1\" content=\"Gesch\u00e4tzte Lesezeit\" \/>\n\t<meta name=\"twitter:data1\" content=\"2\u00a0Minuten\" \/>\n<script type=\"application\/ld+json\" class=\"yoast-schema-graph\">{\"@context\":\"https:\\\/\\\/schema.org\",\"@graph\":[{\"@type\":\"WebPage\",\"@id\":\"https:\\\/\\\/www.stimezo-zwolle.nl\\\/de\\\/saugkuerettage-unter-narkose\\\/\",\"url\":\"https:\\\/\\\/www.stimezo-zwolle.nl\\\/de\\\/saugkuerettage-unter-narkose\\\/\",\"name\":\"Saugk\u00fcrettage unter Narkose - Abortuskliniek Stimezo - T. 038-4217000\",\"isPartOf\":{\"@id\":\"https:\\\/\\\/www.stimezo-zwolle.nl\\\/de\\\/#website\"},\"primaryImageOfPage\":{\"@id\":\"https:\\\/\\\/www.stimezo-zwolle.nl\\\/de\\\/saugkuerettage-unter-narkose\\\/#primaryimage\"},\"image\":{\"@id\":\"https:\\\/\\\/www.stimezo-zwolle.nl\\\/de\\\/saugkuerettage-unter-narkose\\\/#primaryimage\"},\"thumbnailUrl\":\"https:\\\/\\\/www.stimezo-zwolle.nl\\\/wp-content\\\/uploads\\\/2021\\\/06\\\/curretage-narcose-1.svg\",\"datePublished\":\"2021-06-28T11:44:06+00:00\",\"dateModified\":\"2026-02-23T14:26:44+00:00\",\"description\":\"Een zuigcurettage is in onze kliniek ook mogelijk onder narcose. Deze wordt gegeven door een anesthesioloog.\",\"breadcrumb\":{\"@id\":\"https:\\\/\\\/www.stimezo-zwolle.nl\\\/de\\\/saugkuerettage-unter-narkose\\\/#breadcrumb\"},\"inLanguage\":\"de\",\"potentialAction\":[{\"@type\":\"ReadAction\",\"target\":[\"https:\\\/\\\/www.stimezo-zwolle.nl\\\/de\\\/saugkuerettage-unter-narkose\\\/\"]}]},{\"@type\":\"ImageObject\",\"inLanguage\":\"de\",\"@id\":\"https:\\\/\\\/www.stimezo-zwolle.nl\\\/de\\\/saugkuerettage-unter-narkose\\\/#primaryimage\",\"url\":\"https:\\\/\\\/www.stimezo-zwolle.nl\\\/wp-content\\\/uploads\\\/2021\\\/06\\\/curretage-narcose-1.svg\",\"contentUrl\":\"https:\\\/\\\/www.stimezo-zwolle.nl\\\/wp-content\\\/uploads\\\/2021\\\/06\\\/curretage-narcose-1.svg\"},{\"@type\":\"BreadcrumbList\",\"@id\":\"https:\\\/\\\/www.stimezo-zwolle.nl\\\/de\\\/saugkuerettage-unter-narkose\\\/#breadcrumb\",\"itemListElement\":[{\"@type\":\"ListItem\",\"position\":1,\"name\":\"Home\",\"item\":\"https:\\\/\\\/www.stimezo-zwolle.nl\\\/de\\\/\"},{\"@type\":\"ListItem\",\"position\":2,\"name\":\"Saugk\u00fcrettage unter Narkose\"}]},{\"@type\":\"WebSite\",\"@id\":\"https:\\\/\\\/www.stimezo-zwolle.nl\\\/de\\\/#website\",\"url\":\"https:\\\/\\\/www.stimezo-zwolle.nl\\\/de\\\/\",\"name\":\"Abortuskliniek Stimezo Zwolle\",\"description\":\"Zorgt voor vrouwen\",\"publisher\":{\"@id\":\"https:\\\/\\\/www.stimezo-zwolle.nl\\\/de\\\/#organization\"},\"potentialAction\":[{\"@type\":\"SearchAction\",\"target\":{\"@type\":\"EntryPoint\",\"urlTemplate\":\"https:\\\/\\\/www.stimezo-zwolle.nl\\\/de\\\/?s={search_term_string}\"},\"query-input\":{\"@type\":\"PropertyValueSpecification\",\"valueRequired\":true,\"valueName\":\"search_term_string\"}}],\"inLanguage\":\"de\"},{\"@type\":\"Organization\",\"@id\":\"https:\\\/\\\/www.stimezo-zwolle.nl\\\/de\\\/#organization\",\"name\":\"Stimezo Zwolle\",\"url\":\"https:\\\/\\\/www.stimezo-zwolle.nl\\\/de\\\/\",\"logo\":{\"@type\":\"ImageObject\",\"inLanguage\":\"de\",\"@id\":\"https:\\\/\\\/www.stimezo-zwolle.nl\\\/de\\\/#\\\/schema\\\/logo\\\/image\\\/\",\"url\":\"https:\\\/\\\/www.stimezo-zwolle.nl\\\/wp-content\\\/uploads\\\/2021\\\/06\\\/Stimezo-logo_metslogan_RGB_transparant.png\",\"contentUrl\":\"https:\\\/\\\/www.stimezo-zwolle.nl\\\/wp-content\\\/uploads\\\/2021\\\/06\\\/Stimezo-logo_metslogan_RGB_transparant.png\",\"width\":200,\"height\":100,\"caption\":\"Stimezo Zwolle\"},\"image\":{\"@id\":\"https:\\\/\\\/www.stimezo-zwolle.nl\\\/de\\\/#\\\/schema\\\/logo\\\/image\\\/\"}}]}<\/script>\n<!-- \/ Yoast SEO plugin. -->","yoast_head_json":{"title":"Saugk\u00fcrettage unter Narkose - Abortuskliniek Stimezo - T. 038-4217000","description":"Een zuigcurettage is in onze kliniek ook mogelijk onder narcose. Deze wordt gegeven door een anesthesioloog.","robots":{"index":"index","follow":"follow","max-snippet":"max-snippet:-1","max-image-preview":"max-image-preview:large","max-video-preview":"max-video-preview:-1"},"canonical":"https:\/\/www.stimezo-zwolle.nl\/de\/saugkuerettage-unter-narkose\/","og_locale":"de_DE","og_type":"article","og_title":"Saugk\u00fcrettage unter Narkose - Abortuskliniek Stimezo - T. 038-4217000","og_description":"Een zuigcurettage is in onze kliniek ook mogelijk onder narcose. Deze wordt gegeven door een anesthesioloog.","og_url":"https:\/\/www.stimezo-zwolle.nl\/de\/saugkuerettage-unter-narkose\/","og_site_name":"Abtreibungsklinik Stimezo Zwolle","article_modified_time":"2026-02-23T14:26:44+00:00","twitter_card":"summary_large_image","twitter_misc":{"Gesch\u00e4tzte Lesezeit":"2\u00a0Minuten"},"schema":{"@context":"https:\/\/schema.org","@graph":[{"@type":"WebPage","@id":"https:\/\/www.stimezo-zwolle.nl\/de\/saugkuerettage-unter-narkose\/","url":"https:\/\/www.stimezo-zwolle.nl\/de\/saugkuerettage-unter-narkose\/","name":"Saugk\u00fcrettage unter Narkose - Abortuskliniek Stimezo - T. 038-4217000","isPartOf":{"@id":"https:\/\/www.stimezo-zwolle.nl\/de\/#website"},"primaryImageOfPage":{"@id":"https:\/\/www.stimezo-zwolle.nl\/de\/saugkuerettage-unter-narkose\/#primaryimage"},"image":{"@id":"https:\/\/www.stimezo-zwolle.nl\/de\/saugkuerettage-unter-narkose\/#primaryimage"},"thumbnailUrl":"https:\/\/www.stimezo-zwolle.nl\/wp-content\/uploads\/2021\/06\/curretage-narcose-1.svg","datePublished":"2021-06-28T11:44:06+00:00","dateModified":"2026-02-23T14:26:44+00:00","description":"Een zuigcurettage is in onze kliniek ook mogelijk onder narcose. Deze wordt gegeven door een anesthesioloog.","breadcrumb":{"@id":"https:\/\/www.stimezo-zwolle.nl\/de\/saugkuerettage-unter-narkose\/#breadcrumb"},"inLanguage":"de","potentialAction":[{"@type":"ReadAction","target":["https:\/\/www.stimezo-zwolle.nl\/de\/saugkuerettage-unter-narkose\/"]}]},{"@type":"ImageObject","inLanguage":"de","@id":"https:\/\/www.stimezo-zwolle.nl\/de\/saugkuerettage-unter-narkose\/#primaryimage","url":"https:\/\/www.stimezo-zwolle.nl\/wp-content\/uploads\/2021\/06\/curretage-narcose-1.svg","contentUrl":"https:\/\/www.stimezo-zwolle.nl\/wp-content\/uploads\/2021\/06\/curretage-narcose-1.svg"},{"@type":"BreadcrumbList","@id":"https:\/\/www.stimezo-zwolle.nl\/de\/saugkuerettage-unter-narkose\/#breadcrumb","itemListElement":[{"@type":"ListItem","position":1,"name":"Home","item":"https:\/\/www.stimezo-zwolle.nl\/de\/"},{"@type":"ListItem","position":2,"name":"Saugk\u00fcrettage unter Narkose"}]},{"@type":"WebSite","@id":"https:\/\/www.stimezo-zwolle.nl\/de\/#website","url":"https:\/\/www.stimezo-zwolle.nl\/de\/","name":"Abortuskliniek Stimezo Zwolle","description":"Zorgt voor vrouwen","publisher":{"@id":"https:\/\/www.stimezo-zwolle.nl\/de\/#organization"},"potentialAction":[{"@type":"SearchAction","target":{"@type":"EntryPoint","urlTemplate":"https:\/\/www.stimezo-zwolle.nl\/de\/?s={search_term_string}"},"query-input":{"@type":"PropertyValueSpecification","valueRequired":true,"valueName":"search_term_string"}}],"inLanguage":"de"},{"@type":"Organization","@id":"https:\/\/www.stimezo-zwolle.nl\/de\/#organization","name":"Stimezo Zwolle","url":"https:\/\/www.stimezo-zwolle.nl\/de\/","logo":{"@type":"ImageObject","inLanguage":"de","@id":"https:\/\/www.stimezo-zwolle.nl\/de\/#\/schema\/logo\/image\/","url":"https:\/\/www.stimezo-zwolle.nl\/wp-content\/uploads\/2021\/06\/Stimezo-logo_metslogan_RGB_transparant.png","contentUrl":"https:\/\/www.stimezo-zwolle.nl\/wp-content\/uploads\/2021\/06\/Stimezo-logo_metslogan_RGB_transparant.png","width":200,"height":100,"caption":"Stimezo Zwolle"},"image":{"@id":"https:\/\/www.stimezo-zwolle.nl\/de\/#\/schema\/logo\/image\/"}}]}},"_links":{"self":[{"href":"https:\/\/www.stimezo-zwolle.nl\/de\/wp-json\/wp\/v2\/pages\/2659","targetHints":{"allow":["GET"]}}],"collection":[{"href":"https:\/\/www.stimezo-zwolle.nl\/de\/wp-json\/wp\/v2\/pages"}],"about":[{"href":"https:\/\/www.stimezo-zwolle.nl\/de\/wp-json\/wp\/v2\/types\/page"}],"author":[{"embeddable":true,"href":"https:\/\/www.stimezo-zwolle.nl\/de\/wp-json\/wp\/v2\/users\/1"}],"replies":[{"embeddable":true,"href":"https:\/\/www.stimezo-zwolle.nl\/de\/wp-json\/wp\/v2\/comments?post=2659"}],"version-history":[{"count":15,"href":"https:\/\/www.stimezo-zwolle.nl\/de\/wp-json\/wp\/v2\/pages\/2659\/revisions"}],"predecessor-version":[{"id":11466,"href":"https:\/\/www.stimezo-zwolle.nl\/de\/wp-json\/wp\/v2\/pages\/2659\/revisions\/11466"}],"wp:attachment":[{"href":"https:\/\/www.stimezo-zwolle.nl\/de\/wp-json\/wp\/v2\/media?parent=2659"}],"curies":[{"name":"wp","href":"https:\/\/api.w.org\/{rel}","templated":true}]}}